{"id":220,"date":"2024-07-05T12:03:43","date_gmt":"2024-07-05T03:03:43","guid":{"rendered":"https:\/\/aquagreen-eternal.com\/?page_id=220"},"modified":"2026-05-01T10:51:00","modified_gmt":"2026-05-01T01:51:00","slug":"heat-recycle","status":"publish","type":"page","link":"https:\/\/aquagreen-eternal.com\/pt\/heat-recycle\/","title":{"rendered":"Sistema de recupera\u00e7\u00e3o de calor"},"content":{"rendered":"<div class=\"brz-root__container brz-reset-all brz\">\n<section id=\"_rZ3LyPGhz2ib\" class=\"brz-section brz-css-kKEak brz-css-xWmwW\">\n<div class=\"brz-section__content brz-section--boxed brz-css-cZCfK brz-css-swul9\" data-brz-custom-id=\"pUWQFmwrIIrg\">\n<div class=\"brz-bg\">\n<div class=\"brz-bg-color\"><\/div>\n<\/div>\n<div class=\"brz-container brz-css-eY6Pc\">\n<div id=\"\" class=\"brz-css-kx6te brz-wrapper\">\n<div class=\"brz-rich-text brz-rich-text__custom brz-css-eqLEM\" data-brz-custom-id=\"qQSfShzwhpfK\">\n<div data-brz-translate-text=\"1\">\n<h1 class=\"brz-tp-lg-heading1 brz-text-lg-center brz-css-dQeGP\" data-generated-css=\"brz-css-ye9QB\" data-uniq-id=\"q4CCY\"><strong class=\"brz-cp-color7\">Sistema de recupera\u00e7\u00e3o de calor<\/strong><\/h1>\n<\/div>\n<\/div>\n<\/div>\n<\/div>\n<\/div>\n<\/section>\n<section id=\"_h6lXQDkZMDcH\" class=\"brz-section brz-css-kKEak\">\n<div class=\"brz-section__content brz-section--boxed brz-css-cZCfK\" data-brz-custom-id=\"tc_eT3Btnr_E\">\n<div class=\"brz-container brz-css-eY6Pc brz-css-yznXg\">\n<div id=\"\" class=\"brz-css-kx6te brz-wrapper\">\n<div class=\"brz-rich-text brz-rich-text__custom brz-css-eqLEM\" data-brz-custom-id=\"dlIIIb6zWesr\">\n<div data-brz-translate-text=\"1\">\n<p class=\"brz-tp-lg-paragraph brz-text-lg-justify brz-css-jlJHB\" data-generated-css=\"brz-css-iFC0E\" data-uniq-id=\"pK730\"><span class=\"brz-cp-color7\">Os Objetivos de Desenvolvimento Sustent\u00e1vel (ODS), estabelecidos pelas Na\u00e7\u00f5es Unidas em 2015, definem 17 metas para criar um futuro melhor, protegendo nossas vidas e o planeta. Quest\u00f5es ambientais e energ\u00e9ticas s\u00e3o uma delas, sendo o s\u00e9timo objetivo &quot;Energia Acess\u00edvel e Limpa&quot;. Al\u00e9m disso, os pre\u00e7os da eletricidade continuam a subir devido \u00e0 situa\u00e7\u00e3o na Ucr\u00e2nia, ao aumento vertiginoso dos pre\u00e7os de importa\u00e7\u00e3o do g\u00e1s natural liquefeito (GNL) e ao fechamento e desativa\u00e7\u00e3o de usinas de gera\u00e7\u00e3o de energia.<\/span><\/p>\n<p class=\"brz-tp-lg-paragraph brz-text-lg-justify brz-css-hArza\" data-generated-css=\"brz-css-icseT\" data-uniq-id=\"rpCtX\"><span class=\"brz-cp-color7\">Nossa empresa atua em neg\u00f3cios que contribuem para a solu\u00e7\u00e3o de problemas ambientais e para a economia de energia. Um exemplo disso \u00e9 a utiliza\u00e7\u00e3o do calor residual gerado pelas f\u00e1bricas.<\/span><\/p>\n<p class=\"brz-tp-lg-paragraph brz-text-lg-justify brz-css-t6u2v\" data-generated-css=\"brz-css-pK2qC\" data-uniq-id=\"zVFAX\"><span class=\"brz-cp-color7\">As f\u00e1bricas geram diversos tipos de calor residual. Embora a recupera\u00e7\u00e3o desse calor seja dif\u00edcil devido ao pequeno tamanho de cada linha individual, nossa empresa realiza o projeto e a implementa\u00e7\u00e3o at\u00e9 mesmo de projetos de pequena escala.<\/span><\/p>\n<p class=\"brz-tp-lg-paragraph brz-text-lg-justify brz-css-ri5Xx\" data-generated-css=\"brz-css-eyQNc\" data-uniq-id=\"l6rK6\"><span class=\"brz-cp-color7\">Aqui est\u00e3o alguns exemplos representativos.<\/span><\/p>\n<\/div>\n<\/div>\n<\/div>\n<\/div>\n<\/div>\n<\/section>\n<section id=\"_mjZffMFPMoH7\" class=\"brz-section brz-css-kKEak\">\n<div class=\"brz-section__content brz-section--boxed brz-css-cZCfK brz-css-qvSFE\" data-brz-custom-id=\"uh8noxgf0jZH\">\n<div class=\"brz-container brz-css-eY6Pc brz-css-sbZhJ\">\n<div id=\"\" class=\"brz-css-kx6te brz-wrapper\">\n<div class=\"brz-rich-text brz-rich-text__custom brz-css-eqLEM\" data-brz-custom-id=\"kIeTkWRJtjAz\">\n<div data-brz-translate-text=\"1\">\n<h2 class=\"brz-tp-lg-heading2 brz-css-uCOL2\" data-generated-css=\"brz-css-chkbC\" data-uniq-id=\"bP4sx\"><span class=\"brz-cp-color7\">Aproveitamento do calor residual dos compressores<\/span><\/h2>\n<\/div>\n<\/div>\n<\/div>\n<div id=\"\" class=\"brz-css-kx6te brz-wrapper\">\n<div class=\"brz-line brz-line-default brz-css-em8FA brz-css-wl_1P\" data-brz-custom-id=\"ieTtBrIzqb0S\">\n<hr class=\"brz-hr\"><\/div>\n<\/div>\n<div id=\"\" class=\"brz-css-kx6te brz-wrapper\">\n<div class=\"brz-rich-text brz-rich-text__custom brz-css-eqLEM\" data-brz-custom-id=\"a5oWkdmy6jHa\">\n<div data-brz-translate-text=\"1\">\n<p class=\"brz-tp-lg-paragraph brz-text-lg-justify brz-css-ap5Il\" data-generated-css=\"brz-css-d9M1S\" data-uniq-id=\"ff5di\"><span class=\"brz-cp-color7\">Os compressores instalados em instala\u00e7\u00f5es como f\u00e1bricas liberam constantemente calor residual a cerca de 70 \u00b0C, que \u00e9 dissipado para o exterior para evitar o superaquecimento do compressor. Nosso projeto incorpora um trocador de calor tipo radiador que converte esse calor em \u00e1gua quente para uso em aquecimento.<\/span><\/p>\n<\/div>\n<\/div>\n<\/div>\n<div id=\"\" class=\"brz-css-kx6te brz-wrapper\">\n<div class=\"brz-image brz-css-gi0OR\" data-brz-custom-id=\"pNmYxDUrVegl\"><img decoding=\"async\" class=\"brz-img\" src=\"https:\/\/aquagreen-eternal.com\/wp-content\/uploads\/brizy\/imgs\/hhh-749x331x0x0x749x331x1720416736.png\" alt=\"\" loading=\"lazy\"><\/div>\n<\/div>\n<\/div>\n<\/div>\n<\/section>\n<section id=\"_s1YlpHiDzsJZ\" class=\"brz-section brz-css-kKEak\">\n<div class=\"brz-section__content brz-section--boxed brz-css-cZCfK brz-css-sJ9_j\" data-brz-custom-id=\"ljrjsuoZqVnb\">\n<div class=\"brz-container brz-css-eY6Pc brz-css-qd9HF\">\n<div id=\"\" class=\"brz-css-kx6te brz-wrapper\">\n<div class=\"brz-rich-text brz-rich-text__custom brz-css-eqLEM\" data-brz-custom-id=\"gWzj8OT3H9wj\">\n<div data-brz-translate-text=\"1\">\n<h2 class=\"brz-tp-lg-heading2 brz-css-mBthm\" data-generated-css=\"brz-css-tqWWC\" data-uniq-id=\"eTnf8\"><span class=\"brz-cp-color7\">Utiliza\u00e7\u00e3o dos gases de escape da combust\u00e3o da caldeira<\/span><\/h2>\n<\/div>\n<\/div>\n<\/div>\n<div id=\"\" class=\"brz-css-kx6te brz-wrapper\">\n<div class=\"brz-line brz-line-default brz-css-em8FA brz-css-zAVEr\" data-brz-custom-id=\"eIYVGAutZZUz\">\n<hr class=\"brz-hr\"><\/div>\n<\/div>\n<div id=\"\" class=\"brz-css-kx6te brz-wrapper\">\n<div class=\"brz-rich-text brz-rich-text__custom brz-css-eqLEM\" data-brz-custom-id=\"mfewYbAwn096\">\n<div data-brz-translate-text=\"1\">\n<p class=\"brz-tp-lg-paragraph brz-text-lg-justify brz-css-wX33C\" data-generated-css=\"brz-css-qEie3\" data-uniq-id=\"bEZ__\"><span class=\"brz-cp-color7\">O calor residual da caldeira atinge temperaturas superiores a 300 \u00b0C. Semelhante ao calor residual do compressor, este pode ser convertido em \u00e1gua quente utilizando o nosso permutador de calor tipo radiador, ou recuperado aquecendo-o a uma temperatura ainda mais elevada atrav\u00e9s de um fluido de transfer\u00eancia de calor. O calor recuperado pode ser utilizado para aquecimento ou para aquecer a \u00e1gua de alimenta\u00e7\u00e3o da caldeira. Alternativamente, \u00e9 poss\u00edvel modificar a caldeira para que este calor residual retorne \u00e0 entrada de combust\u00e3o, melhorando assim a efici\u00eancia da combust\u00e3o.<\/span><\/p>\n<\/div>\n<\/div>\n<\/div>\n<div id=\"\" class=\"brz-css-kx6te brz-wrapper\">\n<div class=\"brz-image brz-css-dCD_0\" data-brz-custom-id=\"caMR9NC9CmCT\"><img decoding=\"async\" class=\"brz-img\" src=\"https:\/\/aquagreen-eternal.com\/wp-content\/uploads\/brizy\/imgs\/ddddd-749x535x0x0x749x535x1720416805.png\" alt=\"\" loading=\"lazy\"><\/div>\n<\/div>\n<\/div>\n<\/div>\n<\/section>\n<section id=\"_eP_jJbKOjpY1\" class=\"brz-section brz-css-kKEak\">\n<div class=\"brz-section__content brz-section--boxed brz-css-cZCfK brz-css-of6yl\" data-brz-custom-id=\"gkttGmQW61tf\">\n<div class=\"brz-container brz-css-eY6Pc brz-css-y1gQ6\">\n<div id=\"\" class=\"brz-css-kx6te brz-wrapper\">\n<div class=\"brz-rich-text brz-rich-text__custom brz-css-eqLEM\" data-brz-custom-id=\"b45wC5eVJlsO\">\n<div data-brz-translate-text=\"1\">\n<h2 class=\"brz-tp-lg-heading2 brz-css-t6mif\" data-generated-css=\"brz-css-rOirE\" data-uniq-id=\"r3AEB\"><span class=\"brz-cp-color7\">Recupera\u00e7\u00e3o de calor da \u00e1gua de purga dos tubos da caldeira e da \u00e1gua termal.<\/span><\/h2>\n<\/div>\n<\/div>\n<\/div>\n<div id=\"\" class=\"brz-css-kx6te brz-wrapper\">\n<div class=\"brz-line brz-line-default brz-css-em8FA brz-css-zMKz0\" data-brz-custom-id=\"elB4sGje2z23\">\n<hr class=\"brz-hr\"><\/div>\n<\/div>\n<div id=\"\" class=\"brz-css-kx6te brz-wrapper\">\n<div class=\"brz-rich-text brz-rich-text__custom brz-css-eqLEM\" data-brz-custom-id=\"v0En53akyt11\">\n<div data-brz-translate-text=\"1\">\n<p class=\"brz-tp-lg-paragraph brz-text-lg-justify brz-css-mS_xR\" data-generated-css=\"brz-css-nGLIv\" data-uniq-id=\"nzMkC\"><span class=\"brz-cp-color7\">Embora a recupera\u00e7\u00e3o de calor seja normalmente realizada no condensado de vapor, geralmente n\u00e3o \u00e9 feita na \u00e1gua de purga dos tubos da caldeira, pois causa cristaliza\u00e7\u00e3o. No entanto, nosso trocador de calor do tipo n\u00e3o-rel\u00f3gio, compat\u00edvel com lama, possibilita a recupera\u00e7\u00e3o de calor, evitando a forma\u00e7\u00e3o de incrusta\u00e7\u00f5es.<\/span><\/p>\n<p class=\"brz-tp-lg-paragraph brz-text-lg-justify brz-css-sOa2M\" data-generated-css=\"brz-css-x9OMV\" data-uniq-id=\"vMH5Z\"><span class=\"brz-cp-color7\">Outro m\u00e9todo mais simples envolve o uso de um tubo flex\u00edvel de a\u00e7o inoxid\u00e1vel enrolado dentro de um tanque de a\u00e7o inoxid\u00e1vel. A troca de calor com esse tubo permite a f\u00e1cil limpeza de incrusta\u00e7\u00f5es por meio de lavagem de alta press\u00e3o, e tamb\u00e9m podemos propor esse m\u00e9todo. Al\u00e9m disso, propomos esse m\u00e9todo para a recupera\u00e7\u00e3o de calor de fontes termais.<\/span><\/p>\n<\/div>\n<\/div>\n<\/div>\n<div id=\"\" class=\"brz-css-kx6te brz-wrapper\">\n<div class=\"brz-image brz-css-ckQcJ\" data-brz-custom-id=\"umWIOjxAP1V1\"><img decoding=\"async\" class=\"brz-img\" src=\"https:\/\/aquagreen-eternal.com\/wp-content\/uploads\/brizy\/imgs\/eee-655x390x0x0x655x390x1720416857.png\" alt=\"\" loading=\"lazy\"><\/div>\n<\/div>\n<\/div>\n<\/div>\n<\/section>\n<section id=\"_wUsGaoU_UsVx\" class=\"brz-section brz-css-kKEak\">\n<div class=\"brz-section__content brz-section--boxed brz-css-cZCfK brz-css-dxrCV\" data-brz-custom-id=\"tW1NL4S_Mf7r\">\n<div class=\"brz-container brz-css-eY6Pc brz-css-ieCdX\">\n<div id=\"\" class=\"brz-css-kx6te brz-wrapper\">\n<div class=\"brz-rich-text brz-rich-text__custom brz-css-eqLEM\" data-brz-custom-id=\"dOcytxGkTplc\">\n<div data-brz-translate-text=\"1\">\n<h2 class=\"brz-tp-lg-heading2 brz-css-qSZch\" data-generated-css=\"brz-css-aV0Ba\" data-uniq-id=\"yRZTi\"><span class=\"brz-cp-color7\">Recupera\u00e7\u00e3o de calor de secadores<\/span><\/h2>\n<\/div>\n<\/div>\n<\/div>\n<div id=\"\" class=\"brz-css-kx6te brz-wrapper\">\n<div class=\"brz-line brz-line-default brz-css-em8FA brz-css-kMa0p\" data-brz-custom-id=\"ytC5GchkwJyJ\">\n<hr class=\"brz-hr\"><\/div>\n<\/div>\n<div id=\"\" class=\"brz-css-kx6te brz-wrapper\">\n<div class=\"brz-rich-text brz-rich-text__custom brz-css-eqLEM\" data-brz-custom-id=\"aC_78wzA9aeg\">\n<div data-brz-translate-text=\"1\">\n<p class=\"brz-tp-lg-paragraph brz-text-lg-justify brz-css-dnT1Q\" data-generated-css=\"brz-css-nSeU_\" data-uniq-id=\"bQkAU\"><span class=\"brz-cp-color7\">Para recupera\u00e7\u00e3o de calor em secadores a v\u00e1cuo, \u00e9 poss\u00edvel recuperar aproximadamente 70% de calor utilizando uma bomba de calor, e podemos oferecer essa solu\u00e7\u00e3o.<\/span><\/p>\n<p class=\"brz-tp-lg-paragraph brz-text-lg-justify brz-css-pzHYn\" data-generated-css=\"brz-css-slXUQ\" data-uniq-id=\"k6aUm\"><span class=\"brz-cp-color7\">Na secagem com ar quente, o calor liberado pelo ar \u00e9 geralmente recuperado por meio de um trocador de calor. No entanto, isso recupera apenas o calor sens\u00edvel, resultando em uma taxa de recupera\u00e7\u00e3o de calor de apenas cerca de 151 TP3T. Nossa empresa possui um sistema que permite a recupera\u00e7\u00e3o do calor latente por meio da disposi\u00e7\u00e3o de trocadores de calor em m\u00faltiplos est\u00e1gios. Al\u00e9m disso, utilizando nossa tecnologia que explora o fen\u00f4meno de Foehn, para a qual detemos direitos exclusivos de patente, tamb\u00e9m podemos recuperar o calor latente, elevando a taxa de recupera\u00e7\u00e3o de calor para perto de 701 TP3T.<\/span><\/p>\n<p class=\"brz-tp-lg-paragraph brz-text-lg-justify brz-css-pYPat\" data-generated-css=\"brz-css-f_xYM\" data-uniq-id=\"f1XgC\"><span class=\"brz-cp-color7\">Estamos buscando parcerias com empresas que possam manter a confidencialidade em rela\u00e7\u00e3o a essa tecnologia especial que utiliza o fen\u00f4meno de Foehn. Entre em contato conosco para obter mais informa\u00e7\u00f5es.<\/span><\/p>\n<\/div>\n<\/div>\n<\/div>\n<\/div>\n<\/div>\n<\/section>\n<section id=\"_eZc7RYBmFMl5\" class=\"brz-section brz-css-kKEak\">\n<div class=\"brz-section__content brz-section--boxed brz-css-cZCfK brz-css-aWBwt\" data-brz-custom-id=\"kLzJEUVnbSwG\">\n<div class=\"brz-container brz-css-eY6Pc brz-css-rflXz\">\n<div id=\"\" class=\"brz-css-kx6te brz-wrapper\">\n<div class=\"brz-rich-text brz-rich-text__custom brz-css-eqLEM\" data-brz-custom-id=\"rLTppek_vqdr\">\n<div data-brz-translate-text=\"1\">\n<h2 class=\"brz-tp-lg-heading2 brz-css-vR5us\" data-generated-css=\"brz-css-gMYY0\" data-uniq-id=\"cYmS9\"><span class=\"brz-cp-color7\">Recupera\u00e7\u00e3o de calor de \u00e1guas residuais (sistema de troca de calor com zero contamina\u00e7\u00e3o)<\/span><\/h2>\n<\/div>\n<\/div>\n<\/div>\n<div id=\"\" class=\"brz-css-kx6te brz-wrapper\">\n<div class=\"brz-line brz-line-default brz-css-em8FA brz-css-u34NA\" data-brz-custom-id=\"cvSOpGq69_EI\">\n<hr class=\"brz-hr\"><\/div>\n<\/div>\n<div id=\"\" class=\"brz-css-kx6te brz-wrapper\">\n<div class=\"brz-rich-text brz-rich-text__custom brz-css-eqLEM\" data-brz-custom-id=\"fYE8JMKSKvWS\">\n<div data-brz-translate-text=\"1\">\n<p class=\"brz-tp-lg-paragraph brz-text-lg-justify brz-css-lmobQ\" data-generated-css=\"brz-css-tYPGS\" data-uniq-id=\"zndYJ\"><span class=\"brz-cp-color7\">As f\u00e1bricas de processamento de alimentos e instala\u00e7\u00f5es similares frequentemente possuem processos de aquecimento e esteriliza\u00e7\u00e3o que excedem 100 \u00b0C. Na recupera\u00e7\u00e3o de calor das \u00e1guas residuais, geralmente s\u00e3o utilizados trocadores de calor de placas. No entanto, se ocorrerem rachaduras ou vazamentos nas partes met\u00e1licas do trocador de calor, existe a possibilidade de contaminantes entrarem na linha de produ\u00e7\u00e3o juntamente com o calor recuperado. Portanto, os casos em que a recupera\u00e7\u00e3o de calor pode ser realizada s\u00e3o limitados.<\/span><\/p>\n<p class=\"brz-tp-lg-paragraph brz-text-lg-justify brz-css-nfVqC\" data-generated-css=\"brz-css-c_HIb\" data-uniq-id=\"saelr\"><span class=\"brz-cp-color7\">No entanto, por meio do desenvolvimento conjunto com uma grande f\u00e1brica de processamento de alimentos, nossa empresa conseguiu desenvolver um trocador de calor com zero contamina\u00e7\u00e3o, que elimina a contamina\u00e7\u00e3o criando uma camada de ar entre os trocadores de calor.<\/span><\/p>\n<\/div>\n<\/div>\n<\/div>\n<div id=\"\" class=\"brz-css-kx6te brz-wrapper\">\n<div class=\"brz-image brz-css-kgdBL\" data-brz-custom-id=\"zBXd5FKwbfQT\"><img decoding=\"async\" class=\"brz-img\" src=\"https:\/\/aquagreen-eternal.com\/wp-content\/uploads\/brizy\/imgs\/ffff-936x334x0x0x936x334x1720416945.png\" alt=\"\" loading=\"lazy\"><\/div>\n<\/div>\n<\/div>\n<\/div>\n<\/section>\n<section id=\"_n9e6Gq3DZ1tm\" class=\"brz-section brz-css-kKEak\">\n<div class=\"brz-section__content brz-section--boxed brz-css-cZCfK brz-css-wLFiL\" data-brz-custom-id=\"qZCbZupaFNaF\">\n<div class=\"brz-container brz-css-eY6Pc brz-css-cwt3F\">\n<div id=\"\" class=\"brz-css-kx6te brz-wrapper\">\n<div class=\"brz-rich-text brz-rich-text__custom brz-css-eqLEM\" data-brz-custom-id=\"fZpEZDHvj8YK\">\n<div data-brz-translate-text=\"1\">\n<h2 class=\"brz-tp-lg-heading2 brz-css-nJVyV\" data-generated-css=\"brz-css-sj7BF\" data-uniq-id=\"meMoK\"><span class=\"brz-cp-color7\">Recupera\u00e7\u00e3o de calor de fornos de combust\u00e3o, etc.<\/span><\/h2>\n<\/div>\n<\/div>\n<\/div>\n<div id=\"\" class=\"brz-css-kx6te brz-wrapper\">\n<div class=\"brz-line brz-line-default brz-css-em8FA brz-css-fHAeB\" data-brz-custom-id=\"rtvOoVvxxCpW\">\n<hr class=\"brz-hr\"><\/div>\n<\/div>\n<div id=\"\" class=\"brz-css-kx6te brz-wrapper\">\n<div class=\"brz-rich-text brz-rich-text__custom brz-css-eqLEM\" data-brz-custom-id=\"zgsa1GJJxXpt\">\n<div data-brz-translate-text=\"1\">\n<p class=\"brz-tp-lg-paragraph brz-text-lg-justify brz-css-fB3rW\" data-generated-css=\"brz-css-daJi0\" data-uniq-id=\"rtWP4\"><span class=\"brz-cp-color7\">O calor residual dos fornos de combust\u00e3o pode atingir temperaturas em torno de 700\u00b0C, e a recupera\u00e7\u00e3o desse calor \u00e9 uma quest\u00e3o fundamental, especialmente em usinas de incinera\u00e7\u00e3o de res\u00edduos industriais.<\/span><\/p>\n<p class=\"brz-tp-lg-paragraph brz-text-lg-justify brz-css-yDhmS\" data-generated-css=\"brz-css-iCMGn\" data-uniq-id=\"hu7s_\"><span class=\"brz-cp-color7\">Nossa empresa possui parcerias com fabricantes que operam sistemas de gera\u00e7\u00e3o de energia bin\u00e1ria e temos capacidade para projetar equipamentos de grande porte, portanto, n\u00e3o hesite em nos contatar.<\/span><\/p>\n<\/div>\n<\/div>\n<\/div>\n<div id=\"\" class=\"brz-css-kx6te brz-wrapper\">\n<div class=\"brz-image brz-css-sNzvu\" data-brz-custom-id=\"qbnhBIOs6eqd\"><img decoding=\"async\" class=\"brz-img\" src=\"https:\/\/aquagreen-eternal.com\/wp-content\/uploads\/brizy\/imgs\/gggg-936x407x0x0x936x407x1720417005.png\" alt=\"\" loading=\"lazy\"><\/div>\n<\/div>\n<\/div>\n<\/div>\n<\/section>\n<section id=\"_x8ofxmKHCfPd\" class=\"brz-section brz-css-kKEak\">\n<div class=\"brz-section__content brz-section--boxed brz-css-cZCfK brz-css-zqHSM\" data-brz-custom-id=\"eD3hKKo32d7q\">\n<div class=\"brz-container brz-css-eY6Pc brz-css-wYe5J\">\n<div id=\"\" class=\"brz-css-kx6te brz-wrapper\">\n<div class=\"brz-rich-text brz-rich-text__custom brz-css-eqLEM\" data-brz-custom-id=\"gmkbLc1tn4dF\">\n<div data-brz-translate-text=\"1\">\n<h2 class=\"brz-tp-lg-heading2 brz-text-lg-center brz-css-mflHS\" data-generated-css=\"brz-css-oANWv\" data-uniq-id=\"hhaE2\"><span class=\"brz-cp-color7\">Podemos oferecer diversas outras solu\u00e7\u00f5es personalizadas para as necessidades espec\u00edficas da sua empresa. N\u00e3o hesite em nos contatar.<\/span><\/h2>\n<\/div>\n<\/div>\n<\/div>\n<\/div>\n<\/div>\n<\/section>\n<\/div>\n<p>    <!-- version:1731993720 --><\/p>","protected":false},"excerpt":{"rendered":"<p>\u71b1\u56de\u53ce\u30b7\u30b9\u30c6\u30e0 2015\u5e74\u306b\u56fd\u9023\u3067\u7b56\u5b9a\u3055\u308c\u305f\u6301\u7d9a\u53ef\u80fd\u306a\u958b\u767a\u76ee\u6a19\uff08SDGs\uff09\u3067\u306f\u3001\u66ae\u3089\u3057\u3084\u5730\u7403\u3092\u5b88\u308a\u306a\u304c\u3089\u660e\u308b\u3044\u672a\u6765\u3092\u4f5c\u308b\u305f\u3081\u306b17\u306e\u76ee\u6a19\u304c\u8a2d\u5b9a\u3055\u308c\u3066\u3044\u307e\u3059\u3002\u74b0\u5883\u30fb\u30a8\u30cd\u30eb\u30ae\u30fc\u554f\u984c\u3082\u305d\u306e\u4e00\u3064\u3067\u3001\uff17\u3064\u76ee\u306e\u76ee\u6a19\u306b\u3001\u300c\u30a8\u30cd\u30eb\u30ae\u30fc\u3092 [&hellip;]<\/p>\n","protected":false},"author":2,"featured_media":0,"parent":0,"menu_order":0,"comment_status":"closed","ping_status":"closed","template":"","meta":{"_acf_changed":false,"content-type":"","footnotes":""},"class_list":["post-220","page","type-page","status-publish","hentry"],"blocksy_meta":[],"acf":[],"aioseo_notices":[],"brizy_media":[{"id":632,"url":"https:\/\/aquagreen-eternal.com\/wp-content\/uploads\/2024\/07\/hhh.png","name":"hhh.png","meta":{"brizy_attachment_uid":"wp-1e3c51cd7802da5bcc32030e8f41ea3c.png","brizy_post_uid":["c65d7e9325268cda9158ac4e48006420"]}},{"id":636,"url":"https:\/\/aquagreen-eternal.com\/wp-content\/uploads\/2024\/07\/ddddd.png","name":"ddddd.png","meta":{"brizy_attachment_uid":"wp-7e2280ecf28e29a9e42c41f06a762bf8.png","brizy_post_uid":["c65d7e9325268cda9158ac4e48006420"]}},{"id":640,"url":"https:\/\/aquagreen-eternal.com\/wp-content\/uploads\/2024\/07\/eee.png","name":"eee.png","meta":{"brizy_attachment_uid":"wp-6befd30454d943185e4cecdc6cf2d6db.png","brizy_post_uid":["c65d7e9325268cda9158ac4e48006420"]}},{"id":644,"url":"https:\/\/aquagreen-eternal.com\/wp-content\/uploads\/2024\/07\/ffff.png","name":"ffff.png","meta":{"brizy_attachment_uid":"wp-38bcaa7e1e822ab58ed5ee540c872fd2.png","brizy_post_uid":["c65d7e9325268cda9158ac4e48006420"]}},{"id":648,"url":"https:\/\/aquagreen-eternal.com\/wp-content\/uploads\/2024\/07\/gggg.png","name":"gggg.png","meta":{"brizy_attachment_uid":"wp-e643d223d3d2c2b81dc9ff10a9eb12da.png","brizy_post_uid":["c65d7e9325268cda9158ac4e48006420"]}}],"_links":{"self":[{"href":"https:\/\/aquagreen-eternal.com\/pt\/wp-json\/wp\/v2\/pages\/220","targetHints":{"allow":["GET"]}}],"collection":[{"href":"https:\/\/aquagreen-eternal.com\/pt\/wp-json\/wp\/v2\/pages"}],"about":[{"href":"https:\/\/aquagreen-eternal.com\/pt\/wp-json\/wp\/v2\/types\/page"}],"author":[{"embeddable":true,"href":"https:\/\/aquagreen-eternal.com\/pt\/wp-json\/wp\/v2\/users\/2"}],"replies":[{"embeddable":true,"href":"https:\/\/aquagreen-eternal.com\/pt\/wp-json\/wp\/v2\/comments?post=220"}],"version-history":[{"count":12,"href":"https:\/\/aquagreen-eternal.com\/pt\/wp-json\/wp\/v2\/pages\/220\/revisions"}],"predecessor-version":[{"id":885,"href":"https:\/\/aquagreen-eternal.com\/pt\/wp-json\/wp\/v2\/pages\/220\/revisions\/885"}],"wp:attachment":[{"href":"https:\/\/aquagreen-eternal.com\/pt\/wp-json\/wp\/v2\/media?parent=220"}],"curies":[{"name":"wp","href":"https:\/\/api.w.org\/{rel}","templated":true}]}}