{"id":222,"date":"2024-07-05T12:04:07","date_gmt":"2024-07-05T03:04:07","guid":{"rendered":"https:\/\/aquagreen-eternal.com\/?page_id=222"},"modified":"2026-05-01T11:47:16","modified_gmt":"2026-05-01T02:47:16","slug":"ventilation","status":"publish","type":"page","link":"https:\/\/aquagreen-eternal.com\/pt\/ventilation\/","title":{"rendered":"Sistema de ventila\u00e7\u00e3o de alto volume e economia de energia"},"content":{"rendered":"<div class=\"brz-root__container brz-reset-all brz\">\n<section id=\"_p6UpjZGFEPvi\" class=\"brz-section brz-css-crLGw brz-css-nfPZT\">\n<div class=\"brz-section__content brz-section--boxed brz-css-g363e brz-css-gOlvJ\" data-brz-custom-id=\"p_fQKjz5sRcX\">\n<div class=\"brz-bg\">\n<div class=\"brz-bg-color\"><\/div>\n<\/div>\n<div class=\"brz-container brz-css-xZDow\">\n<div id=\"\" class=\"brz-css-pTeTr brz-wrapper\">\n<div class=\"brz-rich-text brz-rich-text__custom brz-css-p4o_I\" data-brz-custom-id=\"hifgvkEUOo24\">\n<div data-brz-translate-text=\"1\">\n<h1 class=\"brz-tp-lg-heading1 brz-text-lg-center ql-align-center brz-css-kzszf\" data-generated-css=\"brz-css-op1D8\" data-uniq-id=\"ihyuO\"><strong class=\"brz-cp-color7\">Sistema de ventila\u00e7\u00e3o de alto volume e economia de energia<\/strong><\/h1>\n<\/div>\n<\/div>\n<\/div>\n<\/div>\n<\/div>\n<\/section>\n<section id=\"_gh8Osd_uNdjS\" class=\"brz-section brz-css-crLGw\">\n<div class=\"brz-section__content brz-section--boxed brz-css-g363e brz-css-dGoOS\" data-brz-custom-id=\"wg4ZmjsxRD2Z\">\n<div class=\"brz-container brz-css-xZDow brz-css-dxtDK\">\n<div id=\"\" class=\"brz-css-pTeTr brz-wrapper\">\n<div class=\"brz-rich-text brz-rich-text__custom brz-css-p4o_I\" data-brz-custom-id=\"qJJz8YzijBbI\">\n<div data-brz-translate-text=\"1\">\n<h2 class=\"brz-tp-lg-heading2 brz-css-lfmQV\" data-generated-css=\"brz-css-hNv87\" data-uniq-id=\"uvLCA\"><span class=\"brz-cp-color7\">Na era p\u00f3s-COVID, o uso de ar condicionado exige tanto ventila\u00e7\u00e3o de alto volume quanto conserva\u00e7\u00e3o de energia.<\/span><\/h2>\n<\/div>\n<\/div>\n<\/div>\n<div id=\"\" class=\"brz-css-pTeTr brz-wrapper\">\n<div class=\"brz-line brz-line-default brz-css-cERV7 brz-css-cgS_1\" data-brz-custom-id=\"jjeup0jVQhmL\">\n<hr class=\"brz-hr\"><\/div>\n<\/div>\n<div id=\"\" class=\"brz-css-pTeTr brz-wrapper\">\n<div class=\"brz-rich-text brz-rich-text__custom brz-css-p4o_I\" data-brz-custom-id=\"aai9G8tujD2u\">\n<div data-brz-translate-text=\"1\">\n<p class=\"brz-text-lg-justify brz-tp-lg-paragraph brz-css-gDAX2\" data-uniq-id=\"lIc4r\" data-generated-css=\"brz-css-navsl\"><span class=\"brz-cp-color7\">Desde o in\u00edcio da luta da humanidade contra o novo coronav\u00edrus, a \u00eanfase na ventila\u00e7\u00e3o adequada tem sido uma grande preocupa\u00e7\u00e3o no setor de ar condicionado. O aumento da ventila\u00e7\u00e3o eleva significativamente tanto a capacidade do ar condicionado quanto os custos de energia. O desafio para o ar condicionado na era p\u00f3s-COVID tornou-se como alcan\u00e7ar a ventila\u00e7\u00e3o adequada, mantendo os custos baixos e economizando energia.<\/span><\/p>\n<p class=\"brz-text-lg-justify brz-tp-lg-paragraph brz-css-dd2ow\" data-uniq-id=\"lIc4r\" data-generated-css=\"brz-css-navsl\"><span class=\"brz-cp-color7\">Nossa empresa desenvolve e comercializa sistemas de ar condicionado ultraeficientes em termos energ\u00e9ticos que utilizam \u00e1gua subterr\u00e2nea, uma fonte de energia renov\u00e1vel, como fonte de calor. No Jap\u00e3o, a \u00e1gua subterr\u00e2nea mant\u00e9m-se est\u00e1vel em torno de 15\u00b0C, independentemente da esta\u00e7\u00e3o do ano, podendo ser utilizada diretamente como fonte de refrigera\u00e7\u00e3o. Para aquecimento, \u00e9 poss\u00edvel obter uma economia de energia significativa utilizando-a diretamente como complemento ou indiretamente como fonte de calor para bombas de calor. Por exemplo, ao comparar os custos de refrigera\u00e7\u00e3o de um ar condicionado comercial t\u00edpico com os de um resfriador geot\u00e9rmico, o resfriador geot\u00e9rmico custa aproximadamente um d\u00e9cimo do valor.<\/span><\/p>\n<\/div>\n<\/div>\n<\/div>\n<div id=\"\" class=\"brz-css-pTeTr brz-wrapper\">\n<div class=\"brz-image brz-css-tzCf4\" data-brz-custom-id=\"dhsFFB5s5ZDo\"><img decoding=\"async\" class=\"brz-img\" src=\"https:\/\/aquagreen-eternal.com\/wp-content\/uploads\/brizy\/imgs\/aqua_groundwater_air_3-1117x351x0x0x1117x351x1695960246-842x265x0x0x842x265x1720181593.png\" alt=\"\" loading=\"lazy\"><\/div>\n<\/div>\n<div id=\"\" class=\"brz-css-pTeTr brz-wrapper\">\n<div class=\"brz-rich-text brz-rich-text__custom brz-css-p4o_I\" data-brz-custom-id=\"kVtN5vkQYp4g\">\n<div data-brz-translate-text=\"1\">\n<p class=\"brz-text-lg-justify brz-tp-lg-paragraph brz-css-au7UQ\" data-uniq-id=\"c0kXk\" data-generated-css=\"brz-css-uSQj5\"><span class=\"brz-cp-color7\">Ele pode fornecer um grande volume de ar frio com consumo m\u00ednimo de energia. Essa caracter\u00edstica o torna ideal para sistemas de ar condicionado modernos que exigem ventila\u00e7\u00e3o em grande escala. No entanto, sua ampla ado\u00e7\u00e3o tem sido dificultada por diversos equ\u00edvocos.<\/span><\/p>\n<\/div>\n<\/div>\n<\/div>\n<\/div>\n<\/div>\n<\/section>\n<section id=\"_vRfq4EORUgoS\" class=\"brz-section brz-css-crLGw\">\n<div class=\"brz-section__content brz-section--boxed brz-css-g363e brz-css-nFR9a\" data-brz-custom-id=\"xH0vYEZkUA8D\">\n<div class=\"brz-container brz-css-xZDow brz-css-ln__u\">\n<div id=\"\" class=\"brz-css-pTeTr brz-wrapper\">\n<div class=\"brz-rich-text brz-rich-text__custom brz-css-p4o_I\" data-brz-custom-id=\"n11sY4nWkqZ7\">\n<div data-brz-translate-text=\"1\">\n<h2 class=\"brz-tp-lg-heading2 brz-css-ap9fW\" data-generated-css=\"brz-css-oayLE\" data-uniq-id=\"vYk8S\"><span class=\"brz-cp-color7\">Problemas de climatiza\u00e7\u00e3o com \u00e1gua subterr\u00e2nea \u2460 Seguran\u00e7a da \u00e1gua subterr\u00e2nea e qualidade da \u00e1gua<\/span><\/h2>\n<\/div>\n<\/div>\n<\/div>\n<div id=\"\" class=\"brz-css-pTeTr brz-wrapper\">\n<div class=\"brz-line brz-line-default brz-css-cERV7 brz-css-eeAKy\" data-brz-custom-id=\"wdec8BXlNgLR\">\n<hr class=\"brz-hr\"><\/div>\n<\/div>\n<div id=\"\" class=\"brz-css-pTeTr brz-wrapper\">\n<div class=\"brz-rich-text brz-rich-text__custom brz-css-p4o_I\" data-brz-custom-id=\"eW05IPRwxcjk\">\n<div data-brz-translate-text=\"1\">\n<p class=\"brz-text-lg-justify brz-tp-lg-paragraph brz-css-re8uW\" data-uniq-id=\"dteGP\" data-generated-css=\"brz-css-ebhdI\"><span class=\"brz-cp-color7\">Em primeiro lugar, h\u00e1 as quest\u00f5es da seguran\u00e7a e da qualidade das \u00e1guas subterr\u00e2neas. Podemos garantir um fornecimento est\u00e1vel de \u00e1gua subterr\u00e2nea e haver\u00e1 problemas com entupimento de tubula\u00e7\u00f5es ou corros\u00e3o devido ao ferro e outros minerais? Nossos engenheiros trabalham com sistemas de aproveitamento de \u00e1gua subterr\u00e2nea h\u00e1 muitos anos e conseguimos resolver grande parte desses problemas avaliando a estabilidade da \u00e1gua subterr\u00e2nea e introduzindo nossa tecnologia exclusiva de tratamento de \u00e1gua.<\/span><\/p>\n<\/div>\n<\/div>\n<\/div>\n<\/div>\n<\/div>\n<\/section>\n<section id=\"_wMS7EOqvvbUK\" class=\"brz-section brz-css-crLGw\">\n<div class=\"brz-section__content brz-section--boxed brz-css-g363e brz-css-lhl20\" data-brz-custom-id=\"bBQyC3A4QImB\">\n<div class=\"brz-container brz-css-xZDow brz-css-omjn4\">\n<div id=\"\" class=\"brz-css-pTeTr brz-wrapper\">\n<div class=\"brz-rich-text brz-rich-text__custom brz-css-p4o_I\" data-brz-custom-id=\"jB4NUxLPXbcN\">\n<div data-brz-translate-text=\"1\">\n<h2 class=\"brz-tp-lg-heading2 brz-css-fgMYt\" data-generated-css=\"brz-css-t9kqg\" data-uniq-id=\"mqUmy\"><span class=\"brz-cp-color7\">Problema de ar condicionado com \u00e1gua subterr\u00e2nea \u2461 Volume e umidade da \u00e1gua<\/span><\/h2>\n<\/div>\n<\/div>\n<\/div>\n<div id=\"\" class=\"brz-css-pTeTr brz-wrapper\">\n<div class=\"brz-line brz-line-default brz-css-cERV7 brz-css-o1ams\" data-brz-custom-id=\"iEkNb8JF2JXZ\">\n<hr class=\"brz-hr\"><\/div>\n<\/div>\n<div id=\"\" class=\"brz-css-pTeTr brz-wrapper\">\n<div class=\"brz-rich-text brz-rich-text__custom brz-css-p4o_I\" data-brz-custom-id=\"spnJBF7kbBTO\">\n<div data-brz-translate-text=\"1\">\n<p class=\"brz-text-lg-justify brz-tp-lg-paragraph brz-css-soEqh\" data-uniq-id=\"luKCr\" data-generated-css=\"brz-css-cEb_9\"><span class=\"brz-cp-color7\">Em seguida, vamos considerar as quest\u00f5es do volume de \u00e1gua e da umidade. Geralmente, quando se trata de ar condicionado que utiliza \u00e1gua, os ventiladores de resfriamento evaporativo s\u00e3o bem conhecidos. Esse m\u00e9todo circula \u00e1gua \u00e0 temperatura ambiente e reduz a temperatura por meio do calor latente de vaporiza\u00e7\u00e3o. No entanto, com esse m\u00e9todo, a umidade aumenta quanto mais o ar condicionado \u00e9 usado, al\u00e9m de apresentar problemas de higiene.<\/span><\/p>\n<\/div>\n<\/div>\n<\/div>\n<\/div>\n<\/div>\n<\/section>\n<section id=\"_e8p6OvbE5d_o\" class=\"brz-section brz-css-crLGw\">\n<div class=\"brz-section__content brz-section--boxed brz-css-g363e brz-css-h3S1d\" data-brz-custom-id=\"z8tHSgHs4QH0\">\n<div class=\"brz-container brz-css-xZDow brz-css-zBHxc\">\n<div id=\"\" class=\"brz-css-pTeTr brz-wrapper\">\n<div class=\"brz-rich-text brz-rich-text__custom brz-css-p4o_I\" data-brz-custom-id=\"fZ5ewW_FJBxW\">\n<div data-brz-translate-text=\"1\">\n<h2 class=\"brz-tp-lg-heading2 brz-css-mhgUg\" data-generated-css=\"brz-css-ixZAA\" data-uniq-id=\"iZTSU\"><span class=\"brz-cp-color7\">Nosso resfriador de \u00e1gua subterr\u00e2nea por gotejamento pode resolver os problemas de climatiza\u00e7\u00e3o com \u00e1gua subterr\u00e2nea.<\/span><\/h2>\n<\/div>\n<\/div>\n<\/div>\n<div id=\"\" class=\"brz-css-pTeTr brz-wrapper\">\n<div class=\"brz-line brz-line-default brz-css-cERV7 brz-css-y_Q0Z\" data-brz-custom-id=\"a9lFik_yhHA6\">\n<hr class=\"brz-hr\"><\/div>\n<\/div>\n<div id=\"\" class=\"brz-css-pTeTr brz-wrapper\">\n<div class=\"brz-rich-text brz-rich-text__custom brz-css-p4o_I\" data-brz-custom-id=\"f9Aa5xTsk3XG\">\n<div data-brz-translate-text=\"1\">\n<p class=\"brz-text-lg-justify brz-tp-lg-paragraph brz-css-nKKKE\" data-uniq-id=\"mY0Yj\" data-generated-css=\"brz-css-tqX6E\"><span class=\"brz-cp-color7\">Nossa empresa desenvolveu dois tipos principais de sistemas de resfriamento de \u00e1gua subterr\u00e2nea que utilizam energia renov\u00e1vel. Entre eles, h\u00e1 um sistema de &quot;gotejamento (fluxo cont\u00ednuo)&quot; semelhante a um climatizador evaporativo. A caracter\u00edstica \u00fanica deste sistema \u00e9 a capacidade de utilizar a \u00e1gua subterr\u00e2nea em fluxo cont\u00ednuo. Al\u00e9m de ser higi\u00eanico, o ar entra em contato direto com a \u00e1gua subterr\u00e2nea fria, permitindo um resfriamento eficiente. Apresenta tamb\u00e9m uma evapora\u00e7\u00e3o significativamente menor em compara\u00e7\u00e3o com climatizadores evaporativos, resultando em maior conforto. Ademais, utiliza pouca \u00e1gua e pode operar com uma pequena quantidade de \u00e1gua subterr\u00e2nea.<\/span><\/p>\n<\/div>\n<\/div>\n<\/div>\n<div id=\"\" class=\"brz-css-pTeTr brz-wrapper\">\n<div class=\"brz-image brz-css-hP5Hn\" data-brz-custom-id=\"v_EU6AIZJN_U\"><img decoding=\"async\" class=\"brz-img\" src=\"https:\/\/aquagreen-eternal.com\/wp-content\/uploads\/brizy\/imgs\/2dbba63b65be5b241a1087c427d95864-749x368x0x0x749x368x1720417443.jpg\" alt=\"\" loading=\"lazy\"><\/div>\n<\/div>\n<\/div>\n<\/div>\n<\/section>\n<section id=\"_bafvcc0ie454\" class=\"brz-section brz-css-crLGw\">\n<div class=\"brz-section__content brz-section--boxed brz-css-g363e brz-css-lBtST\" data-brz-custom-id=\"bCrfBBGHadah\">\n<div class=\"brz-container brz-css-xZDow brz-css-q0qwy\">\n<div id=\"\" class=\"brz-css-pTeTr brz-wrapper\">\n<div class=\"brz-rich-text brz-rich-text__custom brz-css-p4o_I\" data-brz-custom-id=\"sS7l_xi3Z0li\">\n<div data-brz-translate-text=\"1\">\n<h2 class=\"brz-tp-lg-heading2 brz-css-eYeER\" data-generated-css=\"brz-css-fQ4dC\" data-uniq-id=\"zSQcK\"><span class=\"brz-cp-color7\">Sistema ideal de ventila\u00e7\u00e3o e ar condicionado ultraeficiente em termos energ\u00e9ticos, com uma unidade de troca de calor multiest\u00e1gios exclusiva.<\/span><\/h2>\n<\/div>\n<\/div>\n<\/div>\n<div id=\"\" class=\"brz-css-pTeTr brz-wrapper\">\n<div class=\"brz-line brz-line-default brz-css-cERV7 brz-css-oD3hq\" data-brz-custom-id=\"nB2MtIMYojmZ\">\n<hr class=\"brz-hr\"><\/div>\n<\/div>\n<div id=\"\" class=\"brz-css-pTeTr brz-wrapper\">\n<div class=\"brz-rich-text brz-rich-text__custom brz-css-p4o_I\" data-brz-custom-id=\"ovIuG5GN6DLp\">\n<div data-brz-translate-text=\"1\">\n<p class=\"brz-tp-lg-paragraph brz-text-lg-justify brz-css-s74B9\" data-generated-css=\"brz-css-cwYE0\" data-uniq-id=\"zx7YX\"><span class=\"brz-cp-color7\">Al\u00e9m do m\u00e9todo de gotejamento, tamb\u00e9m dispomos de outro sistema de ar condicionado com \u00e1gua subterr\u00e2nea que utiliza energia renov\u00e1vel, o qual denominamos &quot;m\u00e9todo do radiador&quot;. Este m\u00e9todo realiza a troca de calor indiretamente, atrav\u00e9s da passagem da \u00e1gua subterr\u00e2nea, uma fonte de energia natural, por um radiador altamente resistente \u00e0 corros\u00e3o. Embora exija mais \u00e1gua do que o m\u00e9todo de gotejamento, produz uma temperatura de sa\u00edda mais baixa e, mais importante, possui um efeito desumidificador superior. O m\u00e9todo do radiador j\u00e1 foi utilizado em alguns sistemas de ar condicionado com \u00e1gua subterr\u00e2nea, mas apresentava problemas de durabilidade e o grande consumo de \u00e1gua. No nosso caso, superamos o primeiro problema com materiais e tecnologia de tratamento de \u00e1gua, mas ainda havia um limite para o quanto poder\u00edamos otimizar o consumo de \u00e1gua.<\/span><\/p>\n<p class=\"brz-tp-lg-paragraph brz-text-lg-justify brz-css-xxuN0\" data-generated-css=\"brz-css-cwYE0\" data-uniq-id=\"zx7YX\"><span class=\"brz-cp-color7\">Portanto, o sistema ideal de ar condicionado com \u00e1gua subterr\u00e2nea que desenvolvemos recentemente \u00e9 uma &quot;unidade de troca de calor multiest\u00e1gios&quot; que combina as caracter\u00edsticas dos sistemas de gotejamento e de radiador. O diagrama a seguir mostra um exemplo de uso multiest\u00e1gios: primeiro, um painel de gotejamento no est\u00e1gio inicial reduz rapidamente a temperatura com uma pequena quantidade de \u00e1gua subterr\u00e2nea. Em seguida, um painel de radiador resfria e desumidifica o ambiente at\u00e9 o n\u00edvel de um ar condicionado. Essa combina\u00e7\u00e3o possibilita fornecer ar condicionado equivalente a um ar condicionado com grande vaz\u00e3o de ar, utilizando apenas uma pequena quantidade de \u00e1gua e consumo m\u00ednimo de eletricidade. Devido ao baixo consumo de \u00e1gua, o sistema pode at\u00e9 mesmo operar com um pequeno chiller em \u00e1reas onde a \u00e1gua subterr\u00e2nea \u00e9 totalmente inadequada para opera\u00e7\u00e3o. Al\u00e9m disso, o sistema de radiador pode utilizar qualquer outra fonte de calor e pode at\u00e9 mesmo realizar aquecimento utilizando calor residual e energia renov\u00e1vel, como a energia solar.<\/span><\/p>\n<\/div>\n<\/div>\n<\/div>\n<div id=\"\" class=\"brz-css-pTeTr brz-wrapper\">\n<div class=\"brz-image brz-css-mIEpb\" data-brz-custom-id=\"h2hsryNuVJkA\"><img decoding=\"async\" class=\"brz-img\" src=\"https:\/\/aquagreen-eternal.com\/wp-content\/uploads\/brizy\/imgs\/cc925323aa7c180495713a9457c14a0b-749x423x0x0x749x423x1720417509.jpg\" alt=\"\" loading=\"lazy\"><\/div>\n<\/div>\n<div id=\"\" class=\"brz-css-pTeTr brz-wrapper\">\n<div class=\"brz-rich-text brz-rich-text__custom brz-css-p4o_I\" data-brz-custom-id=\"c4n8iobwb1H7\">\n<div data-brz-translate-text=\"1\">\n<p class=\"brz-tp-lg-paragraph brz-text-lg-justify brz-css-ch72Q\" data-generated-css=\"brz-css-gv6uu\" data-uniq-id=\"iGrsh\"><span class=\"brz-cp-color7\">Este sistema de ar condicionado baseado em unidades de troca de calor multiest\u00e1gio est\u00e1 sendo cada vez mais adotado em diversas f\u00e1bricas e grandes instala\u00e7\u00f5es, revolucionando o projeto convencional de ar condicionado. Atualmente, unidades de troca de calor multiest\u00e1gio ainda mais avan\u00e7adas, incorporando o conceito de troca de calor total e recupera\u00e7\u00e3o do calor residual, est\u00e3o sendo desenvolvidas.<\/span><\/p>\n<\/div>\n<\/div>\n<\/div>\n<\/div>\n<\/div>\n<\/section>\n<section id=\"_hmSNI9_xfmaw\" class=\"brz-section brz-css-crLGw\">\n<div class=\"brz-section__content brz-section--boxed brz-css-g363e brz-css-w11ef\" data-brz-custom-id=\"xuIBAlQt73aY\">\n<div class=\"brz-container brz-css-xZDow brz-css-oNdbe\">\n<div id=\"\" class=\"brz-css-pTeTr brz-wrapper\">\n<div class=\"brz-rich-text brz-rich-text__custom brz-css-p4o_I\" data-brz-custom-id=\"wICwJmjO2lNT\">\n<div data-brz-translate-text=\"1\">\n<h2 class=\"brz-tp-lg-heading2 brz-css-rRJO5\" data-generated-css=\"brz-css-znVBU\" data-uniq-id=\"o5ljb\"><span class=\"brz-cp-color7\">Deixe o projeto do seu sistema de ar condicionado baseado em energia renov\u00e1vel por nossa conta.<\/span><\/h2>\n<\/div>\n<\/div>\n<\/div>\n<div id=\"\" class=\"brz-css-pTeTr brz-wrapper\">\n<div class=\"brz-line brz-line-default brz-css-cERV7 brz-css-wApDi\" data-brz-custom-id=\"njUPg2aKLDNe\">\n<hr class=\"brz-hr\"><\/div>\n<\/div>\n<div id=\"\" class=\"brz-css-pTeTr brz-wrapper\">\n<div class=\"brz-rich-text brz-rich-text__custom brz-css-p4o_I\" data-brz-custom-id=\"pftpy4cVr4m9\">\n<div data-brz-translate-text=\"1\">\n<p class=\"brz-tp-lg-paragraph brz-text-lg-justify brz-css-luZfY\" data-generated-css=\"brz-css-xHPIh\" data-uniq-id=\"k5is6\"><span class=\"brz-cp-color7\">O projeto de sistemas de ar condicionado exige abordagens diferentes dependendo da instala\u00e7\u00e3o e n\u00e3o pode ser baseado apenas nos princ\u00edpios gerais descritos acima. Em particular, nossa empresa projeta a partir da pr\u00f3pria fonte de calor e propomos o sistema de troca de calor multiest\u00e1gios mais adequado com base nas condi\u00e7\u00f5es operacionais. Entre em contato conosco caso tenha interesse.<\/span><\/p>\n<p class=\"brz-tp-lg-paragraph brz-text-lg-justify brz-css-vFl7A\" data-generated-css=\"brz-css-h8yU1\" data-uniq-id=\"nQfJ5\"><span class=\"brz-cp-color7\">Imagem de um sistema de recupera\u00e7\u00e3o de calor de admiss\u00e3o e escape de f\u00e1brica.<\/span><\/p>\n<\/div>\n<\/div>\n<\/div>\n<div id=\"\" class=\"brz-css-pTeTr brz-wrapper\">\n<div class=\"brz-image brz-css-zh0rQ\" data-brz-custom-id=\"yachhKQYSTzs\"><img decoding=\"async\" class=\"brz-img\" src=\"https:\/\/aquagreen-eternal.com\/wp-content\/uploads\/brizy\/imgs\/4608a067069f5e9bc97a808743f23b3e-749x630x0x0x749x630x1720417580.jpg\" alt=\"\" loading=\"lazy\"><\/div>\n<\/div>\n<\/div>\n<\/div>\n<\/section>\n<\/div>\n<p>    <!-- version:1732009411 --><\/p>","protected":false},"excerpt":{"rendered":"<p>\u5927\u98a8\u91cf\u63db\u6c17\u30fb\u7701\u30a8\u30cd\u30b7\u30b9\u30c6\u30e0 \u5927\u91cf\u63db\u6c17\u3068\u7701\u30a8\u30cd\u304c\u540c\u6642\u306b\u6c42\u3081\u3089\u308c\u308bwith\u30b3\u30ed\u30ca\u6642\u4ee3\u306e\u7a7a\u8abf \u65b0\u578b\u30b3\u30ed\u30ca\u30a6\u30a3\u30eb\u30b9\u3068\u4eba\u985e\u306e\u95d8\u3044\u304c\u59cb\u307e\u3063\u3066\u4ee5\u6765\u3001\u7a7a\u8abf\u5206\u91ce\u3067\u306f\u300c\u63db\u6c17\u300d\u306e\u5fb9\u5e95\u304c\u53eb\u3070\u308c\u3066\u304d\u307e\u3057\u305f\u3002\u63db\u6c17\u3092\u5897\u3084\u305b\u3070\u3001\u7a7a\u8abf\u5bb9\u91cf\u3082\u30a8\u30cd\u30eb\u30ae\u30fc\u30b3\u30b9 [&hellip;]<\/p>\n","protected":false},"author":2,"featured_media":0,"parent":0,"menu_order":0,"comment_status":"closed","ping_status":"closed","template":"","meta":{"_acf_changed":false,"content-type":"","footnotes":""},"class_list":["post-222","page","type-page","status-publish","hentry"],"blocksy_meta":[],"acf":[],"aioseo_notices":[],"brizy_media":[{"id":460,"url":"https:\/\/aquagreen-eternal.com\/wp-content\/uploads\/2024\/07\/aqua_groundwater_air_3-1117x351x0x0x1117x351x1695960246.png","name":"aqua_groundwater_air_3-1117x351x0x0x1117x351x1695960246.png","meta":{"brizy_attachment_uid":"wp-dcf7d78273cd44a02a7e55d018394f40.png","brizy_post_uid":["c57025e5425e1026888ecf59312524fe","4cade6b4ea1402d24c03755aef6afa6c"]}},{"id":673,"url":"https:\/\/aquagreen-eternal.com\/wp-content\/uploads\/2024\/07\/2dbba63b65be5b241a1087c427d95864.jpg","name":"2dbba63b65be5b241a1087c427d95864.jpg","meta":{"brizy_attachment_uid":"wp-dad82d4d059d624e93e8a62452d49b2f.jpg","brizy_post_uid":["4cade6b4ea1402d24c03755aef6afa6c"]}},{"id":677,"url":"https:\/\/aquagreen-eternal.com\/wp-content\/uploads\/2024\/07\/cc925323aa7c180495713a9457c14a0b.jpg","name":"cc925323aa7c180495713a9457c14a0b.jpg","meta":{"brizy_attachment_uid":"wp-c533b9f2e8bed752012d9bcea12994c9.jpg","brizy_post_uid":["4cade6b4ea1402d24c03755aef6afa6c"]}},{"id":681,"url":"https:\/\/aquagreen-eternal.com\/wp-content\/uploads\/2024\/07\/4608a067069f5e9bc97a808743f23b3e.jpg","name":"4608a067069f5e9bc97a808743f23b3e.jpg","meta":{"brizy_attachment_uid":"wp-f50bbaa1ad4a137755176345778e526e.jpg","brizy_post_uid":["4cade6b4ea1402d24c03755aef6afa6c"]}}],"_links":{"self":[{"href":"https:\/\/aquagreen-eternal.com\/pt\/wp-json\/wp\/v2\/pages\/222","targetHints":{"allow":["GET"]}}],"collection":[{"href":"https:\/\/aquagreen-eternal.com\/pt\/wp-json\/wp\/v2\/pages"}],"about":[{"href":"https:\/\/aquagreen-eternal.com\/pt\/wp-json\/wp\/v2\/types\/page"}],"author":[{"embeddable":true,"href":"https:\/\/aquagreen-eternal.com\/pt\/wp-json\/wp\/v2\/users\/2"}],"replies":[{"embeddable":true,"href":"https:\/\/aquagreen-eternal.com\/pt\/wp-json\/wp\/v2\/comments?post=222"}],"version-history":[{"count":11,"href":"https:\/\/aquagreen-eternal.com\/pt\/wp-json\/wp\/v2\/pages\/222\/revisions"}],"predecessor-version":[{"id":686,"href":"https:\/\/aquagreen-eternal.com\/pt\/wp-json\/wp\/v2\/pages\/222\/revisions\/686"}],"wp:attachment":[{"href":"https:\/\/aquagreen-eternal.com\/pt\/wp-json\/wp\/v2\/media?parent=222"}],"curies":[{"name":"wp","href":"https:\/\/api.w.org\/{rel}","templated":true}]}}