{"id":3,"date":"2023-10-06T14:25:38","date_gmt":"2023-10-06T05:25:38","guid":{"rendered":"http:\/\/xs140193.xsrv.jp"},"modified":"2026-05-01T10:40:19","modified_gmt":"2026-05-01T01:40:19","slug":"privacy-policy","status":"publish","type":"page","link":"https:\/\/aquagreen-eternal.com\/pt\/privacy-policy\/","title":{"rendered":"pol\u00edtica de Privacidade"},"content":{"rendered":"<div class=\"brz-root__container brz-reset-all brz\">\n<section id=\"_ejSYh1o01HHt\" class=\"brz-section brz-css-baiap brz-css-kqNel\">\n<div class=\"brz-section__content brz-section--boxed brz-css-pQdn_ brz-css-b_Apl\" data-brz-custom-id=\"gMoTI7BIPNpZ\">\n<div class=\"brz-bg\">\n<div class=\"brz-bg-color\"><\/div>\n<\/div>\n<div class=\"brz-container brz-css-iS_Ju\">\n<div id=\"\" class=\"brz-css-ohJIv brz-wrapper\">\n<div class=\"brz-rich-text brz-rich-text__custom brz-css-spNkr\" data-brz-custom-id=\"cRgMDEMVtA3e\">\n<div data-brz-translate-text=\"1\">\n<h1 class=\"brz-text-lg-center brz-tp-lg-heading1 brz-css-tnKC3\" data-uniq-id=\"lieeb\" data-generated-css=\"brz-css-uRB2V\"><strong class=\"brz-cp-color7\">pol\u00edtica de Privacidade<\/strong><\/h1>\n<\/div>\n<\/div>\n<\/div>\n<\/div>\n<\/div>\n<\/section>\n<section id=\"_reuqwsbfmlkvelrsyijwbfdazgcmachzuvll\" class=\"brz-section brz-css-baiap\">\n<div class=\"brz-section__content brz-section--boxed brz-css-pQdn_\" data-brz-custom-id=\"mjofcmydqwjqolnuicwldjlobudqdddkohid\">\n<div class=\"brz-container brz-css-iS_Ju\">\n<div id=\"\" class=\"brz-css-ohJIv brz-wrapper\">\n<div class=\"brz-rich-text brz-rich-text__custom brz-css-spNkr\" data-brz-custom-id=\"gsriuhrttdafcrhslpeeaswwqgpmbdhagpqq\">\n<div data-brz-translate-text=\"1\">\n<p class=\"brz-tp-lg-paragraph brz-css-pSBZI\" data-uniq-id=\"ibrZb\" data-generated-css=\"brz-css-qbXb0\"><strong class=\"brz-cp-color7\" style=\"background-color: transparent\">&lt;Finalidade da utiliza\u00e7\u00e3o de informa\u00e7\u00f5es pessoais&gt;<\/strong><\/p>\n<p class=\"brz-tp-lg-paragraph brz-css-cTVSp\" data-uniq-id=\"yiZSL\" data-generated-css=\"brz-css-axitF\"><span class=\"brz-cp-color7\" style=\"background-color: transparent\">Nossa empresa tratar\u00e1 as informa\u00e7\u00f5es do cliente obtidas por meio do uso de nossos servi\u00e7os de forma adequada, dentro do escopo das finalidades descritas abaixo, e n\u00e3o as utilizar\u00e1 al\u00e9m do escopo dessas finalidades sem o consentimento do cliente.<\/span><\/p>\n<p class=\"brz-tp-lg-paragraph brz-css-zXANK\" data-uniq-id=\"ipQAQ\" data-generated-css=\"brz-css-aINHQ\"><span class=\"brz-cp-color7\" style=\"background-color: transparent\">- Verifica\u00e7\u00e3o de identidade<\/span><\/p>\n<p class=\"brz-tp-lg-paragraph brz-css-vwMT1\" data-uniq-id=\"cYvQS\" data-generated-css=\"brz-css-qelmN\"><span class=\"brz-cp-color7\" style=\"background-color: transparent\">- Cobran\u00e7a de taxas de utiliza\u00e7\u00e3o, multas por atraso no pagamento, etc.<\/span><\/p>\n<p class=\"brz-tp-lg-paragraph brz-css-kCmvB\" data-uniq-id=\"aR8oQ\" data-generated-css=\"brz-css-s_tdl\"><span class=\"brz-cp-color7\" style=\"background-color: transparent\">- Diversas comunica\u00e7\u00f5es relacionadas ao uso do servi\u00e7o<\/span><\/p>\n<p class=\"brz-tp-lg-paragraph brz-css-vUowZ\" data-uniq-id=\"viGTc\" data-generated-css=\"brz-css-sIgk5\"><span class=\"brz-cp-color7\" style=\"background-color: transparent\">- Verifica\u00e7\u00e3o dos n\u00fameros de contas banc\u00e1rias e da validade dos cart\u00f5es de cr\u00e9dito para processamento de pagamentos.<\/span><\/p>\n<p class=\"brz-tp-lg-paragraph brz-css-eNx4k\" data-uniq-id=\"vJlia\" data-generated-css=\"brz-css-jj3ik\"><span class=\"brz-cp-color7\" style=\"background-color: transparent\">- Presta\u00e7\u00e3o de servi\u00e7os, melhoria e aprimoramento da qualidade<\/span><\/p>\n<p class=\"brz-tp-lg-paragraph brz-css-dIriU\" data-uniq-id=\"mlhFj\" data-generated-css=\"brz-css-tnE9e\"><span class=\"brz-cp-color7\" style=\"background-color: transparent\">- Notifica\u00e7\u00e3o de suspens\u00e3o, rescis\u00e3o ou cancelamento do contrato de servi\u00e7o<\/span><\/p>\n<p class=\"brz-tp-lg-paragraph brz-css-pstFd\" data-uniq-id=\"rld4f\" data-generated-css=\"brz-css-eeKWs\"><span class=\"brz-cp-color7\" style=\"background-color: transparent\">- Resposta e preven\u00e7\u00e3o de a\u00e7\u00f5es que violem os termos de servi\u00e7o.<\/span><\/p>\n<p class=\"brz-tp-lg-paragraph brz-css-uYfaR\" data-uniq-id=\"ubeFJ\" data-generated-css=\"brz-css-dBBJl\"><span class=\"brz-cp-color7\" style=\"background-color: transparent\">- Notifica\u00e7\u00e3o de altera\u00e7\u00f5es aos nossos termos de servi\u00e7o, pol\u00edticas, etc.<\/span><\/p>\n<p class=\"brz-tp-lg-paragraph brz-css-tP1wz\" data-uniq-id=\"acNRK\" data-generated-css=\"brz-css-xY6Z8\"><span class=\"brz-cp-color7\" style=\"background-color: transparent\">\u2022 Gest\u00e3o de lit\u00edgios, processos judiciais, etc.<\/span><\/p>\n<p class=\"brz-tp-lg-paragraph brz-css-y3ddx\" data-uniq-id=\"rhheZ\" data-generated-css=\"brz-css-g8VX1\"><span class=\"brz-cp-color7\" style=\"background-color: transparent\">- Fornecer informa\u00e7\u00f5es sobre nossos servi\u00e7os e responder a perguntas.<\/span><\/p>\n<p class=\"brz-tp-lg-paragraph brz-css-wj0Fl\" data-uniq-id=\"b1ge6\" data-generated-css=\"brz-css-gfLnR\"><span class=\"brz-cp-color7\" style=\"background-color: transparent\">- Envio de materiais, mala direta\/e-mail e apresenta\u00e7\u00e3o de produtos e servi\u00e7os por telefone.<\/span><\/p>\n<p class=\"brz-tp-lg-paragraph brz-css-gijjr\" data-uniq-id=\"eXwdH\" data-generated-css=\"brz-css-gZYCK\"><span class=\"brz-cp-color7\" style=\"background-color: transparent\">Nossa empresa poder\u00e1 alterar as finalidades de uso descritas no par\u00e1grafo anterior, na medida em que seja razoavelmente considerada como tendo uma rela\u00e7\u00e3o substancial com as finalidades de uso anteriores \u00e0 altera\u00e7\u00e3o. Caso fa\u00e7amos tal altera\u00e7\u00e3o, notificaremos ou comunicaremos aos nossos clientes por um m\u00e9todo determinado separadamente pela nossa empresa.<\/span><\/p>\n<p class=\"brz-tp-lg-paragraph brz-css-fZaTA\" data-uniq-id=\"o7QlX\" data-generated-css=\"brz-css-n8O4a\"><strong class=\"brz-cp-color7\" style=\"background-color: transparent\"> <\/strong><\/p>\n<p class=\"brz-tp-lg-paragraph brz-css-o6VWX\" data-uniq-id=\"fiUvq\" data-generated-css=\"brz-css-rn99K\"><strong class=\"brz-cp-color7\" style=\"background-color: transparent\"> <\/strong><\/p>\n<p class=\"brz-tp-lg-paragraph brz-css-ssY4h\" data-uniq-id=\"ugRMJ\" data-generated-css=\"brz-css-rOAvD\"><strong class=\"brz-cp-color7\" style=\"background-color: transparent\">&lt;Pol\u00edtica de Cookies&gt;<\/strong><\/p>\n<p class=\"brz-tp-lg-paragraph brz-css-rIHOr\" data-uniq-id=\"oFlfS\" data-generated-css=\"brz-css-jz2TG\"><span class=\"brz-cp-color7\">Utilizamos cookies para melhorar os nossos servi\u00e7os aos clientes e para fins como publicidade e promo\u00e7\u00e3o dos nossos produtos.<\/span><\/p>\n<p class=\"brz-tp-lg-paragraph brz-css-un55l\" data-uniq-id=\"pYBHs\" data-generated-css=\"brz-css-cdcQk\"><span class=\"brz-cp-color7\">Os cookies s\u00e3o um mecanismo que armazena o hist\u00f3rico de navega\u00e7\u00e3o e as informa\u00e7\u00f5es inseridas entre o seu navegador de internet e o servidor como um arquivo no seu computador quando voc\u00ea usa uma p\u00e1gina da web. Se voc\u00ea permitir o envio e o recebimento de cookies nas configura\u00e7\u00f5es do seu navegador, podemos obter cookies armazenados no seu computador e vincular o hist\u00f3rico de navega\u00e7\u00e3o coletado \u00e0s suas informa\u00e7\u00f5es pessoais. Al\u00e9m disso, podemos utilizar cookies armazenados no seu computador por meio de terceiros aos quais terceirizamos a distribui\u00e7\u00e3o de publicidade, ou por meio de p\u00e1ginas da web que n\u00e3o sejam este site, para exibir an\u00fancios e promo\u00e7\u00f5es dos nossos produtos.<\/span><\/p>\n<p class=\"brz-tp-lg-paragraph brz-css-wrp1P\" data-uniq-id=\"iI0NN\" data-generated-css=\"brz-css-fXaZ2\"><span class=\"brz-cp-color7\">Os clientes podem escolher suas configura\u00e7\u00f5es de cookies atrav\u00e9s das configura\u00e7\u00f5es do navegador, incluindo op\u00e7\u00f5es como &quot;Permitir cookies&quot;, &quot;Rejeitar cookies&quot; e &quot;Notificar-me quando um cookie for recebido&quot;. Observe que, se voc\u00ea optar por rejeitar cookies, poder\u00e1 n\u00e3o conseguir usar alguns dos servi\u00e7os que oferecemos.<\/span><\/p>\n<p class=\"brz-tp-lg-paragraph brz-css-rNASA\" data-uniq-id=\"vt4Qk\" data-generated-css=\"brz-css-riEni\"><span class=\"brz-cp-color7\"> <\/span><\/p>\n<p class=\"brz-tp-lg-paragraph brz-text-lg-right brz-css-yi5pC\" data-uniq-id=\"as4qF\" data-generated-css=\"brz-css-x_N3k\"><span class=\"brz-cp-color7\">Aqua Green Eternal Co., Ltd.<\/span><\/p>\n<p class=\"brz-tp-lg-paragraph brz-css-cbfYH\" data-uniq-id=\"zvH2N\" data-generated-css=\"brz-css-c21qe\"><\/p>\n<\/div>\n<\/div>\n<\/div>\n<\/div>\n<\/div>\n<\/section>\n<\/div>\n<p>    <!-- version:1731991382 --><\/p>","protected":false},"excerpt":{"rendered":"<p>\u30d7\u30e9\u30a4\u30d0\u30b7\u30fc\u30dd\u30ea\u30b7\u30fc \uff1c\u500b\u4eba\u60c5\u5831\u306e\u5229\u7528\u76ee\u7684\uff1e \u5f53\u793e\u306f\u3001\u30b5\u30fc\u30d3\u30b9\u306e\u5229\u7528\u3092\u901a\u3058\u3066\u53d6\u5f97\u3057\u305f\u304a\u5ba2\u69d8\u60c5\u5831\u3092\u3001\u4e0b\u8a18\u306e\u76ee\u7684\u306e\u7bc4\u56f2\u5185\u3067\u9069\u6b63\u306b\u53d6\u308a\u6271\u3044\u3001\u304a\u5ba2\u69d8\u3054\u672c\u4eba\u306e\u540c\u610f\u306a\u304f\u5229\u7528\u76ee\u7684\u306e\u7bc4\u56f2\u3092\u8d85\u3048\u3066\u5229\u7528\u3059\u308b\u3053\u3068\u306f\u3042\u308a\u307e\u305b\u3093\u3002 \u30fb\u3054\u672c\u4eba\u69d8\u78ba\u8a8d [&hellip;]<\/p>\n","protected":false},"author":2,"featured_media":0,"parent":0,"menu_order":0,"comment_status":"closed","ping_status":"closed","template":"","meta":{"_acf_changed":false,"content-type":"","footnotes":""},"class_list":["post-3","page","type-page","status-publish","hentry"],"blocksy_meta":[],"acf":[],"aioseo_notices":[],"brizy_media":[],"_links":{"self":[{"href":"https:\/\/aquagreen-eternal.com\/pt\/wp-json\/wp\/v2\/pages\/3","targetHints":{"allow":["GET"]}}],"collection":[{"href":"https:\/\/aquagreen-eternal.com\/pt\/wp-json\/wp\/v2\/pages"}],"about":[{"href":"https:\/\/aquagreen-eternal.com\/pt\/wp-json\/wp\/v2\/types\/page"}],"author":[{"embeddable":true,"href":"https:\/\/aquagreen-eternal.com\/pt\/wp-json\/wp\/v2\/users\/2"}],"replies":[{"embeddable":true,"href":"https:\/\/aquagreen-eternal.com\/pt\/wp-json\/wp\/v2\/comments?post=3"}],"version-history":[{"count":5,"href":"https:\/\/aquagreen-eternal.com\/pt\/wp-json\/wp\/v2\/pages\/3\/revisions"}],"predecessor-version":[{"id":19721,"href":"https:\/\/aquagreen-eternal.com\/pt\/wp-json\/wp\/v2\/pages\/3\/revisions\/19721"}],"wp:attachment":[{"href":"https:\/\/aquagreen-eternal.com\/pt\/wp-json\/wp\/v2\/media?parent=3"}],"curies":[{"name":"wp","href":"https:\/\/api.w.org\/{rel}","templated":true}]}}