{"id":82,"date":"2024-07-05T08:54:56","date_gmt":"2024-07-04T23:54:56","guid":{"rendered":"https:\/\/aquagreen-eternal.com\/?page_id=82"},"modified":"2026-05-01T11:18:49","modified_gmt":"2026-05-01T02:18:49","slug":"about","status":"publish","type":"page","link":"https:\/\/aquagreen-eternal.com\/pt\/about\/","title":{"rendered":"perfil de companhia"},"content":{"rendered":"<div class=\"brz brz-root__container brz-reset-all brz-root__container-page\">\n<section id=\"vUxAzJIfsjwm_vUxAzJIfsjwm\" class=\"brz-section brz-css-8ndj8o brz-css-houyq9\">\n<div class=\"brz-section__content brz-section--boxed brz-css-1z0mway brz-css-imnyp8\" data-brz-custom-id=\"omof2jTPLfAp\">\n<div class=\"brz-bg\">\n<div class=\"brz-bg-color\"><\/div>\n<\/div>\n<div class=\"brz-container brz-css-yxovge brz-css-jt5b8p\">\n<div id=\"\" class=\"brz-css-19qno2j brz-css-fr5h1m brz-wrapper\">\n<div class=\"brz-rich-text brz-rich-text__custom brz-css-hz4b35 brz-css-1ujt2tk\" data-brz-custom-id=\"xBcKSpiQA8ye\">\n<div data-brz-translate-text=\"1\">\n<h1 class=\"brz-text-lg-center brz-tp-lg-heading1 brz-css-r8Or1\" data-uniq-id=\"ect_W\" data-generated-css=\"brz-css-hMCK3\">perfil de companhia<\/h1>\n<\/div>\n<\/div>\n<\/div>\n<\/div>\n<\/div>\n<\/section>\n<section id=\"zxQA3dRxxAch_zxQA3dRxxAch\" class=\"brz-section brz-css-1bjfmsh brz-css-1fvn3dd\">\n<div class=\"brz-section__content brz-section--boxed brz-css-clwxs2 brz-css-14zwi9f\" data-brz-custom-id=\"f_gNHU_BmI78\">\n<div class=\"brz-container brz-css-1mxiz3a brz-css-i1eefl\">\n<div class=\"brz-row__container brz-css-1ib0mzj brz-css-wh2n1k\" data-brz-custom-id=\"j_H9P30aNDlm\">\n<div class=\"brz-row brz-css-ygb3ly brz-css-kbl93p\">\n<div class=\"brz-columns brz-css-stnc8 brz-css-1vo0krr\" data-brz-custom-id=\"ar7RZGW8C9AN\">\n<div class=\"brz-column__items brz-css-r7kxph brz-css-9v1cmh\">\n<div id=\"\" class=\"brz-css-1ycix7t brz-css-1au7988 brz-wrapper\">\n<div class=\"brz-rich-text brz-rich-text__custom brz-css-1ad77t0 brz-css-1wrxhgp\" data-brz-custom-id=\"xALtZDJ0IhNl\">\n<div data-brz-translate-text=\"1\">\n<p class=\"brz-tp-lg-paragraph brz-text-lg-justify brz-css-qMjEt\" data-generated-css=\"brz-css-vT2Sf\" data-uniq-id=\"zOmCH\"><span class=\"brz-cp-color7\">Minha carreira come\u00e7ou com engenharia industrial completa, focada principalmente em tratamento de \u00e1gua. Desde ent\u00e3o, tenho me dedicado principalmente a trabalhos por contrato para desenvolver novos neg\u00f3cios centrados em equipamentos para o meio ambiente aqu\u00e1tico.<\/span><\/p>\n<p class=\"brz-tp-lg-paragraph brz-text-lg-justify brz-css-bU4H2\" data-generated-css=\"brz-css-hxRiA\" data-uniq-id=\"xPf_S\"><span class=\"brz-cp-color7\">Em particular, como gerente geral da divis\u00e3o de sistemas de tratamento de \u00e1guas subterr\u00e2neas por membrana, consegui aumentar o faturamento anual para 5 bilh\u00f5es de ienes em um curto per\u00edodo de tempo.<\/span><\/p>\n<p class=\"brz-tp-lg-paragraph brz-text-lg-justify brz-css-u7nHy\" data-generated-css=\"brz-css-nRVBS\" data-uniq-id=\"lDCBI\"><span class=\"brz-cp-color7\">Desde ent\u00e3o, tenho estado envolvido no desenvolvimento de muitos neg\u00f3cios, mas mais recentemente, tenho trabalhado em um sistema de ar condicionado para \u00e1guas subterr\u00e2neas, uma aplica\u00e7\u00e3o avan\u00e7ada de tratamento de \u00e1guas subterr\u00e2neas por membrana, em uma subsidi\u00e1ria de uma grande corpora\u00e7\u00e3o nos \u00faltimos 10 anos. Este sistema foi conclu\u00eddo na Aqua Easter Co., Ltd. como um sistema de uso geral altamente eficiente que n\u00e3o requer bomba de calor. Este neg\u00f3cio tamb\u00e9m cresceu para a escala de v\u00e1rias centenas de unidades por ano e continua a crescer ano ap\u00f3s ano.<\/span><\/p>\n<p class=\"brz-tp-lg-paragraph brz-text-lg-justify brz-css-v1z1Q\" data-generated-css=\"brz-css-uIAh_\" data-uniq-id=\"guxxm\"><\/p>\n<p class=\"brz-tp-lg-paragraph brz-text-lg-justify brz-css-wXbLr\" data-generated-css=\"brz-css-qqeAV\" data-uniq-id=\"fYVGP\"><span class=\"brz-cp-color7\">Este neg\u00f3cio de ar condicionado com energia renov\u00e1vel j\u00e1 concluiu diversas linhas de produtos e espera-se que se expanda rapidamente no futuro. No entanto, para estabilizar ainda mais os produtos e aprimorar o controle de qualidade, decidimos transferir o neg\u00f3cio para o gestor mais confi\u00e1vel entre nossas empresas parceiras.<\/span><\/p>\n<p class=\"brz-tp-lg-paragraph brz-text-lg-justify brz-css-nKCqq\" data-generated-css=\"brz-css-emzcg\" data-uniq-id=\"psrt0\"><\/p>\n<p class=\"brz-tp-lg-paragraph brz-text-lg-justify brz-css-sGNO2\" data-generated-css=\"brz-css-xlgWg\" data-uniq-id=\"euNuA\"><span class=\"brz-cp-color7\">Portanto, com o objetivo de concluir o trabalho da minha vida \u2014 um projeto de desenvolvimento \u2014 a quinta empresa que fundei \u00e9 a Aqua Green Eternal Co., Ltd.<\/span><\/p>\n<p class=\"brz-tp-lg-paragraph brz-text-lg-justify brz-css-eZJls\" data-generated-css=\"brz-css-fl4k_\" data-uniq-id=\"bj1_Y\"><span class=\"brz-cp-color7\">Esta ser\u00e1 a nossa s\u00e9tima subsidi\u00e1ria no exterior, incluindo as de Singapura e Mal\u00e1sia.<\/span><\/p>\n<p class=\"brz-tp-lg-paragraph brz-text-lg-justify brz-css-raYSP\" data-generated-css=\"brz-css-ftefS\" data-uniq-id=\"fiALR\"><\/p>\n<p class=\"brz-tp-lg-paragraph brz-text-lg-justify brz-css-vPiTB\" data-generated-css=\"brz-css-dEqEf\" data-uniq-id=\"mV4pm\"><span class=\"brz-cp-color7\">Nossa empresa pretende utilizar os recursos dessa transfer\u00eancia de neg\u00f3cios para construir uma organiza\u00e7\u00e3o de vendas que possa atender diretamente os clientes, principalmente nas regi\u00f5es de Tokai e Kanto Ocidental, apoiando assim o crescimento est\u00e1vel da Aqua Easter e, ao mesmo tempo, concluindo o trabalho de minha vida no desenvolvimento de neg\u00f3cios.<\/span><\/p>\n<p class=\"brz-tp-lg-paragraph brz-text-lg-justify brz-css-iQ138\" data-generated-css=\"brz-css-xC0Ig\" data-uniq-id=\"q7_r9\"><\/p>\n<p class=\"brz-tp-lg-paragraph brz-text-lg-justify brz-css-vDfJC\" data-generated-css=\"brz-css-g8GWa\" data-uniq-id=\"bX0Oe\"><span class=\"brz-cp-color7\">O novo neg\u00f3cio que desenvolveremos ter\u00e1 como foco a redu\u00e7\u00e3o dos custos de equipamentos, incluindo sistemas de recupera\u00e7\u00e3o de calor, novos condicionadores de ar com energia renov\u00e1vel, sistemas de tratamento de \u00e1guas residuais eficientes e sistemas de tratamento por plasma, que est\u00e3o relacionados a sistemas de ar condicionado e economia de energia, j\u00e1 possuem hist\u00f3rico comprovado e est\u00e3o apresentados neste site.<\/span><\/p>\n<p class=\"brz-tp-lg-paragraph brz-text-lg-justify brz-css-sYgag\" data-generated-css=\"brz-css-aHIVQ\" data-uniq-id=\"l2_sI\"><\/p>\n<p class=\"brz-tp-lg-paragraph brz-text-lg-justify brz-css-pCI5N\" data-generated-css=\"brz-css-zDu37\" data-uniq-id=\"ysO0a\"><span class=\"brz-cp-color7\">Pretendo me empenhar para concluir o trabalho da minha vida como guardi\u00e3o da natureza.<\/span><\/p>\n<p class=\"brz-tp-lg-paragraph brz-text-lg-justify brz-css-xkkyP\" data-generated-css=\"brz-css-hyFHJ\" data-uniq-id=\"l0N_E\"><span class=\"brz-cp-color7\">Agradecemos sua coopera\u00e7\u00e3o.<\/span><\/p>\n<p class=\"brz-tp-lg-paragraph brz-css-tDOIl\" data-generated-css=\"brz-css-q5ROp\" data-uniq-id=\"znt4r\"><\/p>\n<p class=\"brz-tp-lg-paragraph brz-text-lg-right brz-css-xvzh3\" data-generated-css=\"brz-css-bcMcy\" data-uniq-id=\"sAIxx\"><span class=\"brz-cp-color7\">Aqua Green Eternal Co., Ltd.<\/span><\/p>\n<p class=\"brz-tp-lg-paragraph brz-text-lg-right brz-css-sY0o_\" data-generated-css=\"brz-css-h9XcI\" data-uniq-id=\"yyiG9\"><span class=\"brz-cp-color7\">Deputado Eitaro Kimura<\/span><\/p>\n<\/div>\n<\/div>\n<\/div>\n<\/div>\n<\/div>\n<\/div>\n<\/div>\n<\/div>\n<\/div>\n<\/section>\n<section id=\"bphgufO7EiQX_bphgufO7EiQX\" class=\"brz-section brz-css-d-section brz-css-1qqhfp6\">\n<div class=\"brz-section__content brz-section--boxed brz-css-d-sectionitem-bg brz-css-r8shmt\" data-brz-custom-id=\"wSPrPeAqaBYI\">\n<div class=\"brz-container brz-css-d-sectionitem-container brz-css-1km88rs\">\n<div class=\"brz-row__container brz-css-d-row-row brz-css-qywd26\" data-brz-custom-id=\"kPVGin_NQJFx\">\n<div class=\"brz-row brz-css-d-row-container brz-css-1bngxif\">\n<div class=\"brz-columns brz-css-d-column-column brz-css-qcqiz\" data-brz-custom-id=\"d2Ctf3CkCfSo\">\n<div class=\"brz-column__items brz-css-d-column-bg brz-css-174ozw6\">\n<div class=\"brz-row__container brz-css-d-row-row brz-css-yd5ygi\" data-brz-custom-id=\"gs0Zdo1AwTHN\">\n<div class=\"brz-bg\">\n<div class=\"brz-bg-color\"><\/div>\n<\/div>\n<div class=\"brz-row brz-row--inner brz-css-d-row-container brz-css-f2z8ob\">\n<div class=\"brz-columns brz-css-d-column-column brz-css-1kfiwjt\" data-brz-custom-id=\"nMqodzNmSYyD\">\n<div class=\"brz-bg\">\n<div class=\"brz-bg-color\"><\/div>\n<\/div>\n<div class=\"brz-column__items brz-css-d-column-bg brz-css-1vtcnec\">\n<div id=\"\" class=\"brz-css-d-wrapper brz-css-633npq brz-wrapper\">\n<div class=\"brz-rich-text brz-rich-text__custom brz-css-d-richtext brz-css-1a3ktlz\" data-brz-custom-id=\"wcuoV5y34p3b\">\n<div data-brz-translate-text=\"1\">\n<p class=\"brz-tp-lg-paragraph brz-css-wiXNj\" data-uniq-id=\"uL5bz\" data-generated-css=\"brz-css-zqCjD\"><span class=\"brz-cp-color7\">escrit\u00f3rio principal<\/span><\/p>\n<\/div>\n<\/div>\n<\/div>\n<\/div>\n<\/div>\n<div class=\"brz-columns brz-css-d-column-column brz-css-1d4c2ex\" data-brz-custom-id=\"isBrTU577sd1\">\n<div class=\"brz-column__items brz-css-d-column-bg brz-css-ww01o8\">\n<div id=\"\" class=\"brz-css-d-wrapper brz-css-6391fi brz-wrapper\">\n<div class=\"brz-rich-text brz-rich-text__custom brz-css-d-richtext brz-css-1blyzv\" data-brz-custom-id=\"vt0J9vps0Fze\">\n<div data-brz-translate-text=\"1\">\n<p class=\"brz-tp-lg-paragraph brz-css-xKVnp\" data-uniq-id=\"wVdrx\" data-generated-css=\"brz-css-tJwum\"><span class=\"brz-cp-color7\">2590312<\/span><\/p>\n<p class=\"brz-tp-lg-paragraph brz-css-o79Sw\" data-uniq-id=\"j1VQ6\" data-generated-css=\"brz-css-yqxkI\"><span class=\"brz-cp-color7\">1980-140 Yoshihama, Yugawara-machi, Ashigarashimo-gun, prov\u00edncia de Kanagawa<\/span><\/p>\n<\/div>\n<\/div>\n<\/div>\n<\/div>\n<\/div>\n<\/div>\n<\/div>\n<div class=\"brz-row__container brz-css-d-row-row brz-css-kevfqk\" data-brz-custom-id=\"cOc4gtGbBG21\">\n<div class=\"brz-bg\">\n<div class=\"brz-bg-color\"><\/div>\n<\/div>\n<div class=\"brz-row brz-row--inner brz-css-d-row-container brz-css-8fmc6m\">\n<div class=\"brz-columns brz-css-d-column-column brz-css-1oblfhk\" data-brz-custom-id=\"tx6dlbVhFGIl\">\n<div class=\"brz-bg\">\n<div class=\"brz-bg-color\"><\/div>\n<\/div>\n<div class=\"brz-column__items brz-css-d-column-bg brz-css-1mrfmh\">\n<div id=\"\" class=\"brz-css-d-wrapper brz-css-1pasxsk brz-wrapper\">\n<div class=\"brz-rich-text brz-rich-text__custom brz-css-d-richtext brz-css-ip8wcc\" data-brz-custom-id=\"jV4inFrQMdud\">\n<div data-brz-translate-text=\"1\">\n<p class=\"brz-tp-lg-paragraph brz-css-bziXq\" data-generated-css=\"brz-css-rYJbU\" data-uniq-id=\"ap1y4\"><span class=\"brz-cp-color1\">Escrit\u00f3rio de T\u00f3quio<\/span><\/p>\n<\/div>\n<\/div>\n<\/div>\n<\/div>\n<\/div>\n<div class=\"brz-columns brz-css-d-column-column brz-css-1utvfdb\" data-brz-custom-id=\"xRB_DwaPKOzF\">\n<div class=\"brz-column__items brz-css-d-column-bg brz-css-phxodp\">\n<div id=\"\" class=\"brz-css-d-wrapper brz-css-1ol04gt brz-wrapper\">\n<div class=\"brz-rich-text brz-rich-text__custom brz-css-d-richtext brz-css-cmazsr\" data-brz-custom-id=\"mm5NWa4vmL18\">\n<div data-brz-translate-text=\"1\">\n<p class=\"brz-tp-lg-paragraph brz-css-ct7CE\" data-uniq-id=\"kfr1i\" data-generated-css=\"brz-css-nohFD\"><span class=\"brz-cp-color7\">\u3012<\/span><span class=\"brz-cp-color7\">104-0061<\/span><\/p>\n<p class=\"brz-tp-lg-paragraph brz-css-n3e1B\" data-uniq-id=\"tOJh9\" data-generated-css=\"brz-css-gnxjC\"><span class=\"brz-cp-color7\">Edif\u00edcio Ginza TH, 9\u00ba andar, 7-13-20 Ginza, Chuo-ku, T\u00f3quio<\/span><\/p>\n<\/div>\n<\/div>\n<\/div>\n<\/div>\n<\/div>\n<\/div>\n<\/div>\n<div class=\"brz-row__container brz-css-d-row-row brz-css-1xaletg\" data-brz-custom-id=\"zUHi4sdT0D8a\">\n<div class=\"brz-bg\">\n<div class=\"brz-bg-color\"><\/div>\n<\/div>\n<div class=\"brz-row brz-row--inner brz-css-d-row-container brz-css-b99hlv\">\n<div class=\"brz-columns brz-css-d-column-column brz-css-e32ayp\" data-brz-custom-id=\"vHNZByCjQisc\">\n<div class=\"brz-bg\">\n<div class=\"brz-bg-color\"><\/div>\n<\/div>\n<div class=\"brz-column__items brz-css-d-column-bg brz-css-yzighy\">\n<div id=\"\" class=\"brz-css-d-wrapper brz-css-jgosxa brz-wrapper\">\n<div class=\"brz-rich-text brz-rich-text__custom brz-css-d-richtext brz-css-14p9hw0\" data-brz-custom-id=\"iO7w6mMghMaJ\">\n<div data-brz-translate-text=\"1\">\n<p class=\"brz-tp-lg-paragraph brz-css-jEEhm\" data-generated-css=\"brz-css-dyvHu\" data-uniq-id=\"lzdJr\"><span class=\"brz-cp-color1\">Departamento de Planejamento e Desenvolvimento<\/span><\/p>\n<\/div>\n<\/div>\n<\/div>\n<\/div>\n<\/div>\n<div class=\"brz-columns brz-css-d-column-column brz-css-vecl8f\" data-brz-custom-id=\"lgJw9bgpIc7g\">\n<div class=\"brz-column__items brz-css-d-column-bg brz-css-1vzycxz\">\n<div id=\"\" class=\"brz-css-d-wrapper brz-css-1hazia6 brz-wrapper\">\n<div class=\"brz-rich-text brz-rich-text__custom brz-css-d-richtext brz-css-1rjk7y0\" data-brz-custom-id=\"e_7JiAEZwQjM\">\n<div data-brz-translate-text=\"1\">\n<p class=\"brz-tp-lg-paragraph brz-css-u5n3R\" data-uniq-id=\"cUZwk\" data-generated-css=\"brz-css-iKUD7\"><span class=\"brz-cp-color7\">\u3012<\/span><span class=\"brz-cp-color7\">250-0117<\/span><\/p>\n<p class=\"brz-tp-lg-paragraph brz-css-mvvyg\" data-uniq-id=\"tFopR\" data-generated-css=\"brz-css-aQtUx\"><span class=\"brz-cp-color7\">2706 Tsukahara, cidade de Minamiashigara, prov\u00edncia de Kanagawa<\/span><\/p>\n<\/div>\n<\/div>\n<\/div>\n<\/div>\n<\/div>\n<\/div>\n<\/div>\n<div class=\"brz-row__container brz-css-d-row-row brz-css-1yr67jm\" data-brz-custom-id=\"bHASW5JniL9o\">\n<div class=\"brz-bg\">\n<div class=\"brz-bg-color\"><\/div>\n<\/div>\n<div class=\"brz-row brz-row--inner brz-css-d-row-container brz-css-14lhuwb\">\n<div class=\"brz-columns brz-css-d-column-column brz-css-1hj0gv9\" data-brz-custom-id=\"cSNf0zdB8mM3\">\n<div class=\"brz-bg\">\n<div class=\"brz-bg-color\"><\/div>\n<\/div>\n<div class=\"brz-column__items brz-css-d-column-bg brz-css-2g0zlx\">\n<div id=\"\" class=\"brz-css-d-wrapper brz-css-188jpxm brz-wrapper\">\n<div class=\"brz-rich-text brz-rich-text__custom brz-css-d-richtext brz-css-5ilk9l\" data-brz-custom-id=\"hVyUDylROzMQ\">\n<div data-brz-translate-text=\"1\">\n<p class=\"brz-tp-lg-paragraph brz-css-yGKZF\" data-uniq-id=\"gcM6E\" data-generated-css=\"brz-css-nwmtA\"><span class=\"brz-cp-color7\">Sala de modelos agr\u00edcolas<\/span><\/p>\n<p class=\"brz-tp-lg-paragraph brz-css-d0FKQ\" data-uniq-id=\"gcM6E\" data-generated-css=\"brz-css-nwmtA\"><span class=\"brz-cp-color7\">f\u00e1brica\/centro de treinamento para ajustes de remessa<\/span><\/p>\n<\/div>\n<\/div>\n<\/div>\n<\/div>\n<\/div>\n<div class=\"brz-columns brz-css-d-column-column brz-css-nihyzy\" data-brz-custom-id=\"q2_h2utVA6Pb\">\n<div class=\"brz-column__items brz-css-d-column-bg brz-css-1ar8gry\">\n<div id=\"\" class=\"brz-css-d-wrapper brz-css-1r14fi3 brz-wrapper\">\n<div class=\"brz-rich-text brz-rich-text__custom brz-css-d-richtext brz-css-z9h0z9\" data-brz-custom-id=\"dgbzHVHTb0Y0\">\n<div data-brz-translate-text=\"1\">\n<p class=\"brz-tp-lg-paragraph brz-css-m57kC\" data-uniq-id=\"p2Bi5\" data-generated-css=\"brz-css-tD713\"><span class=\"brz-cp-color7\">613-0044<\/span><\/p>\n<p class=\"brz-tp-lg-paragraph brz-css-nskue\" data-uniq-id=\"xAkgX\" data-generated-css=\"brz-css-sF1Yj\"><span class=\"brz-cp-color7\">18 Fujinohigashi, Fujiwada, Kumiyama-cho, Kuze-gun, Prefeitura de Kyoto (dentro de La Fraise)<\/span><\/p>\n<\/div>\n<\/div>\n<\/div>\n<\/div>\n<\/div>\n<\/div>\n<\/div>\n<div class=\"brz-row__container brz-css-d-row-row brz-css-1it7oh9\" data-brz-custom-id=\"e482BDf9SYmY\">\n<div class=\"brz-bg\">\n<div class=\"brz-bg-color\"><\/div>\n<\/div>\n<div class=\"brz-row brz-row--inner brz-css-d-row-container brz-css-ooctvb\">\n<div class=\"brz-columns brz-css-d-column-column brz-css-1vwqzqv\" data-brz-custom-id=\"orUyPBsCRuCu\">\n<div class=\"brz-bg\">\n<div class=\"brz-bg-color\"><\/div>\n<\/div>\n<div class=\"brz-column__items brz-css-d-column-bg brz-css-hv82s8\">\n<div id=\"\" class=\"brz-css-d-wrapper brz-css-cwnwrh brz-wrapper\">\n<div class=\"brz-rich-text brz-rich-text__custom brz-css-d-richtext brz-css-6sagu8\" data-brz-custom-id=\"sbvy68i77ZPO\">\n<div data-brz-translate-text=\"1\">\n<p class=\"brz-tp-lg-paragraph brz-css-tQlT3\" data-uniq-id=\"p3y73\" data-generated-css=\"brz-css-njtVM\"><span class=\"brz-cp-color7\">capital<\/span><\/p>\n<\/div>\n<\/div>\n<\/div>\n<\/div>\n<\/div>\n<div class=\"brz-columns brz-css-d-column-column brz-css-u27s51\" data-brz-custom-id=\"zX9z7t_Sqpo2\">\n<div class=\"brz-column__items brz-css-d-column-bg brz-css-1dhq44r\">\n<div id=\"\" class=\"brz-css-d-wrapper brz-css-1kh7haf brz-wrapper\">\n<div class=\"brz-rich-text brz-rich-text__custom brz-css-d-richtext brz-css-1q931pz\" data-brz-custom-id=\"oo0GT2v8IGha\">\n<div data-brz-translate-text=\"1\">\n<p class=\"brz-tp-lg-paragraph brz-css-dJBvD\" data-generated-css=\"brz-css-uQq_9\" data-uniq-id=\"rNoMj\"><span class=\"brz-cp-color7\">10.000.000 ienes<\/span><\/p>\n<\/div>\n<\/div>\n<\/div>\n<\/div>\n<\/div>\n<\/div>\n<\/div>\n<div class=\"brz-row__container brz-css-d-row-row brz-css-1134aew\" data-brz-custom-id=\"xaw17RTeTXK6\">\n<div class=\"brz-bg\">\n<div class=\"brz-bg-color\"><\/div>\n<\/div>\n<div class=\"brz-row brz-row--inner brz-css-d-row-container brz-css-ap18se\">\n<div class=\"brz-columns brz-css-d-column-column brz-css-ezlbrf\" data-brz-custom-id=\"qweCh6fG87xr\">\n<div class=\"brz-bg\">\n<div class=\"brz-bg-color\"><\/div>\n<\/div>\n<div class=\"brz-column__items brz-css-d-column-bg brz-css-alr1b9\">\n<div id=\"\" class=\"brz-css-d-wrapper brz-css-7nnyx3 brz-wrapper\">\n<div class=\"brz-rich-text brz-rich-text__custom brz-css-d-richtext brz-css-1509w9t\" data-brz-custom-id=\"fi95EqKTHYUZ\">\n<div data-brz-translate-text=\"1\">\n<p class=\"brz-tp-lg-paragraph brz-css-mweVd\" data-generated-css=\"brz-css-jJjWm\" data-uniq-id=\"bAnHX\"><span class=\"brz-cp-color7\">N\u00famero principal<\/span><\/p>\n<\/div>\n<\/div>\n<\/div>\n<\/div>\n<\/div>\n<div class=\"brz-columns brz-css-d-column-column brz-css-1k12omp\" data-brz-custom-id=\"odT8H3Cv1iYq\">\n<div class=\"brz-column__items brz-css-d-column-bg brz-css-lou4ql\">\n<div id=\"\" class=\"brz-css-d-wrapper brz-css-1489mtr brz-wrapper\">\n<div class=\"brz-rich-text brz-rich-text__custom brz-css-d-richtext brz-css-1w4l2ov\" data-brz-custom-id=\"oLgJPZ4lVpv5\">\n<div data-brz-translate-text=\"1\">\n<p class=\"brz-tp-lg-paragraph brz-css-j9bRA\" data-generated-css=\"brz-css-moDzU\" data-uniq-id=\"hW0v0\"><span class=\"brz-cp-color1\">0466-96-0477<\/span><\/p>\n<\/div>\n<\/div>\n<\/div>\n<\/div>\n<\/div>\n<\/div>\n<\/div>\n<div class=\"brz-row__container brz-css-d-row-row brz-css-owshij\" data-brz-custom-id=\"xnEjHVFkxTeM\">\n<div class=\"brz-bg\">\n<div class=\"brz-bg-color\"><\/div>\n<\/div>\n<div class=\"brz-row brz-row--inner brz-css-d-row-container brz-css-nzsdhl\">\n<div class=\"brz-columns brz-css-d-column-column brz-css-1sg2etp\" data-brz-custom-id=\"zMMpOqg8pQ3y\">\n<div class=\"brz-bg\">\n<div class=\"brz-bg-color\"><\/div>\n<\/div>\n<div class=\"brz-column__items brz-css-d-column-bg brz-css-1v2rep1\">\n<div id=\"\" class=\"brz-css-d-wrapper brz-css-m8zw8n brz-wrapper\">\n<div class=\"brz-rich-text brz-rich-text__custom brz-css-d-richtext brz-css-cqasuk\" data-brz-custom-id=\"qPHjE1cEYdR2\">\n<div data-brz-translate-text=\"1\">\n<p class=\"brz-tp-lg-paragraph brz-css-jC9Rv\" data-generated-css=\"brz-css-nmkSb\" data-uniq-id=\"i4m5U\"><span class=\"brz-cp-color7\">Diretor Representante<\/span><\/p>\n<\/div>\n<\/div>\n<\/div>\n<\/div>\n<\/div>\n<div class=\"brz-columns brz-css-d-column-column brz-css-ru74t1\" data-brz-custom-id=\"q_zvfFb63clk\">\n<div class=\"brz-column__items brz-css-d-column-bg brz-css-5f8i19\">\n<div id=\"\" class=\"brz-css-d-wrapper brz-css-1r12y1x brz-wrapper\">\n<div class=\"brz-rich-text brz-rich-text__custom brz-css-d-richtext brz-css-km3he8\" data-brz-custom-id=\"eAcloc7aAgPF\">\n<div data-brz-translate-text=\"1\">\n<p class=\"brz-tp-lg-paragraph brz-css-wNH4y\" data-uniq-id=\"zRjbn\" data-generated-css=\"brz-css-mu3c1\"><span class=\"brz-cp-color7\">Eitaro Kimura<\/span><\/p>\n<\/div>\n<\/div>\n<\/div>\n<\/div>\n<\/div>\n<\/div>\n<\/div>\n<div class=\"brz-row__container brz-css-d-row-row brz-css-awma9e\" data-brz-custom-id=\"kxX6dTIed73a\">\n<div class=\"brz-bg\">\n<div class=\"brz-bg-color\"><\/div>\n<\/div>\n<div class=\"brz-row brz-row--inner brz-css-d-row-container brz-css-1dv7yaw\">\n<div class=\"brz-columns brz-css-d-column-column brz-css-mllir3\" data-brz-custom-id=\"wXd3p6Djnv5O\">\n<div class=\"brz-bg\">\n<div class=\"brz-bg-color\"><\/div>\n<\/div>\n<div class=\"brz-column__items brz-css-d-column-bg brz-css-k5p0w7\">\n<div id=\"\" class=\"brz-css-d-wrapper brz-css-txv0o7 brz-wrapper\">\n<div class=\"brz-rich-text brz-rich-text__custom brz-css-d-richtext brz-css-2pl1z1\" data-brz-custom-id=\"gUsUke_Hm8rn\">\n<div data-brz-translate-text=\"1\">\n<p class=\"brz-tp-lg-paragraph brz-css-p0HPb\" data-generated-css=\"brz-css-ntAZs\" data-uniq-id=\"n42Ea\"><span class=\"brz-cp-color7\">Conte\u00fado empresarial<\/span><\/p>\n<\/div>\n<\/div>\n<\/div>\n<\/div>\n<\/div>\n<div class=\"brz-columns brz-css-d-column-column brz-css-ym37ro\" data-brz-custom-id=\"yoeWbIyqwHDO\">\n<div class=\"brz-column__items brz-css-d-column-bg brz-css-smfbgc\">\n<div id=\"\" class=\"brz-css-d-wrapper brz-css-xf11ka brz-wrapper\">\n<div class=\"brz-rich-text brz-rich-text__custom brz-css-d-richtext brz-css-qvekjc\" data-brz-custom-id=\"tEiJcageYhN_\">\n<div data-brz-translate-text=\"1\">\n<p class=\"brz-tp-lg-paragraph brz-css-vsG51\" data-uniq-id=\"z35ns\" data-generated-css=\"brz-css-fWp78\"><span class=\"brz-cp-color7\">1. Pesquisa e desenvolvimento, projeto, fabrica\u00e7\u00e3o, vendas e importa\u00e7\u00e3o\/exporta\u00e7\u00e3o de equipamentos de ar condicionado, equipamentos para tratamento de \u00e1gua e equipamentos ambientais.<\/span><\/p>\n<p class=\"brz-tp-lg-paragraph brz-css-f3RXr\" data-uniq-id=\"iHf_j\" data-generated-css=\"brz-css-uW2lw\"><span class=\"brz-cp-color7\">2. Pesquisa e desenvolvimento, projeto, fabrica\u00e7\u00e3o, vendas e importa\u00e7\u00e3o\/exporta\u00e7\u00e3o de equipamentos de recupera\u00e7\u00e3o de energia.<\/span><\/p>\n<p class=\"brz-tp-lg-paragraph brz-css-a5FO_\" data-uniq-id=\"v8K8J\" data-generated-css=\"brz-css-w4136\"><span class=\"brz-cp-color7\">3. Pesquisa, fabrica\u00e7\u00e3o, projeto e venda de equipamentos e sistemas relacionados ao baixo consumo de energia.<\/span><\/p>\n<p class=\"brz-tp-lg-paragraph brz-css-cZ00d\" data-uniq-id=\"rLmCG\" data-generated-css=\"brz-css-gpAF1\"><span class=\"brz-cp-color7\">4. Desenvolvimento de recursos humanos, organiza\u00e7\u00e3o de semin\u00e1rios e servi\u00e7os de consultoria para startups relacionadas a neg\u00f3cios ambientais.<\/span><\/p>\n<p class=\"brz-tp-lg-paragraph brz-css-btVUj\" data-uniq-id=\"qNaH9\" data-generated-css=\"brz-css-pXL0h\"><span class=\"brz-cp-color7\">5. Pesquisa e desenvolvimento, projeto, fabrica\u00e7\u00e3o e venda de equipamentos agr\u00edcolas.<\/span><\/p>\n<p class=\"brz-tp-lg-paragraph brz-css-lGpEa\" data-uniq-id=\"tzzSS\" data-generated-css=\"brz-css-bK_kP\"><span class=\"brz-cp-color7\">6. Divis\u00e3o de Tratamento de \u00c1gua<\/span><\/p>\n<\/div>\n<\/div>\n<\/div>\n<\/div>\n<\/div>\n<\/div>\n<\/div>\n<\/div>\n<\/div>\n<\/div>\n<\/div>\n<\/div>\n<\/div>\n<\/section><\/div>\n<p><!-- version:1769300511 --><\/p>","protected":false},"excerpt":{"rendered":"<p>\u4f1a\u793e\u6982\u8981 \u79c1\u306f\u6c34\u51e6\u7406\u3092\u4e2d\u5fc3\u3068\u3057\u305f\u7dcf\u5408\u30d7\u30e9\u30f3\u30c8\u30a8\u30f3\u30b8\u30cb\u30a2\u30ea\u30f3\u30b0\u306b\u7aef\u3092\u767a\u3057\u3001\u305d\u306e\u5f8c\u6c34\u74b0\u5883\u88c5\u7f6e\u4e2d\u5fc3\u306e\u65b0\u898f\u4e8b\u696d\u80b2\u6210\u3092\u5951\u7d04\u3067\u8acb\u3051\u8ca0\u3046\u696d\u52d9\u3092\u4e2d\u5fc3\u306b\u884c\u3063\u3066\u53c2\u308a\u307e\u3057\u305f\u3002 \u7279\u306b\u5730\u4e0b\u6c34\u306e\u819c\u51e6\u7406\u30b7\u30b9\u30c6\u30e0\u306e\u30d3\u30b8\u30cd\u30b9\u3067\u306f\u3001\u4e8b\u696d\u7d71\u62ec\u90e8\u9577\u3068\u3057\u3066\u77ed\u671f\u3067 [&hellip;]<\/p>\n","protected":false},"author":2,"featured_media":0,"parent":0,"menu_order":0,"comment_status":"closed","ping_status":"closed","template":"","meta":{"_acf_changed":false,"content-type":"","footnotes":""},"class_list":["post-82","page","type-page","status-publish","hentry"],"blocksy_meta":[],"acf":[],"aioseo_notices":[],"brizy_media":[],"_links":{"self":[{"href":"https:\/\/aquagreen-eternal.com\/pt\/wp-json\/wp\/v2\/pages\/82","targetHints":{"allow":["GET"]}}],"collection":[{"href":"https:\/\/aquagreen-eternal.com\/pt\/wp-json\/wp\/v2\/pages"}],"about":[{"href":"https:\/\/aquagreen-eternal.com\/pt\/wp-json\/wp\/v2\/types\/page"}],"author":[{"embeddable":true,"href":"https:\/\/aquagreen-eternal.com\/pt\/wp-json\/wp\/v2\/users\/2"}],"replies":[{"embeddable":true,"href":"https:\/\/aquagreen-eternal.com\/pt\/wp-json\/wp\/v2\/comments?post=82"}],"version-history":[{"count":27,"href":"https:\/\/aquagreen-eternal.com\/pt\/wp-json\/wp\/v2\/pages\/82\/revisions"}],"predecessor-version":[{"id":20285,"href":"https:\/\/aquagreen-eternal.com\/pt\/wp-json\/wp\/v2\/pages\/82\/revisions\/20285"}],"wp:attachment":[{"href":"https:\/\/aquagreen-eternal.com\/pt\/wp-json\/wp\/v2\/media?parent=82"}],"curies":[{"name":"wp","href":"https:\/\/api.w.org\/{rel}","templated":true}]}}