{"id":892,"date":"2024-07-11T14:42:31","date_gmt":"2024-07-11T05:42:31","guid":{"rendered":"https:\/\/aquagreen-eternal.com\/?page_id=892"},"modified":"2026-05-01T22:04:38","modified_gmt":"2026-05-01T13:04:38","slug":"catalog","status":"publish","type":"page","link":"https:\/\/aquagreen-eternal.com\/pt\/catalog\/","title":{"rendered":"Solicite um cat\u00e1logo"},"content":{"rendered":"<div class=\"brz-root__container brz-reset-all brz\">\n<section id=\"_i3NSv_76bZ03\" class=\"brz-section brz-css-iQmZo brz-css-k7Gm9\">\n<div class=\"brz-section__content brz-section--boxed brz-css-yUfA4 brz-css-hyGFk\" data-brz-custom-id=\"rawCvOwEGxkK\">\n<div class=\"brz-bg\">\n<div class=\"brz-bg-color\"><\/div>\n<\/div>\n<div class=\"brz-container brz-css-p2RKW\">\n<div id=\"\" class=\"brz-css-eN4M_ brz-wrapper\">\n<div class=\"brz-rich-text brz-rich-text__custom brz-css-eLdxI\" data-brz-custom-id=\"v9iv2dzMbzPs\">\n<div data-brz-translate-text=\"1\">\n<h1 class=\"brz-text-lg-center brz-tp-lg-heading1 brz-css-pRzDH\" data-uniq-id=\"a6RBA\" data-generated-css=\"brz-css-tUflq\"><strong class=\"brz-cp-color7\">Solicite um cat\u00e1logo<\/strong><\/h1>\n<\/div>\n<\/div>\n<\/div>\n<\/div>\n<\/div>\n<\/section>\n<section id=\"_sZ4LKUMiid68\" class=\"brz-section brz-css-iQmZo\">\n<div class=\"brz-section__content brz-section--boxed brz-css-yUfA4 brz-css-e7nJt\" data-brz-custom-id=\"i5tJuOyQ53I3\">\n<div class=\"brz-container brz-css-p2RKW brz-css-vises\">\n<div id=\"\" class=\"brz-css-eN4M_ brz-wrapper\">\n<div class=\"brz-rich-text brz-rich-text__custom brz-css-eLdxI\" data-brz-custom-id=\"bwT_kxgd1OJr\">\n<div data-brz-translate-text=\"1\">\n<p class=\"brz-text-lg-justify brz-tp-lg-paragraph brz-css-toJQf\" data-generated-css=\"brz-css-t7lin\" data-uniq-id=\"piWaU\"><span class=\"brz-cp-color7\">Preencha as informa\u00e7\u00f5es solicitadas no formul\u00e1rio abaixo. Enviaremos um cat\u00e1logo para o seu e-mail. Caso n\u00e3o receba o e-mail, verifique sua caixa de spam.<\/span><\/p>\n<\/div>\n<\/div>\n<\/div>\n<\/div>\n<\/div>\n<\/section>\n<section id=\"_qwBd9R4RMxRC\" class=\"brz-section brz-css-iQmZo\">\n<div class=\"brz-section__content brz-section--boxed brz-css-yUfA4 brz-css-pL7XZ\" data-brz-custom-id=\"tC741FWKJwq7\">\n<div class=\"brz-container brz-css-p2RKW brz-css-zTICn\">\n<div id=\"\" class=\"brz-css-eN4M_ brz-wrapper\">\n<div class=\"brz-wp-shortcode brz-css-hGnMv\" data-brz-custom-id=\"f9mFiDWPIp8u\">\n<div>\n<div class=\"wpcf7 no-js\" id=\"wpcf7-f904-o1\" lang=\"ja\" dir=\"ltr\" data-wpcf7-id=\"904\">\n<div class=\"screen-reader-response\"><p role=\"status\" aria-live=\"polite\" aria-atomic=\"true\"><\/p> <ul><\/ul><\/div>\n<form action=\"\/pt\/wp-json\/wp\/v2\/pages\/892#wpcf7-f904-o1\" method=\"post\" class=\"wpcf7-form init\" aria-label=\"\u30b3\u30f3\u30bf\u30af\u30c8\u30d5\u30a9\u30fc\u30e0\" novalidate=\"novalidate\" data-status=\"init\" data-trp-original-action=\"\/pt\/wp-json\/wp\/v2\/pages\/892#wpcf7-f904-o1\">\n<fieldset class=\"hidden-fields-container\"><input type=\"hidden\" name=\"_wpcf7\" value=\"904\" \/><input type=\"hidden\" name=\"_wpcf7_version\" value=\"6.1.5\" \/><input type=\"hidden\" name=\"_wpcf7_locale\" value=\"ja\" \/><input type=\"hidden\" name=\"_wpcf7_unit_tag\" value=\"wpcf7-f904-o1\" \/><input type=\"hidden\" name=\"_wpcf7_container_post\" value=\"0\" \/><input type=\"hidden\" name=\"_wpcf7_posted_data_hash\" value=\"\" \/>\n<\/fieldset>\n<table class=\"contact\">\n\t<tr>\n\t\t<td>\n\t\t\t<p>nome da empresa<span class=\"req\">*<\/span>\n\t\t\t<\/p>\n\t\t<\/td>\n\t\t<td>\n\t\t\t<p><span class=\"wpcf7-form-control-wrap\" data-name=\"your-company\"><input size=\"40\" maxlength=\"400\" class=\"wpcf7-form-control wpcf7-text wpcf7-validates-as-required\" aria-required=\"true\" aria-invalid=\"false\" value=\"\" type=\"text\" name=\"your-company\" \/><\/span>\n\t\t\t<\/p>\n\t\t<\/td>\n\t<\/tr>\n\t<tr>\n\t\t<td>\n\t\t\t<p>Seu nome<span class=\"req\">*<\/span>\n\t\t\t<\/p>\n\t\t<\/td>\n\t\t<td>\n\t\t\t<p><span class=\"wpcf7-form-control-wrap\" data-name=\"your-name\"><input size=\"40\" maxlength=\"400\" class=\"wpcf7-form-control wpcf7-text wpcf7-validates-as-required\" aria-required=\"true\" aria-invalid=\"false\" value=\"\" type=\"text\" name=\"your-name\" \/><\/span>\n\t\t\t<\/p>\n\t\t<\/td>\n\t<\/tr>\n\t<tr>\n\t\t<td>\n\t\t\t<p>n\u00famero de telefone<span class=\"req\">*<\/span>\n\t\t\t<\/p>\n\t\t<\/td>\n\t\t<td>\n\t\t\t<p><span class=\"wpcf7-form-control-wrap\" data-name=\"your-tel\"><input size=\"40\" maxlength=\"400\" class=\"wpcf7-form-control wpcf7-tel wpcf7-validates-as-required wpcf7-text wpcf7-validates-as-tel\" aria-required=\"true\" aria-invalid=\"false\" value=\"\" type=\"tel\" name=\"your-tel\" \/><\/span>\n\t\t\t<\/p>\n\t\t<\/td>\n\t<\/tr>\n\t<tr>\n\t\t<td>\n\t\t\t<p>endere\u00e7o de email<span class=\"req\">*<\/span>\n\t\t\t<\/p>\n\t\t<\/td>\n\t\t<td>\n\t\t\t<p><span class=\"wpcf7-form-control-wrap\" data-name=\"your-email\"><input size=\"40\" maxlength=\"400\" class=\"wpcf7-form-control wpcf7-email wpcf7-validates-as-required wpcf7-text wpcf7-validates-as-email\" aria-required=\"true\" aria-invalid=\"false\" value=\"\" type=\"email\" name=\"your-email\" \/><\/span>\n\t\t\t<\/p>\n\t\t<\/td>\n\t<\/tr>\n\t<tr>\n\t\t<td>\n\t\t\t<p>Cat\u00e1logo solicitado<span class=\"req\">*<\/span>\n\t\t\t<\/p>\n\t\t<\/td>\n\t\t<td>\n\t\t\t<p><span class=\"wpcf7-form-control-wrap\" data-name=\"item\"><span class=\"wpcf7-form-control wpcf7-checkbox\"><span class=\"wpcf7-list-item first\"><label><input type=\"checkbox\" name=\"item[]\" value=\"\u7dcf\u5408\u30ab\u30bf\u30ed\u30b0\" \/><span class=\"wpcf7-list-item-label\">Cat\u00e1logo Geral<\/span><\/label><\/span><span class=\"wpcf7-list-item last\"><label><input type=\"checkbox\" name=\"item[]\" value=\"(\u8fb2\u696d\u30fb\u755c\u7523)\u7279\u7d04\u5e97\u30b7\u30b9\u30c6\u30e0\u30ab\u30bf\u30ed\u30b0\" \/><span class=\"wpcf7-list-item-label\">Cat\u00e1logo Especial de Sistemas para Concession\u00e1rias (Agricultura e Pecu\u00e1ria)<\/span><\/label><\/span><\/span><\/span>\n\t\t\t<\/p>\n\t\t<\/td>\n\t<\/tr>\n\t<tr>\n\t\t<td colspan=\"2\">\n\t\t\t<p>Consultas<a href=\"\/pt\/privacy-policy\/\" target=\"_blank\">Em rela\u00e7\u00e3o ao tratamento de informa\u00e7\u00f5es pessoais<\/a>Por favor, envie o formul\u00e1rio ap\u00f3s concordar com os termos e condi\u00e7\u00f5es.\n\t\t\t<\/p>\n\t\t<\/td>\n\t<\/tr>\n\t<tr>\n\t\t<td colspan=\"2\">\n\t\t\t<p><span class=\"wpcf7-form-control-wrap\" data-name=\"check\"><span class=\"wpcf7-form-control wpcf7-checkbox wpcf7-validates-as-required\"><span class=\"wpcf7-list-item first last\"><input type=\"checkbox\" name=\"check[]\" value=\"\u540c\u610f\u3059\u308b\" \/><span class=\"wpcf7-list-item-label\">concordar<\/span><\/span><\/span><\/span>\n\t\t\t<\/p>\n\t\t<\/td>\n\t<\/tr>\n\t<tr class=\"sub_btn\">\n\t\t<td colspan=\"2\">\n\t\t<div class=\"wpcf7-turnstile cf-turnstile\" data-sitekey=\"0x4AAAAAAB6PAltWiZW1mP6O\" data-response-field-name=\"_wpcf7_turnstile_response\"><\/div>\n\t\t\t<p><input class=\"wpcf7-form-control wpcf7-submit has-spinner\" type=\"submit\" value=\"enviar\" \/>\n\t\t\t<\/p>\n\t\t<\/td>\n\t<\/tr>\n<\/table>\n<p><script>\ndocument.addEventListener( 'wpcf7mailsent', function( event ) {\n location = 'https:\/\/aquagreen-eternal.com\/catalog\/catalog-thanks\/';\n}, false );\n<\/script>\n<\/p><div class=\"wpcf7-response-output\" aria-hidden=\"true\"><\/div>\n<input type=\"hidden\" name=\"trp-form-language\" value=\"pt\"\/><\/form>\n<\/div>\n<\/div>\n<\/div>\n<\/div>\n<\/div>\n<\/div>\n<\/section>\n<\/div>\n<p>    <!-- version:1731980282 --><\/p>","protected":false},"excerpt":{"rendered":"<p>\u30ab\u30bf\u30ed\u30b0\u8acb\u6c42 \u4e0b\u8a18\u30d5\u30a9\u30fc\u30e0\u3078\u5fc5\u8981\u4e8b\u9805\u3092\u3054\u8a18\u5165\u304f\u3060\u3055\u3044\u3002\u30ab\u30bf\u30ed\u30b0\u3092\u30e1\u30fc\u30eb\u306b\u3066\u9001\u4ed8\u3055\u305b\u3066\u9802\u3044\u3066\u304a\u308a\u307e\u3059\u3002\u30e1\u30fc\u30eb\u304c\u78ba\u8a8d\u304c\u3067\u304d\u306a\u3044\u5834\u5408\u306f\u3001\u8ff7\u60d1\u30e1\u30fc\u30eb\u30d5\u30a9\u30eb\u30c0\u3092\u3054\u78ba\u8a8d\u3044\u305f\u3060\u304d\u307e\u3059\u3088\u3046\u3001\u304a\u9858\u3044\u3044\u305f\u3057\u307e\u3059\u3002<\/p>","protected":false},"author":2,"featured_media":0,"parent":0,"menu_order":0,"comment_status":"closed","ping_status":"closed","template":"","meta":{"_acf_changed":false,"content-type":"","footnotes":""},"class_list":["post-892","page","type-page","status-publish","hentry"],"blocksy_meta":[],"acf":[],"aioseo_notices":[],"brizy_media":[],"_links":{"self":[{"href":"https:\/\/aquagreen-eternal.com\/pt\/wp-json\/wp\/v2\/pages\/892","targetHints":{"allow":["GET"]}}],"collection":[{"href":"https:\/\/aquagreen-eternal.com\/pt\/wp-json\/wp\/v2\/pages"}],"about":[{"href":"https:\/\/aquagreen-eternal.com\/pt\/wp-json\/wp\/v2\/types\/page"}],"author":[{"embeddable":true,"href":"https:\/\/aquagreen-eternal.com\/pt\/wp-json\/wp\/v2\/users\/2"}],"replies":[{"embeddable":true,"href":"https:\/\/aquagreen-eternal.com\/pt\/wp-json\/wp\/v2\/comments?post=892"}],"version-history":[{"count":5,"href":"https:\/\/aquagreen-eternal.com\/pt\/wp-json\/wp\/v2\/pages\/892\/revisions"}],"predecessor-version":[{"id":906,"href":"https:\/\/aquagreen-eternal.com\/pt\/wp-json\/wp\/v2\/pages\/892\/revisions\/906"}],"wp:attachment":[{"href":"https:\/\/aquagreen-eternal.com\/pt\/wp-json\/wp\/v2\/media?parent=892"}],"curies":[{"name":"wp","href":"https:\/\/api.w.org\/{rel}","templated":true}]}}