{"id":220,"date":"2024-07-05T12:03:43","date_gmt":"2024-07-05T03:03:43","guid":{"rendered":"https:\/\/aquagreen-eternal.com\/?page_id=220"},"modified":"2026-02-27T10:27:54","modified_gmt":"2026-02-27T01:27:54","slug":"heat-recycle","status":"publish","type":"page","link":"https:\/\/aquagreen-eternal.com\/vi\/heat-recycle\/","title":{"rendered":"H\u1ec7 th\u1ed1ng thu h\u1ed3i nhi\u1ec7t"},"content":{"rendered":"<div class=\"brz-root__container brz-reset-all brz\">\n<section id=\"_rZ3LyPGhz2ib\" class=\"brz-section brz-css-kKEak brz-css-xWmwW\">\n<div class=\"brz-section__content brz-section--boxed brz-css-cZCfK brz-css-swul9\" data-brz-custom-id=\"pUWQFmwrIIrg\">\n<div class=\"brz-bg\">\n<div class=\"brz-bg-color\"><\/div>\n<\/div>\n<div class=\"brz-container brz-css-eY6Pc\">\n<div id=\"\" class=\"brz-css-kx6te brz-wrapper\">\n<div class=\"brz-rich-text brz-rich-text__custom brz-css-eqLEM\" data-brz-custom-id=\"qQSfShzwhpfK\">\n<div data-brz-translate-text=\"1\">\n<h1 class=\"brz-tp-lg-heading1 brz-text-lg-center brz-css-dQeGP\" data-generated-css=\"brz-css-ye9QB\" data-uniq-id=\"q4CCY\"><strong class=\"brz-cp-color7\">H\u1ec7 th\u1ed1ng thu h\u1ed3i nhi\u1ec7t<\/strong><\/h1>\n<\/div>\n<\/div>\n<\/div>\n<\/div>\n<\/div>\n<\/section>\n<section id=\"_h6lXQDkZMDcH\" class=\"brz-section brz-css-kKEak\">\n<div class=\"brz-section__content brz-section--boxed brz-css-cZCfK\" data-brz-custom-id=\"tc_eT3Btnr_E\">\n<div class=\"brz-container brz-css-eY6Pc brz-css-yznXg\">\n<div id=\"\" class=\"brz-css-kx6te brz-wrapper\">\n<div class=\"brz-rich-text brz-rich-text__custom brz-css-eqLEM\" data-brz-custom-id=\"dlIIIb6zWesr\">\n<div data-brz-translate-text=\"1\">\n<p class=\"brz-tp-lg-paragraph brz-text-lg-justify brz-css-jlJHB\" data-generated-css=\"brz-css-iFC0E\" data-uniq-id=\"pK730\"><span class=\"brz-cp-color7\">C\u00e1c M\u1ee5c ti\u00eau Ph\u00e1t tri\u1ec3n B\u1ec1n v\u1eefng (SDGs), \u0111\u01b0\u1ee3c Li\u00ean H\u1ee3p Qu\u1ed1c x\u00e2y d\u1ef1ng v\u00e0o n\u0103m 2015, \u0111\u1eb7t ra 17 m\u1ee5c ti\u00eau nh\u1eb1m t\u1ea1o ra m\u1ed9t t\u01b0\u01a1ng lai t\u01b0\u01a1i s\u00e1ng h\u01a1n, \u0111\u1ed3ng th\u1eddi b\u1ea3o v\u1ec7 cu\u1ed9c s\u1ed1ng c\u1ee7a ch\u00fang ta v\u00e0 h\u00e0nh tinh. C\u00e1c v\u1ea5n \u0111\u1ec1 v\u1ec1 m\u00f4i tr\u01b0\u1eddng v\u00e0 n\u0103ng l\u01b0\u1ee3ng l\u00e0 m\u1ed9t trong s\u1ed1 \u0111\u00f3, v\u00e0 m\u1ee5c ti\u00eau th\u1ee9 b\u1ea3y \u0111\u01b0\u1ee3c n\u00eau l\u00e0 &quot;N\u0103ng l\u01b0\u1ee3ng s\u1ea1ch v\u00e0 gi\u00e1 c\u1ea3 ph\u1ea3i ch\u0103ng cho t\u1ea5t c\u1ea3 m\u1ecdi ng\u01b0\u1eddi&quot;. Ngo\u00e0i ra, gi\u00e1 \u0111i\u1ec7n ti\u1ebfp t\u1ee5c t\u0103ng do t\u00ecnh h\u00ecnh \u1edf Ukraine, gi\u00e1 nh\u1eadp kh\u1ea9u kh\u00ed thi\u00ean nhi\u00ean h\u00f3a l\u1ecfng (LNG) t\u0103ng v\u1ecdt, v\u00e0 vi\u1ec7c t\u1ea1m d\u1eebng v\u00e0 ng\u1eebng ho\u1ea1t \u0111\u1ed9ng c\u00e1c nh\u00e0 m\u00e1y ph\u00e1t \u0111i\u1ec7n.<\/span><\/p>\n<p class=\"brz-tp-lg-paragraph brz-text-lg-justify brz-css-hArza\" data-generated-css=\"brz-css-icseT\" data-uniq-id=\"rpCtX\"><span class=\"brz-cp-color7\">Ch\u00fang t\u00f4i tham gia v\u00e0o c\u00e1c ho\u1ea1t \u0111\u1ed9ng kinh doanh c\u00f3 l\u1ee3i cho doanh nghi\u1ec7p b\u1eb1ng c\u00e1ch gi\u1ea3i quy\u1ebft c\u00e1c v\u1ea5n \u0111\u1ec1 m\u00f4i tr\u01b0\u1eddng v\u00e0 ti\u1ebft ki\u1ec7m n\u0103ng l\u01b0\u1ee3ng. T\u1eadn d\u1ee5ng nhi\u1ec7t th\u1ea3i t\u1eeb c\u00e1c nh\u00e0 m\u00e1y l\u00e0 m\u1ed9t trong s\u1ed1 \u0111\u00f3.<\/span><\/p>\n<p class=\"brz-tp-lg-paragraph brz-text-lg-justify brz-css-t6u2v\" data-generated-css=\"brz-css-pK2qC\" data-uniq-id=\"zVFAX\"><span class=\"brz-cp-color7\">C\u00f3 nhi\u1ec1u lo\u1ea1i nhi\u1ec7t th\u1ea3i trong nh\u00e0 m\u00e1y. M\u1ed7i d\u00e2y chuy\u1ec1n \u0111\u1ec1u nh\u1ecf n\u00ean vi\u1ec7c thu h\u1ed3i nhi\u1ec7t g\u1eb7p nhi\u1ec1u kh\u00f3 kh\u0103n, nh\u01b0ng ch\u00fang t\u00f4i c\u00f3 th\u1ec3 thi\u1ebft k\u1ebf cho c\u00e1c d\u1ef1 \u00e1n quy m\u00f4 nh\u1ecf.<\/span><\/p>\n<p class=\"brz-tp-lg-paragraph brz-text-lg-justify brz-css-ri5Xx\" data-generated-css=\"brz-css-eyQNc\" data-uniq-id=\"l6rK6\"><span class=\"brz-cp-color7\">Ch\u00fang t\u00f4i s\u1ebd gi\u1edbi thi\u1ec7u m\u1ed9t s\u1ed1 v\u00ed d\u1ee5 ti\u00eau bi\u1ec3u.<\/span><\/p>\n<\/div>\n<\/div>\n<\/div>\n<\/div>\n<\/div>\n<\/section>\n<section id=\"_mjZffMFPMoH7\" class=\"brz-section brz-css-kKEak\">\n<div class=\"brz-section__content brz-section--boxed brz-css-cZCfK brz-css-qvSFE\" data-brz-custom-id=\"uh8noxgf0jZH\">\n<div class=\"brz-container brz-css-eY6Pc brz-css-sbZhJ\">\n<div id=\"\" class=\"brz-css-kx6te brz-wrapper\">\n<div class=\"brz-rich-text brz-rich-text__custom brz-css-eqLEM\" data-brz-custom-id=\"kIeTkWRJtjAz\">\n<div data-brz-translate-text=\"1\">\n<h2 class=\"brz-tp-lg-heading2 brz-css-uCOL2\" data-generated-css=\"brz-css-chkbC\" data-uniq-id=\"bP4sx\"><span class=\"brz-cp-color7\">T\u1eadn d\u1ee5ng nhi\u1ec7t th\u1ea3i c\u1ee7a m\u00e1y n\u00e9n<\/span><\/h2>\n<\/div>\n<\/div>\n<\/div>\n<div id=\"\" class=\"brz-css-kx6te brz-wrapper\">\n<div class=\"brz-line brz-line-default brz-css-em8FA brz-css-wl_1P\" data-brz-custom-id=\"ieTtBrIzqb0S\">\n<hr class=\"brz-hr\"><\/div>\n<\/div>\n<div id=\"\" class=\"brz-css-kx6te brz-wrapper\">\n<div class=\"brz-rich-text brz-rich-text__custom brz-css-eqLEM\" data-brz-custom-id=\"a5oWkdmy6jHa\">\n<div data-brz-translate-text=\"1\">\n<p class=\"brz-tp-lg-paragraph brz-text-lg-justify brz-css-ap5Il\" data-generated-css=\"brz-css-d9M1S\" data-uniq-id=\"ff5di\"><span class=\"brz-cp-color7\">M\u00e1y n\u00e9n \u0111\u01b0\u1ee3c l\u1eafp \u0111\u1eb7t trong c\u00e1c ti\u1ec7n \u00edch nh\u01b0 nh\u00e0 m\u00e1y li\u00ean t\u1ee5c th\u1ea3i ra nhi\u1ec7t l\u01b0\u1ee3ng kho\u1ea3ng 70\u2103, \u0111\u01b0\u1ee3c th\u1ea3i ra ngo\u00e0i tr\u1eddi \u0111\u1ec3 tr\u00e1nh m\u00e1y n\u00e9n qu\u00e1 nhi\u1ec7t. B\u1ed9 trao \u0111\u1ed5i nhi\u1ec7t d\u1ea1ng t\u1ea3n nhi\u1ec7t c\u1ee7a ch\u00fang t\u00f4i chuy\u1ec3n \u0111\u1ed5i nhi\u1ec7t l\u01b0\u1ee3ng n\u00e0y th\u00e0nh n\u01b0\u1edbc n\u00f3ng v\u00e0 s\u1eed d\u1ee5ng \u0111\u1ec3 s\u01b0\u1edfi \u1ea5m.<\/span><\/p>\n<\/div>\n<\/div>\n<\/div>\n<div id=\"\" class=\"brz-css-kx6te brz-wrapper\">\n<div class=\"brz-image brz-css-gi0OR\" data-brz-custom-id=\"pNmYxDUrVegl\"><img decoding=\"async\" class=\"brz-img\" src=\"https:\/\/aquagreen-eternal.com\/wp-content\/uploads\/brizy\/imgs\/hhh-749x331x0x0x749x331x1720416736.png\" alt=\"\" loading=\"lazy\"><\/div>\n<\/div>\n<\/div>\n<\/div>\n<\/section>\n<section id=\"_s1YlpHiDzsJZ\" class=\"brz-section brz-css-kKEak\">\n<div class=\"brz-section__content brz-section--boxed brz-css-cZCfK brz-css-sJ9_j\" data-brz-custom-id=\"ljrjsuoZqVnb\">\n<div class=\"brz-container brz-css-eY6Pc brz-css-qd9HF\">\n<div id=\"\" class=\"brz-css-kx6te brz-wrapper\">\n<div class=\"brz-rich-text brz-rich-text__custom brz-css-eqLEM\" data-brz-custom-id=\"gWzj8OT3H9wj\">\n<div data-brz-translate-text=\"1\">\n<h2 class=\"brz-tp-lg-heading2 brz-css-mBthm\" data-generated-css=\"brz-css-tqWWC\" data-uniq-id=\"eTnf8\"><span class=\"brz-cp-color7\">S\u1eed d\u1ee5ng kh\u00ed th\u1ea3i l\u00f2 h\u01a1i<\/span><\/h2>\n<\/div>\n<\/div>\n<\/div>\n<div id=\"\" class=\"brz-css-kx6te brz-wrapper\">\n<div class=\"brz-line brz-line-default brz-css-em8FA brz-css-zAVEr\" data-brz-custom-id=\"eIYVGAutZZUz\">\n<hr class=\"brz-hr\"><\/div>\n<\/div>\n<div id=\"\" class=\"brz-css-kx6te brz-wrapper\">\n<div class=\"brz-rich-text brz-rich-text__custom brz-css-eqLEM\" data-brz-custom-id=\"mfewYbAwn096\">\n<div data-brz-translate-text=\"1\">\n<p class=\"brz-tp-lg-paragraph brz-text-lg-justify brz-css-wX33C\" data-generated-css=\"brz-css-qEie3\" data-uniq-id=\"bEZ__\"><span class=\"brz-cp-color7\">Nhi\u1ec7t th\u1ea3i t\u1eeb l\u00f2 h\u01a1i c\u00f3 nhi\u1ec7t \u0111\u1ed9 cao tr\u00ean 300\u00b0C. C\u00f3 th\u1ec3 thu h\u1ed3i nhi\u1ec7t n\u00e0y b\u1eb1ng c\u00e1ch chuy\u1ec3n \u0111\u1ed5i n\u00f3 th\u00e0nh n\u01b0\u1edbc n\u00f3ng b\u1eb1ng b\u1ed9 trao \u0111\u1ed5i nhi\u1ec7t ki\u1ec3u t\u1ea3n nhi\u1ec7t c\u1ee7a ch\u00fang t\u00f4i, t\u01b0\u01a1ng t\u1ef1 nh\u01b0 nhi\u1ec7t th\u1ea3i t\u1eeb m\u00e1y n\u00e9n, ho\u1eb7c b\u1eb1ng c\u00e1ch gia nhi\u1ec7t n\u00f3 \u0111\u1ebfn nhi\u1ec7t \u0111\u1ed9 cao h\u01a1n m\u1ed9t ch\u00fat b\u1eb1ng m\u00f4i ch\u1ea5t truy\u1ec1n nhi\u1ec7t. Nhi\u1ec7t th\u1ea3i c\u00f3 th\u1ec3 \u0111\u01b0\u1ee3c s\u1eed d\u1ee5ng \u0111\u1ec3 s\u01b0\u1edfi \u1ea5m ho\u1eb7c l\u00e0m n\u00f3ng n\u01b0\u1edbc c\u1ea5p cho l\u00f2 h\u01a1i. Ngo\u00e0i ra, c\u00f3 th\u1ec3 c\u1ea3i ti\u1ebfn l\u00f2 h\u01a1i \u0111\u1ec3 nhi\u1ec7t th\u1ea3i n\u00e0y \u0111\u01b0\u1ee3c tr\u1ea3 l\u1ea1i cho kh\u00f4ng kh\u00ed n\u1ea1p c\u1ee7a l\u00f2 h\u01a1i, \u0111i\u1ec1u n\u00e0y c\u00f3 th\u1ec3 l\u00e0m t\u0103ng hi\u1ec7u su\u1ea5t \u0111\u1ed1t ch\u00e1y c\u1ee7a l\u00f2 h\u01a1i.<\/span><\/p>\n<\/div>\n<\/div>\n<\/div>\n<div id=\"\" class=\"brz-css-kx6te brz-wrapper\">\n<div class=\"brz-image brz-css-dCD_0\" data-brz-custom-id=\"caMR9NC9CmCT\"><img decoding=\"async\" class=\"brz-img\" src=\"https:\/\/aquagreen-eternal.com\/wp-content\/uploads\/brizy\/imgs\/ddddd-749x535x0x0x749x535x1720416805.png\" alt=\"\" loading=\"lazy\"><\/div>\n<\/div>\n<\/div>\n<\/div>\n<\/section>\n<section id=\"_eP_jJbKOjpY1\" class=\"brz-section brz-css-kKEak\">\n<div class=\"brz-section__content brz-section--boxed brz-css-cZCfK brz-css-of6yl\" data-brz-custom-id=\"gkttGmQW61tf\">\n<div class=\"brz-container brz-css-eY6Pc brz-css-y1gQ6\">\n<div id=\"\" class=\"brz-css-kx6te brz-wrapper\">\n<div class=\"brz-rich-text brz-rich-text__custom brz-css-eqLEM\" data-brz-custom-id=\"b45wC5eVJlsO\">\n<div data-brz-translate-text=\"1\">\n<h2 class=\"brz-tp-lg-heading2 brz-css-t6mif\" data-generated-css=\"brz-css-rOirE\" data-uniq-id=\"r3AEB\"><span class=\"brz-cp-color7\">Thu h\u1ed3i nhi\u1ec7t t\u1eeb n\u01b0\u1edbc x\u1ea3 \u0111\u00e1y v\u00e0 n\u01b0\u1edbc su\u1ed1i n\u00f3ng trong \u1ed1ng l\u00f2 h\u01a1i<\/span><\/h2>\n<\/div>\n<\/div>\n<\/div>\n<div id=\"\" class=\"brz-css-kx6te brz-wrapper\">\n<div class=\"brz-line brz-line-default brz-css-em8FA brz-css-zMKz0\" data-brz-custom-id=\"elB4sGje2z23\">\n<hr class=\"brz-hr\"><\/div>\n<\/div>\n<div id=\"\" class=\"brz-css-kx6te brz-wrapper\">\n<div class=\"brz-rich-text brz-rich-text__custom brz-css-eqLEM\" data-brz-custom-id=\"v0En53akyt11\">\n<div data-brz-translate-text=\"1\">\n<p class=\"brz-tp-lg-paragraph brz-text-lg-justify brz-css-mS_xR\" data-generated-css=\"brz-css-nGLIv\" data-uniq-id=\"nzMkC\"><span class=\"brz-cp-color7\">Th\u00f4ng th\u01b0\u1eddng, vi\u1ec7c thu h\u1ed3i nhi\u1ec7t \u0111\u01b0\u1ee3c th\u1ef1c hi\u1ec7n cho qu\u00e1 tr\u00ecnh x\u1ea3 h\u01a1i, nh\u01b0ng \u0111\u1ed1i v\u1edbi n\u01b0\u1edbc x\u1ea3 \u0111\u00e1y th\u00e2n \u1ed1ng l\u00f2 h\u01a1i, vi\u1ec7c thu h\u1ed3i nhi\u1ec7t th\u01b0\u1eddng kh\u00f4ng \u0111\u01b0\u1ee3c th\u1ef1c hi\u1ec7n v\u00ec n\u00f3 s\u1ebd khi\u1ebfn c\u00e1c tinh th\u1ec3 k\u1ebft t\u1ee7a. Tuy nhi\u00ean, b\u1ed9 trao \u0111\u1ed5i nhi\u1ec7t d\u1ea1ng kh\u00f4ng \u0111\u1ed3ng h\u1ed3 c\u1ee7a c\u00f4ng ty ch\u00fang t\u00f4i cho b\u00f9n c\u00f3 th\u1ec3 thu h\u1ed3i nhi\u1ec7t m\u00e0 kh\u00f4ng g\u00e2y \u0111\u00f3ng c\u1eb7n.<\/span><\/p>\n<p class=\"brz-tp-lg-paragraph brz-text-lg-justify brz-css-sOa2M\" data-generated-css=\"brz-css-x9OMV\" data-uniq-id=\"vMH5Z\"><span class=\"brz-cp-color7\">L\u00e0 m\u1ed9t ph\u01b0\u01a1ng ph\u00e1p \u0111\u01a1n gi\u1ea3n, ch\u00fang t\u00f4i c\u0169ng c\u00f3 th\u1ec3 \u0111\u1ec1 xu\u1ea5t ph\u01b0\u01a1ng ph\u00e1p trong \u0111\u00f3 m\u1ed9t \u1ed1ng m\u1ec1m b\u1eb1ng th\u00e9p kh\u00f4ng g\u1ec9 \u0111\u01b0\u1ee3c cu\u1ed9n b\u00ean trong m\u1ed9t b\u1ec3 th\u00e9p kh\u00f4ng g\u1ec9 v\u00e0 \u0111\u01b0\u1ee3c s\u1eed d\u1ee5ng \u0111\u1ec3 trao \u0111\u1ed5i nhi\u1ec7t, cho ph\u00e9p d\u1ec5 d\u00e0ng r\u1eeda s\u1ea1ch c\u1eb7n b\u1ea9n b\u1eb1ng m\u00e1y r\u1eeda \u00e1p l\u1ef1c cao, v.v. Ph\u01b0\u01a1ng ph\u00e1p n\u00e0y c\u0169ng \u0111\u01b0\u1ee3c \u0111\u1ec1 xu\u1ea5t \u0111\u1ec3 thu h\u1ed3i nhi\u1ec7t su\u1ed1i n\u01b0\u1edbc n\u00f3ng, v.v.<\/span><\/p>\n<\/div>\n<\/div>\n<\/div>\n<div id=\"\" class=\"brz-css-kx6te brz-wrapper\">\n<div class=\"brz-image brz-css-ckQcJ\" data-brz-custom-id=\"umWIOjxAP1V1\"><img decoding=\"async\" class=\"brz-img\" src=\"https:\/\/aquagreen-eternal.com\/wp-content\/uploads\/brizy\/imgs\/eee-655x390x0x0x655x390x1720416857.png\" alt=\"\" loading=\"lazy\"><\/div>\n<\/div>\n<\/div>\n<\/div>\n<\/section>\n<section id=\"_wUsGaoU_UsVx\" class=\"brz-section brz-css-kKEak\">\n<div class=\"brz-section__content brz-section--boxed brz-css-cZCfK brz-css-dxrCV\" data-brz-custom-id=\"tW1NL4S_Mf7r\">\n<div class=\"brz-container brz-css-eY6Pc brz-css-ieCdX\">\n<div id=\"\" class=\"brz-css-kx6te brz-wrapper\">\n<div class=\"brz-rich-text brz-rich-text__custom brz-css-eqLEM\" data-brz-custom-id=\"dOcytxGkTplc\">\n<div data-brz-translate-text=\"1\">\n<h2 class=\"brz-tp-lg-heading2 brz-css-qSZch\" data-generated-css=\"brz-css-aV0Ba\" data-uniq-id=\"yRZTi\"><span class=\"brz-cp-color7\">Thu h\u1ed3i nhi\u1ec7t m\u00e1y s\u1ea5y<\/span><\/h2>\n<\/div>\n<\/div>\n<\/div>\n<div id=\"\" class=\"brz-css-kx6te brz-wrapper\">\n<div class=\"brz-line brz-line-default brz-css-em8FA brz-css-kMa0p\" data-brz-custom-id=\"ytC5GchkwJyJ\">\n<hr class=\"brz-hr\"><\/div>\n<\/div>\n<div id=\"\" class=\"brz-css-kx6te brz-wrapper\">\n<div class=\"brz-rich-text brz-rich-text__custom brz-css-eqLEM\" data-brz-custom-id=\"aC_78wzA9aeg\">\n<div data-brz-translate-text=\"1\">\n<p class=\"brz-tp-lg-paragraph brz-text-lg-justify brz-css-dnT1Q\" data-generated-css=\"brz-css-nSeU_\" data-uniq-id=\"bQkAU\"><span class=\"brz-cp-color7\">\u0110\u1ec3 thu h\u1ed3i nhi\u1ec7t t\u1eeb m\u00e1y s\u1ea5y ch\u00e2n kh\u00f4ng, ch\u00fang t\u00f4i c\u00f3 th\u1ec3 \u0111\u1ec1 xu\u1ea5t s\u1eed d\u1ee5ng m\u00e1y b\u01a1m nhi\u1ec7t, cho ph\u00e9p thu h\u1ed3i nhi\u1ec7t kho\u1ea3ng 70%.<\/span><\/p>\n<p class=\"brz-tp-lg-paragraph brz-text-lg-justify brz-css-pzHYn\" data-generated-css=\"brz-css-slXUQ\" data-uniq-id=\"k6aUm\"><span class=\"brz-cp-color7\">Trong tr\u01b0\u1eddng h\u1ee3p s\u1ea5y b\u1eb1ng kh\u00ed n\u00f3ng, ng\u01b0\u1eddi ta th\u01b0\u1eddng s\u1eed d\u1ee5ng b\u1ed9 trao \u0111\u1ed5i nhi\u1ec7t \u0111\u1ec3 thu h\u1ed3i nhi\u1ec7t gi\u00f3 gi\u1ea3i ph\u00f3ng, nh\u01b0ng v\u00ec ph\u01b0\u01a1ng ph\u00e1p n\u00e0y ch\u1ec9 thu h\u1ed3i \u0111\u01b0\u1ee3c nhi\u1ec7t h\u1eefu h\u00ecnh n\u00ean ch\u1ec9 c\u00f3 th\u1ec3 thu h\u1ed3i \u0111\u01b0\u1ee3c kho\u1ea3ng 151 TP3T nhi\u1ec7t. C\u00f4ng ty ch\u00fang t\u00f4i c\u00f3 m\u1ed9t ph\u01b0\u01a1ng ph\u00e1p cho ph\u00e9p thu h\u1ed3i nhi\u1ec7t \u1ea9n b\u1eb1ng c\u00e1ch b\u1ed1 tr\u00ed c\u00e1c b\u1ed9 trao \u0111\u1ed5i nhi\u1ec7t theo nhi\u1ec1u giai \u0111o\u1ea1n. Ngo\u00e0i ra, khi s\u1eed d\u1ee5ng c\u00f4ng ngh\u1ec7 t\u1eadn d\u1ee5ng hi\u1ec7n t\u01b0\u1ee3ng F\u00f6hn, m\u00e0 ch\u00fang t\u00f4i s\u1edf h\u1eefu b\u1eb1ng s\u00e1ng ch\u1ebf \u0111\u1ed9c quy\u1ec1n, ch\u00fang t\u00f4i c\u0169ng c\u00f3 th\u1ec3 thu h\u1ed3i nhi\u1ec7t \u1ea9n, n\u00e2ng t\u1ef7 l\u1ec7 thu h\u1ed3i nhi\u1ec7t l\u00ean kho\u1ea3ng 701 TP3T.<\/span><\/p>\n<p class=\"brz-tp-lg-paragraph brz-text-lg-justify brz-css-pYPat\" data-generated-css=\"brz-css-f_xYM\" data-uniq-id=\"f1XgC\"><span class=\"brz-cp-color7\">Ch\u00fang t\u00f4i mu\u1ed1n h\u1ee3p t\u00e1c v\u1edbi c\u00e1c c\u00f4ng ty s\u1eb5n s\u00e0ng gi\u1eef b\u00ed m\u1eadt v\u1ec1 c\u00f4ng ngh\u1ec7 \u0111\u1eb7c bi\u1ec7t n\u00e0y \u00e1p d\u1ee5ng cho hi\u1ec7n t\u01b0\u1ee3ng f\u00f6hn, v\u00ec v\u1eady vui l\u00f2ng li\u00ean h\u1ec7 v\u1edbi ch\u00fang t\u00f4i.<\/span><\/p>\n<\/div>\n<\/div>\n<\/div>\n<\/div>\n<\/div>\n<\/section>\n<section id=\"_eZc7RYBmFMl5\" class=\"brz-section brz-css-kKEak\">\n<div class=\"brz-section__content brz-section--boxed brz-css-cZCfK brz-css-aWBwt\" data-brz-custom-id=\"kLzJEUVnbSwG\">\n<div class=\"brz-container brz-css-eY6Pc brz-css-rflXz\">\n<div id=\"\" class=\"brz-css-kx6te brz-wrapper\">\n<div class=\"brz-rich-text brz-rich-text__custom brz-css-eqLEM\" data-brz-custom-id=\"rLTppek_vqdr\">\n<div data-brz-translate-text=\"1\">\n<h2 class=\"brz-tp-lg-heading2 brz-css-vR5us\" data-generated-css=\"brz-css-gMYY0\" data-uniq-id=\"cYmS9\"><span class=\"brz-cp-color7\">Thu h\u1ed3i nhi\u1ec7t t\u1eeb n\u01b0\u1edbc th\u1ea3i (b\u1ed9 trao \u0111\u1ed5i nhi\u1ec7t kh\u00f4ng \u00f4 nhi\u1ec5m)<\/span><\/h2>\n<\/div>\n<\/div>\n<\/div>\n<div id=\"\" class=\"brz-css-kx6te brz-wrapper\">\n<div class=\"brz-line brz-line-default brz-css-em8FA brz-css-u34NA\" data-brz-custom-id=\"cvSOpGq69_EI\">\n<hr class=\"brz-hr\"><\/div>\n<\/div>\n<div id=\"\" class=\"brz-css-kx6te brz-wrapper\">\n<div class=\"brz-rich-text brz-rich-text__custom brz-css-eqLEM\" data-brz-custom-id=\"fYE8JMKSKvWS\">\n<div data-brz-translate-text=\"1\">\n<p class=\"brz-tp-lg-paragraph brz-text-lg-justify brz-css-lmobQ\" data-generated-css=\"brz-css-tYPGS\" data-uniq-id=\"zndYJ\"><span class=\"brz-cp-color7\">C\u00e1c nh\u00e0 m\u00e1y th\u1ef1c ph\u1ea9m v\u00e0 c\u00e1c c\u01a1 s\u1edf kh\u00e1c th\u01b0\u1eddng c\u00f3 quy tr\u00ecnh gia nhi\u1ec7t v\u00e0 kh\u1eed tr\u00f9ng \u1edf nhi\u1ec7t \u0111\u1ed9 tr\u00ean 100\u00b0C. \u0110\u1ec3 thu h\u1ed3i nhi\u1ec7t t\u1eeb n\u01b0\u1edbc th\u1ea3i, ng\u01b0\u1eddi ta th\u01b0\u1eddng s\u1eed d\u1ee5ng b\u1ed9 trao \u0111\u1ed5i nhi\u1ec7t d\u1ea1ng t\u1ea5m, nh\u01b0ng n\u1ebfu c\u00e1c b\u1ed9 ph\u1eadn kim lo\u1ea1i c\u1ee7a b\u1ed9 trao \u0111\u1ed5i nhi\u1ec7t b\u1ecb n\u1ee9t ho\u1eb7c r\u00f2 r\u1ec9, c\u00f3 nguy c\u01a1 c\u00e1c ch\u1ea5t g\u00e2y \u00f4 nhi\u1ec5m s\u1ebd l\u1eabn v\u00e0o d\u00e2y chuy\u1ec1n s\u1ea3n xu\u1ea5t c\u00f9ng v\u1edbi nhi\u1ec7t thu h\u1ed3i \u0111\u01b0\u1ee3c, do \u0111\u00f3, kh\u1ea3 n\u0103ng thu h\u1ed3i nhi\u1ec7t b\u1ecb h\u1ea1n ch\u1ebf.<\/span><\/p>\n<p class=\"brz-tp-lg-paragraph brz-text-lg-justify brz-css-nfVqC\" data-generated-css=\"brz-css-c_HIb\" data-uniq-id=\"saelr\"><span class=\"brz-cp-color7\">Tuy nhi\u00ean, th\u00f4ng qua s\u1ef1 ph\u00e1t tri\u1ec3n chung v\u1edbi m\u1ed9t nh\u00e0 m\u00e1y th\u1ef1c ph\u1ea9m l\u1edbn, ch\u00fang t\u00f4i \u0111\u00e3 th\u00e0nh c\u00f4ng trong vi\u1ec7c ph\u00e1t tri\u1ec3n b\u1ed9 trao \u0111\u1ed5i nhi\u1ec7t kh\u00f4ng g\u00e2y \u00f4 nhi\u1ec5m, lo\u1ea1i b\u1ecf \u00f4 nhi\u1ec5m b\u1eb1ng c\u00e1ch t\u1ea1o ra m\u1ed9t l\u1edbp kh\u00f4ng kh\u00ed gi\u1eefa c\u00e1c b\u1ed9 trao \u0111\u1ed5i nhi\u1ec7t.<\/span><\/p>\n<\/div>\n<\/div>\n<\/div>\n<div id=\"\" class=\"brz-css-kx6te brz-wrapper\">\n<div class=\"brz-image brz-css-kgdBL\" data-brz-custom-id=\"zBXd5FKwbfQT\"><img decoding=\"async\" class=\"brz-img\" src=\"https:\/\/aquagreen-eternal.com\/wp-content\/uploads\/brizy\/imgs\/ffff-936x334x0x0x936x334x1720416945.png\" alt=\"\" loading=\"lazy\"><\/div>\n<\/div>\n<\/div>\n<\/div>\n<\/section>\n<section id=\"_n9e6Gq3DZ1tm\" class=\"brz-section brz-css-kKEak\">\n<div class=\"brz-section__content brz-section--boxed brz-css-cZCfK brz-css-wLFiL\" data-brz-custom-id=\"qZCbZupaFNaF\">\n<div class=\"brz-container brz-css-eY6Pc brz-css-cwt3F\">\n<div id=\"\" class=\"brz-css-kx6te brz-wrapper\">\n<div class=\"brz-rich-text brz-rich-text__custom brz-css-eqLEM\" data-brz-custom-id=\"fZpEZDHvj8YK\">\n<div data-brz-translate-text=\"1\">\n<h2 class=\"brz-tp-lg-heading2 brz-css-nJVyV\" data-generated-css=\"brz-css-sj7BF\" data-uniq-id=\"meMoK\"><span class=\"brz-cp-color7\">Thu h\u1ed3i nhi\u1ec7t t\u1eeb l\u00f2 \u0111\u1ed1t, v.v.<\/span><\/h2>\n<\/div>\n<\/div>\n<\/div>\n<div id=\"\" class=\"brz-css-kx6te brz-wrapper\">\n<div class=\"brz-line brz-line-default brz-css-em8FA brz-css-fHAeB\" data-brz-custom-id=\"rtvOoVvxxCpW\">\n<hr class=\"brz-hr\"><\/div>\n<\/div>\n<div id=\"\" class=\"brz-css-kx6te brz-wrapper\">\n<div class=\"brz-rich-text brz-rich-text__custom brz-css-eqLEM\" data-brz-custom-id=\"zgsa1GJJxXpt\">\n<div data-brz-translate-text=\"1\">\n<p class=\"brz-tp-lg-paragraph brz-text-lg-justify brz-css-fB3rW\" data-generated-css=\"brz-css-daJi0\" data-uniq-id=\"rtWP4\"><span class=\"brz-cp-color7\">Nhi\u1ec7t th\u1ea3i t\u1eeb l\u00f2 \u0111\u1ed1t \u0111\u1ea1t t\u1edbi kho\u1ea3ng 700\u2103 v\u00e0 vi\u1ec7c thu h\u1ed3i nhi\u1ec7t n\u00e0y l\u00e0 m\u1ed9t v\u1ea5n \u0111\u1ec1, \u0111\u1eb7c bi\u1ec7t l\u00e0 t\u1ea1i c\u00e1c nh\u00e0 m\u00e1y \u0111\u1ed1t r\u00e1c th\u1ea3i c\u00f4ng nghi\u1ec7p.<\/span><\/p>\n<p class=\"brz-tp-lg-paragraph brz-text-lg-justify brz-css-yDhmS\" data-generated-css=\"brz-css-iCMGn\" data-uniq-id=\"hu7s_\"><span class=\"brz-cp-color7\">Ch\u00fang t\u00f4i h\u1ee3p t\u00e1c v\u1edbi c\u00e1c nh\u00e0 s\u1ea3n xu\u1ea5t th\u1ef1c hi\u1ec7n ph\u00e1t \u0111i\u1ec7n nh\u1ecb ph\u00e2n v\u00e0 c\u0169ng c\u00f3 th\u1ec3 thi\u1ebft k\u1ebf thi\u1ebft b\u1ecb quy m\u00f4 l\u1edbn, v\u00ec v\u1eady vui l\u00f2ng li\u00ean h\u1ec7 v\u1edbi ch\u00fang t\u00f4i.<\/span><\/p>\n<\/div>\n<\/div>\n<\/div>\n<div id=\"\" class=\"brz-css-kx6te brz-wrapper\">\n<div class=\"brz-image brz-css-sNzvu\" data-brz-custom-id=\"qbnhBIOs6eqd\"><img decoding=\"async\" class=\"brz-img\" src=\"https:\/\/aquagreen-eternal.com\/wp-content\/uploads\/brizy\/imgs\/gggg-936x407x0x0x936x407x1720417005.png\" alt=\"\" loading=\"lazy\"><\/div>\n<\/div>\n<\/div>\n<\/div>\n<\/section>\n<section id=\"_x8ofxmKHCfPd\" class=\"brz-section brz-css-kKEak\">\n<div class=\"brz-section__content brz-section--boxed brz-css-cZCfK brz-css-zqHSM\" data-brz-custom-id=\"eD3hKKo32d7q\">\n<div class=\"brz-container brz-css-eY6Pc brz-css-wYe5J\">\n<div id=\"\" class=\"brz-css-kx6te brz-wrapper\">\n<div class=\"brz-rich-text brz-rich-text__custom brz-css-eqLEM\" data-brz-custom-id=\"gmkbLc1tn4dF\">\n<div data-brz-translate-text=\"1\">\n<h2 class=\"brz-tp-lg-heading2 brz-text-lg-center brz-css-mflHS\" data-generated-css=\"brz-css-oANWv\" data-uniq-id=\"hhaE2\"><span class=\"brz-cp-color7\">Ch\u00fang t\u00f4i c\u0169ng c\u00f3 th\u1ec3 \u0111\u01b0a ra nhi\u1ec1u \u0111\u1ec1 xu\u1ea5t kh\u00e1c nhau t\u00f9y thu\u1ed9c v\u00e0o c\u01a1 s\u1edf v\u1eadt ch\u1ea5t. Vui l\u00f2ng li\u00ean h\u1ec7 v\u1edbi ch\u00fang t\u00f4i.<\/span><\/h2>\n<\/div>\n<\/div>\n<\/div>\n<\/div>\n<\/div>\n<\/section>\n<\/div>\n<p>    <!-- version:1731993720 --><\/p>","protected":false},"excerpt":{"rendered":"<p>\u71b1\u56de\u53ce\u30b7\u30b9\u30c6\u30e0 2015\u5e74\u306b\u56fd\u9023\u3067\u7b56\u5b9a\u3055\u308c\u305f\u6301\u7d9a\u53ef\u80fd\u306a\u958b\u767a\u76ee\u6a19\uff08SDGs\uff09\u3067\u306f\u3001\u66ae\u3089\u3057\u3084\u5730\u7403\u3092\u5b88\u308a\u306a\u304c\u3089\u660e\u308b\u3044\u672a\u6765\u3092\u4f5c\u308b\u305f\u3081\u306b17\u306e\u76ee\u6a19\u304c\u8a2d\u5b9a\u3055\u308c\u3066\u3044\u307e\u3059\u3002\u74b0\u5883\u30fb\u30a8\u30cd\u30eb\u30ae\u30fc\u554f\u984c\u3082\u305d\u306e\u4e00\u3064\u3067\u3001\uff17\u3064\u76ee\u306e\u76ee\u6a19\u306b\u3001\u300c\u30a8\u30cd\u30eb\u30ae\u30fc\u3092 [&hellip;]<\/p>\n","protected":false},"author":2,"featured_media":0,"parent":0,"menu_order":0,"comment_status":"closed","ping_status":"closed","template":"","meta":{"_acf_changed":false,"content-type":"","footnotes":""},"class_list":["post-220","page","type-page","status-publish","hentry"],"blocksy_meta":[],"acf":[],"aioseo_notices":[],"brizy_media":[{"id":632,"url":"https:\/\/aquagreen-eternal.com\/wp-content\/uploads\/2024\/07\/hhh.png","name":"hhh.png","meta":{"brizy_attachment_uid":"wp-1e3c51cd7802da5bcc32030e8f41ea3c.png","brizy_post_uid":["c65d7e9325268cda9158ac4e48006420"]}},{"id":636,"url":"https:\/\/aquagreen-eternal.com\/wp-content\/uploads\/2024\/07\/ddddd.png","name":"ddddd.png","meta":{"brizy_attachment_uid":"wp-7e2280ecf28e29a9e42c41f06a762bf8.png","brizy_post_uid":["c65d7e9325268cda9158ac4e48006420"]}},{"id":640,"url":"https:\/\/aquagreen-eternal.com\/wp-content\/uploads\/2024\/07\/eee.png","name":"eee.png","meta":{"brizy_attachment_uid":"wp-6befd30454d943185e4cecdc6cf2d6db.png","brizy_post_uid":["c65d7e9325268cda9158ac4e48006420"]}},{"id":644,"url":"https:\/\/aquagreen-eternal.com\/wp-content\/uploads\/2024\/07\/ffff.png","name":"ffff.png","meta":{"brizy_attachment_uid":"wp-38bcaa7e1e822ab58ed5ee540c872fd2.png","brizy_post_uid":["c65d7e9325268cda9158ac4e48006420"]}},{"id":648,"url":"https:\/\/aquagreen-eternal.com\/wp-content\/uploads\/2024\/07\/gggg.png","name":"gggg.png","meta":{"brizy_attachment_uid":"wp-e643d223d3d2c2b81dc9ff10a9eb12da.png","brizy_post_uid":["c65d7e9325268cda9158ac4e48006420"]}}],"_links":{"self":[{"href":"https:\/\/aquagreen-eternal.com\/vi\/wp-json\/wp\/v2\/pages\/220","targetHints":{"allow":["GET"]}}],"collection":[{"href":"https:\/\/aquagreen-eternal.com\/vi\/wp-json\/wp\/v2\/pages"}],"about":[{"href":"https:\/\/aquagreen-eternal.com\/vi\/wp-json\/wp\/v2\/types\/page"}],"author":[{"embeddable":true,"href":"https:\/\/aquagreen-eternal.com\/vi\/wp-json\/wp\/v2\/users\/2"}],"replies":[{"embeddable":true,"href":"https:\/\/aquagreen-eternal.com\/vi\/wp-json\/wp\/v2\/comments?post=220"}],"version-history":[{"count":12,"href":"https:\/\/aquagreen-eternal.com\/vi\/wp-json\/wp\/v2\/pages\/220\/revisions"}],"predecessor-version":[{"id":885,"href":"https:\/\/aquagreen-eternal.com\/vi\/wp-json\/wp\/v2\/pages\/220\/revisions\/885"}],"wp:attachment":[{"href":"https:\/\/aquagreen-eternal.com\/vi\/wp-json\/wp\/v2\/media?parent=220"}],"curies":[{"name":"trang web","href":"https:\/\/api.w.org\/{rel}","templated":true}]}}