{"id":228,"date":"2024-07-05T12:05:04","date_gmt":"2024-07-05T03:05:04","guid":{"rendered":"https:\/\/aquagreen-eternal.com\/?page_id=228"},"modified":"2026-02-27T14:35:44","modified_gmt":"2026-02-27T05:35:44","slug":"philosophy","status":"publish","type":"page","link":"https:\/\/aquagreen-eternal.com\/vi\/philosophy\/","title":{"rendered":"Tri\u1ebft l\u00fd ph\u00e1t tri\u1ec3n ngu\u1ed3n nh\u00e2n l\u1ef1c"},"content":{"rendered":"<div class=\"brz-root__container brz-reset-all brz\">\n<section id=\"_l677zyI2B3iL\" class=\"brz-section brz-css-jDxRf brz-css-g1Ede\">\n<div class=\"brz-section__content brz-section--boxed brz-css-aqeGC brz-css-o7An2\" data-brz-custom-id=\"rapDnnqZqf5S\">\n<div class=\"brz-bg\">\n<div class=\"brz-bg-color\"><\/div>\n<\/div>\n<div class=\"brz-container brz-css-nyM_V\">\n<div id=\"\" class=\"brz-css-dmyOr brz-wrapper\">\n<div class=\"brz-rich-text brz-rich-text__custom brz-css-o46vy\" data-brz-custom-id=\"hQ8L7AoHhu1J\">\n<div data-brz-translate-text=\"1\">\n<h1 class=\"brz-text-lg-center brz-tp-lg-heading1 brz-css-bVBQM\" data-uniq-id=\"hWSmh\" data-generated-css=\"brz-css-sYI99\"><strong class=\"brz-cp-color7\">Tri\u1ebft l\u00fd ph\u00e1t tri\u1ec3n ngu\u1ed3n nh\u00e2n l\u1ef1c<\/strong><\/h1>\n<\/div>\n<\/div>\n<\/div>\n<\/div>\n<\/div>\n<\/section>\n<section id=\"_ptL4ZTCvQprt\" class=\"brz-section brz-css-jDxRf\">\n<div class=\"brz-section__content brz-section--boxed brz-css-aqeGC\" data-brz-custom-id=\"eQhEKrLICOZM\">\n<div class=\"brz-container brz-css-nyM_V\">\n<div id=\"\" class=\"brz-css-dmyOr brz-wrapper\">\n<div class=\"brz-rich-text brz-rich-text__custom brz-css-o46vy\" data-brz-custom-id=\"v1Dfu9ySatXx\">\n<div data-brz-translate-text=\"1\">\n<p class=\"brz-text-lg-center brz-fss-lg-px brz-fw-lg-400 brz-ls-lg-0 brz-lh-lg-1_9 brz-vfw-lg-400 brz-fwdth-lg-100 brz-fsft-lg-0 brz-tp-lg-empty brz-ff-noto_sans_jp brz-ft-google brz-fs-lg-26 brz-css-dltEz\" data-generated-css=\"brz-css-r2vBl\" data-uniq-id=\"s46_s\"><strong class=\"brz-cp-color7\">Ph\u00e1t tri\u1ec3n ngu\u1ed3n nh\u00e2n l\u1ef1c v\u00e0 tri\u1ebft l\u00fd c\u1ee7a n\u00f3<\/strong><\/p>\n<\/div>\n<\/div>\n<\/div>\n<div class=\"brz-row__container brz-css-v_kaD brz-css-htw_a\" data-brz-custom-id=\"d5hQHwhdtpYv\">\n<div class=\"brz-bg\"><\/div>\n<div class=\"brz-row brz-css-aux8t brz-css-luOwP\">\n<div class=\"brz-columns brz-css-lQGMm brz-css-l3P7B\" data-brz-custom-id=\"dCimMZk0NC5O\">\n<div class=\"brz-bg\"><\/div>\n<div class=\"brz-column__items brz-css-g17kK\">\n<div id=\"\" class=\"brz-css-dmyOr brz-wrapper\">\n<div class=\"brz-image brz-css-lhNL8\" data-brz-custom-id=\"iGRKR3fjwiuB\"><img decoding=\"async\" class=\"brz-img\" src=\"https:\/\/aquagreen-eternal.com\/wp-content\/uploads\/brizy\/imgs\/b91c309ae31d25fe01b3f77b79b80c16-1248x802x90x0x1070x802x1682661979-828x621x0x0x828x621x1721116819.jpg\" alt=\"\" loading=\"lazy\"><\/div>\n<\/div>\n<\/div>\n<\/div>\n<\/div>\n<\/div>\n<div class=\"brz-row__container brz-css-v_kaD brz-css-rOtVW\" data-brz-custom-id=\"lEYPKonT3uSv\">\n<div class=\"brz-bg\"><\/div>\n<div class=\"brz-row brz-css-aux8t brz-css-s4ya4\">\n<div class=\"brz-columns brz-css-lQGMm brz-css-qXIxH\" data-brz-custom-id=\"w3NQEUeRWWxX\">\n<div class=\"brz-bg\"><\/div>\n<div class=\"brz-column__items brz-css-g17kK\">\n<div id=\"\" class=\"brz-css-dmyOr brz-wrapper\">\n<div class=\"brz-rich-text brz-rich-text__custom brz-css-o46vy\" data-brz-custom-id=\"s7JfweiAPgZB\">\n<div data-brz-translate-text=\"1\">\n<p class=\"brz-tp-lg-paragraph brz-css-mISe0\" data-generated-css=\"brz-css-d6aQ0\" data-uniq-id=\"r369i\"><span class=\"brz-cp-color7\">Ng\u00f4i l\u00e0ng n\u00e0y ho\u1ea1t \u0111\u1ed9ng nh\u01b0 m\u1ed9t trung t\u00e2m \u0111\u00e0o t\u1ea1o kinh doanh v\u00e0 qu\u1ea3n l\u00fd, v\u00e0 l\u00e0 n\u01a1i b\u1ea1n c\u00f3 th\u1ec3 s\u1ed1ng h\u00f2a m\u00ecnh v\u00e0o thi\u00ean nhi\u00ean tr\u00f9 ph\u00fa.<\/span><\/p>\n<p class=\"brz-tp-lg-paragraph brz-css-yDGUM\" data-generated-css=\"brz-css-lMt2l\" data-uniq-id=\"yjjHl\"><span class=\"brz-cp-color7\">Kh\u00f4ng gian s\u1ed1ng gi\u1ed1ng nh\u01b0 m\u1ed9t kh\u00e1ch s\u1ea1n ngh\u1ec9 d\u01b0\u1ee1ng, m\u1ed7i du kh\u00e1ch \u0111\u1ec1u c\u00f3 m\u1ed9t trang tr\u1ea1i ri\u00eang tr\u01b0\u1edbc ph\u00f2ng.<\/span><\/p>\n<p class=\"brz-tp-lg-paragraph brz-css-mwJob\" data-generated-css=\"brz-css-zHyf2\" data-uniq-id=\"yZ9Fs\"><span class=\"brz-cp-color7\">Khu d\u00e2n c\u01b0 \u0111\u01b0\u1ee3c bao quanh b\u1edfi c\u00e1c trang tr\u1ea1i do c\u00e1c t\u1eadp \u0111o\u00e0n n\u00f4ng nghi\u1ec7p qu\u1ea3n l\u00fd.<\/span><\/p>\n<p class=\"brz-tp-lg-paragraph brz-css-dQIRF\" data-generated-css=\"brz-css-c9PuD\" data-uniq-id=\"rYeJb\"><span class=\"brz-cp-color7\">Thay v\u00ec canh t\u00e1c nh\u00e0 k\u00ednh th\u00e2m canh, ch\u00fang t\u00f4i \u00e1p d\u1ee5ng ph\u01b0\u01a1ng ph\u00e1p canh t\u00e1c t\u1ef1 nhi\u00ean \u0111\u01b0\u1ee3c b\u1ea3o v\u1ec7 b\u1edfi c\u00e2y r\u1eebng.<\/span><\/p>\n<p class=\"brz-tp-lg-paragraph brz-css-lenko\" data-generated-css=\"brz-css-kybnL\" data-uniq-id=\"uIlSz\"><span class=\"brz-cp-color7\">Ngo\u00e0i ra c\u00f2n c\u00f3 s\u00f4ng, th\u00e1c n\u01b0\u1edbc v\u00e0 ao l\u1edbn ch\u1ee9a \u0111\u1ea7y c\u00e1.<\/span><\/p>\n<p class=\"brz-tp-lg-paragraph brz-css-eMW2q\" data-generated-css=\"brz-css-xUsaj\" data-uniq-id=\"mKOHq\"><span class=\"brz-cp-color7\">\u0110\u00e2y kh\u00f4ng ph\u1ea3i l\u00e0 b\u1edd s\u00f4ng \u0111\u01b0\u1ee3c qu\u1ea3n l\u00fd m\u1ed9t c\u00e1ch kh\u00f4ng t\u1ef1 nhi\u00ean m\u00e0 l\u00e0 t\u00e1i t\u1ea1o m\u1ed9t m\u00f4i tr\u01b0\u1eddng t\u1ef1 nhi\u00ean v\u00e0 tho\u1ea3i m\u00e1i cho sinh v\u1eadt th\u1ee7y sinh.<\/span><\/p>\n<p class=\"brz-tp-lg-paragraph brz-css-zInbh\" data-generated-css=\"brz-css-hXGN2\" data-uniq-id=\"japjP\"><span class=\"brz-cp-color7\">N\u01b0\u1edbc trong c\u00e1c h\u1ec7 th\u1ed1ng n\u00e0y r\u1ea5t gi\u00e0u ch\u1ea5t dinh d\u01b0\u1ee1ng v\u00e0 b\u1eb1ng c\u00e1ch k\u1ebft h\u1ee3p ph\u01b0\u01a1ng ph\u00e1p x\u1eed l\u00fd n\u01b0\u1edbc \u0111\u1ed9c \u0111\u00e1o, ch\u1ea5t dinh d\u01b0\u1ee1ng c\u00f3 th\u1ec3 \u0111\u01b0\u1ee3c s\u1eed d\u1ee5ng cho m\u1ee5c \u0111\u00edch n\u00f4ng nghi\u1ec7p.<\/span><\/p>\n<p class=\"brz-tp-lg-paragraph brz-css-nlIgB\" data-generated-css=\"brz-css-zdUQe\" data-uniq-id=\"pM4D0\"><span class=\"brz-cp-color7\">&nbsp;<\/span><\/p>\n<p class=\"brz-tp-lg-paragraph brz-css-aH2jI\" data-generated-css=\"brz-css-o5M0S\" data-uniq-id=\"lOP9f\"><span class=\"brz-cp-color7\">K\u1ebf ho\u1ea1ch l\u00fac \u0111\u00f3 l\u00e0 m\u1eddi nh\u1eefng ng\u01b0\u1eddi tr\u1ebb t\u1eeb \u0110\u00f4ng Nam \u00c1 \u0111\u1ebfn l\u00e0m th\u1ef1c t\u1eadp sinh.<\/span><\/p>\n<p class=\"brz-tp-lg-paragraph brz-css-r0yyB\" data-generated-css=\"brz-css-bO99f\" data-uniq-id=\"jJFoY\"><span class=\"brz-cp-color7\">Ch\u00ednh ph\u1ee7 ch\u00fa \u00fd \u0111\u1ebfn nh\u1eefng ng\u01b0\u1eddi tr\u1ebb t\u00e0i n\u0103ng, ngay c\u1ea3 nh\u1eefng ng\u01b0\u1eddi xu\u1ea5t th\u00e2n t\u1eeb gia \u0111\u00ecnh ngh\u00e8o v\u00e0 kh\u00f4ng c\u00f3 l\u1ef1a ch\u1ecdn n\u00e0o kh\u00e1c ngo\u00e0i vi\u1ec7c gi\u00fap \u0111\u1ee1 vi\u1ec7c nh\u00e0.<\/span><\/p>\n<p class=\"brz-tp-lg-paragraph brz-css-z5t1U\" data-generated-css=\"brz-css-eCS85\" data-uniq-id=\"xKGY2\"><span class=\"brz-cp-color7\">Ch\u00fang t\u00f4i m\u1eddi nh\u1eefng ng\u01b0\u1eddi tr\u1ebb nh\u01b0 v\u1eady \u0111\u1ebfn trung t\u00e2m \u0111\u00e0o t\u1ea1o c\u1ee7a ch\u00fang t\u00f4i t\u1ea1i th\u1ecb tr\u1ea5n n\u00e0y, Nh\u1eadt B\u1ea3n.<\/span><\/p>\n<p class=\"brz-tp-lg-paragraph brz-css-iXJB4\" data-generated-css=\"brz-css-doiBq\" data-uniq-id=\"lcntm\"><span class=\"brz-cp-color7\">H\u1ecd s\u1ebd s\u1ed1ng t\u1ea1i ch\u1ed7 v\u00e0 t\u1eadp trung v\u00e0o c\u00e1c ho\u1ea1t \u0111\u1ed9ng n\u00f4ng nghi\u1ec7p v\u00e0o ban ng\u00e0y, trong khi \u0111\u01b0\u1ee3c \u0111\u00e0o t\u1ea1o v\u1ec1 c\u00f4ng ngh\u1ec7, kinh doanh v\u00e0 doanh nghi\u1ec7p v\u00e0o ban \u0111\u00eam.<\/span><\/p>\n<p class=\"brz-tp-lg-paragraph brz-css-ojbt2\" data-generated-css=\"brz-css-pdzNh\" data-uniq-id=\"dTUq3\"><span class=\"brz-cp-color7\">Trong khi g\u1eedi ti\u1ec1n v\u1ec1 nh\u00e0 cho b\u1ed1 m\u1eb9, anh \u0111\u1eb7t m\u1ee5c ti\u00eau tr\u1edf n\u00ean \u0111\u1ed9c l\u1eadp v\u1edbi t\u01b0 c\u00e1ch l\u00e0 m\u1ed9t nh\u00e2n vi\u00ean b\u00e1n h\u00e0ng k\u1ef9 thu\u1eadt.<\/span><\/p>\n<p class=\"brz-tp-lg-paragraph brz-css-vaRWh\" data-generated-css=\"brz-css-lgNzs\" data-uniq-id=\"vuklS\"><span class=\"brz-cp-color7\">H\u1ec7 th\u1ed1ng n\u00e0y cho ph\u00e9p ch\u00fang t\u00f4i b\u1ea3o \u0111\u1ea3m nh\u1eefng ng\u01b0\u1eddi t\u00e0i n\u0103ng t\u1eeb kh\u1eafp n\u01a1i tr\u00ean th\u1ebf gi\u1edbi c\u00f3 ti\u1ec1m n\u0103ng x\u00e2y d\u1ef1ng s\u1ef1 nghi\u1ec7p h\u1ea1ng nh\u1ea5t t\u1ea1i Nh\u1eadt B\u1ea3n,<\/span><\/p>\n<p class=\"brz-tp-lg-paragraph brz-css-zI56H\" data-generated-css=\"brz-css-oYzfx\" data-uniq-id=\"yK5fy\"><span class=\"brz-cp-color7\">Trong kho\u1ea3ng ba n\u0103m, b\u1ea1n s\u1ebd c\u00f3 th\u1ec3 tr\u1edf v\u1ec1 n\u01b0\u1edbc v\u1edbi t\u01b0 c\u00e1ch l\u00e0 m\u1ed9t nh\u00e2n vi\u00ean b\u00e1n h\u00e0ng \u0111\u1ed9c l\u1eadp v\u00e0 th\u00e0nh c\u00f4ng.<\/span><\/p>\n<p class=\"brz-tp-lg-paragraph brz-css-x2iE9\" data-generated-css=\"brz-css-jLjNQ\" data-uniq-id=\"t5o6u\"><span class=\"brz-cp-color7\">Thi\u1ebft b\u1ecb \u0111i\u1ec1u h\u00f2a kh\u00f4ng kh\u00ed v\u00e0 m\u00f4i tr\u01b0\u1eddng s\u1eed d\u1ee5ng n\u0103ng l\u01b0\u1ee3ng t\u1ef1 nhi\u00ean m\u00e0 ch\u00fang t\u00f4i s\u1ea3n xu\u1ea5t s\u1ebd c\u00f3 \u00edch h\u01a1n n\u1eefa \u1edf nh\u1eefng qu\u1ed1c gia n\u00e0y.<\/span><\/p>\n<p class=\"brz-tp-lg-paragraph brz-css-jGwl2\" data-generated-css=\"brz-css-i48Ri\" data-uniq-id=\"wVwS6\"><span class=\"brz-cp-color7\">Khi tr\u1edf v\u1ec1 n\u01b0\u1edbc, h\u1ecd th\u00e0nh l\u1eadp c\u00e1c c\u00f4ng ty con t\u1ea1i \u0111\u1ecba ph\u01b0\u01a1ng v\u00e0 tr\u1edf th\u00e0nh \u0111\u1ed1i t\u00e1c \u0111\u1ecba ph\u01b0\u01a1ng c\u1ee7a ch\u00fang t\u00f4i.<\/span><\/p>\n<p class=\"brz-tp-lg-paragraph brz-css-pSL9h\" data-generated-css=\"brz-css-teih8\" data-uniq-id=\"nPLLt\"><span class=\"brz-cp-color7\">T\u1ea5t nhi\u00ean, ch\u00fang t\u00f4i kh\u00f4ng mong \u0111\u1ee3i t\u1ea5t c\u1ea3 t\u00e0i n\u0103ng c\u1ee7a m\u00ecnh \u0111\u1ec1u thu\u1ed9c v\u1ec1 c\u00f4ng ty.<\/span><\/p>\n<p class=\"brz-tp-lg-paragraph brz-css-hZydF\" data-generated-css=\"brz-css-tYuWU\" data-uniq-id=\"zs4nF\"><span class=\"brz-cp-color7\">Tuy nhi\u00ean, t\u00f4i tin r\u1eb1ng c\u0169ng s\u1ebd c\u00f3 nh\u1eefng ng\u01b0\u1eddi \u0111\u1ed3ng ch\u00ed c\u00f9ng nhau ph\u00e1t tri\u1ec3n.<\/span><\/p>\n<p class=\"brz-tp-lg-paragraph brz-css-y7VrS\" data-generated-css=\"brz-css-pgNLr\" data-uniq-id=\"iq6Mt\"><span class=\"brz-cp-color7\">Ch\u00fang t\u00f4i tin r\u1eb1ng c\u00e1c c\u00f4ng ty b\u00e1n h\u00e0ng \u0111\u1ecba ph\u01b0\u01a1ng m\u00e0 nh\u1eefng ng\u01b0\u1eddi n\u00e0y th\u00e0nh l\u1eadp s\u1ebd c\u00f3 th\u1ec3 \u0111\u1ea1t \u0111\u01b0\u1ee3c doanh s\u1ed1 h\u00e0ng n\u0103m l\u00e0 1 t\u1ef7 y\u00ean m\u1ed7i c\u00f4ng ty.<\/span><\/p>\n<p class=\"brz-tp-lg-paragraph brz-css-sefjl\" data-generated-css=\"brz-css-mvJtW\" data-uniq-id=\"jIm3q\"><span class=\"brz-cp-color7\">N\u1ebfu ch\u00fang ta c\u00f3 th\u1ec3 \u0111\u00e0o t\u1ea1o \u0111\u01b0\u1ee3c 1.000 ng\u01b0\u1eddi, ch\u00fang ta s\u1ebd tr\u1edf th\u00e0nh t\u1eadp \u0111o\u00e0n c\u00f3 gi\u00e1 tr\u1ecb 1 ngh\u00ecn t\u1ef7 y\u00ean.<\/span><\/p>\n<p class=\"brz-tp-lg-paragraph brz-css-foiG8\" data-generated-css=\"brz-css-lhakV\" data-uniq-id=\"pj2Fv\"><span class=\"brz-cp-color7\">&nbsp;<\/span><\/p>\n<p class=\"brz-tp-lg-paragraph brz-css-f4pNb\" data-generated-css=\"brz-css-mY7nO\" data-uniq-id=\"reqnt\"><span class=\"brz-cp-color7\">Th\u1eddi gian tr\u00f4i qua v\u00e0 c\u1ea7n ph\u1ea3i c\u1eadp nh\u1eadt \u0111\u1ec3 theo k\u1ecbp th\u1eddi \u0111\u1ea1i, nh\u01b0ng m\u00f4 h\u00ecnh c\u01a1 b\u1ea3n v\u1eabn t\u1ed3n t\u1ea1i.<\/span><\/p>\n<p class=\"brz-tp-lg-paragraph brz-css-c7ibf\" data-generated-css=\"brz-css-nUyPb\" data-uniq-id=\"uVdtb\"><span class=\"brz-cp-color7\">&nbsp;<\/span><\/p>\n<p class=\"brz-tp-lg-paragraph brz-css-c7Zm4\" data-generated-css=\"brz-css-mtHrC\" data-uniq-id=\"x0TrR\"><span class=\"brz-cp-color7\">Hi\u1ec7n nay, ng\u00e0nh \u0111i\u1ec1u h\u00f2a kh\u00f4ng kh\u00ed s\u1eed d\u1ee5ng n\u0103ng l\u01b0\u1ee3ng t\u1ef1 nhi\u00ean \u0111ang c\u00f3 t\u1ed1c \u0111\u1ed9 t\u0103ng tr\u01b0\u1edfng g\u1ea5p \u0111\u00f4i m\u1ed7i n\u0103m so v\u1edbi th\u1eddi \u0111i\u1ec3m \u0111\u00f3.<\/span><\/p>\n<p class=\"brz-tp-lg-paragraph brz-css-jeJek\" data-generated-css=\"brz-css-vYKcT\" data-uniq-id=\"pKuwj\"><span class=\"brz-cp-color7\">Ch\u00fang t\u00f4i c\u0169ng c\u00f3 m\u1ed9t s\u1ed1 s\u1ea3n ph\u1ea9m v\u00e0 c\u00f4ng ngh\u1ec7 t\u1ed1t li\u00ean quan \u0111\u1ebfn thi\u1ebft b\u1ecb m\u00f4i tr\u01b0\u1eddng.<\/span><\/p>\n<p class=\"brz-tp-lg-paragraph brz-css-bP8Sk\" data-generated-css=\"brz-css-tRqOX\" data-uniq-id=\"su8gR\"><span class=\"brz-cp-color7\">&nbsp;<\/span><\/p>\n<p class=\"brz-tp-lg-paragraph brz-css-b9LYm\" data-generated-css=\"brz-css-vMuci\" data-uniq-id=\"eCPpD\"><span class=\"brz-cp-color7\">Ch\u00fang t\u00f4i c\u0169ng c\u00f3 th\u1ec3 \u0111\u1ea3m b\u1ea3o m\u1ed9t ph\u1ea7n l\u1edbn ng\u00e2n s\u00e1ch \u0111\u1ec3 \u0111\u1ea7u t\u01b0 ph\u00e1t tri\u1ec3n doanh nghi\u1ec7p t\u1eeb ngu\u1ed3n ti\u1ec1n c\u00e1 nh\u00e2n c\u1ee7a m\u00ecnh.<\/span><\/p>\n<p class=\"brz-tp-lg-paragraph brz-css-dK8V1\" data-generated-css=\"brz-css-cuSSO\" data-uniq-id=\"c5iEj\"><span class=\"brz-cp-color7\">&nbsp;<\/span><\/p>\n<p class=\"brz-tp-lg-paragraph brz-css-g6S6M\" data-generated-css=\"brz-css-u0eYE\" data-uniq-id=\"lszkV\"><span class=\"brz-cp-color7\">Nh\u1eefng th\u00e0nh vi\u00ean \u0111\u1ea7u ti\u00ean c\u1ee7a C\u00f4ng ty TNHH Aqua Green Eternal m\u1edbi th\u00e0nh l\u1eadp c\u0169ng l\u00e0 nh\u1eefng ng\u01b0\u1eddi xu\u1ea5t s\u1eafc v\u00e0 ch\u00e2n th\u00e0nh.<\/span><\/p>\n<p class=\"brz-tp-lg-paragraph brz-css-zEILe\" data-generated-css=\"brz-css-p1MsH\" data-uniq-id=\"i8ipQ\"><span class=\"brz-cp-color7\">&nbsp;<\/span><\/p>\n<p class=\"brz-tp-lg-paragraph brz-css-iDFs4\" data-generated-css=\"brz-css-ifdWT\" data-uniq-id=\"p9ZxN\"><span class=\"brz-cp-color7\">L\u1ef1a ch\u1ecdn \u1ee9ng vi\u00ean c\u1ee7a t\u00f4i h\u01b0\u1edbng \u0111\u1ebfn nh\u1eefng ng\u01b0\u1eddi tr\u1ebb \u0111\u00e1ng m\u1ebfn, c\u00f3 t\u00e0i n\u0103ng v\u00e0 trung th\u1ef1c, nh\u01b0ng c\u0169ng h\u01a1i v\u1ee5ng v\u1ec1 v\u00e0 lu\u00f4n c\u00f3 v\u1ebb l\u00e0 ng\u01b0\u1eddi thua cu\u1ed9c.<\/span><\/p>\n<p class=\"brz-tp-lg-paragraph brz-css-qsqVg\" data-generated-css=\"brz-css-nL3O9\" data-uniq-id=\"qt7Nd\"><span class=\"brz-cp-color7\">B\u1edfi v\u00ec c\u00f3 v\u1ebb nh\u01b0 Ch\u00faa c\u0169ng th\u00edch h\u1ecd.<\/span><\/p>\n<p class=\"brz-tp-lg-paragraph brz-css-eXqyU\" data-generated-css=\"brz-css-dNh5j\" data-uniq-id=\"bpY7C\"><span class=\"brz-cp-color7\">&nbsp;<\/span><\/p>\n<p class=\"brz-tp-lg-paragraph brz-css-uhnAU\" data-generated-css=\"brz-css-wSBnj\" data-uniq-id=\"gbt_0\"><span class=\"brz-cp-color7\">C\u1ea3 hai ch\u00fang t\u00f4i \u0111\u1ec1u b\u1eaft \u0111\u1ea7u t\u1eeb con s\u1ed1 kh\u00f4ng, v\u1edbi hy v\u1ecdng r\u1eb1ng n\u01b0\u1edbc v\u00e0 thi\u00ean nhi\u00ean s\u1ebd m\u00e3i m\u00e3i d\u1ed3i d\u00e0o.<\/span><\/p>\n<p class=\"brz-tp-lg-paragraph brz-css-nQzIw\" data-generated-css=\"brz-css-lbSA6\" data-uniq-id=\"f8s2u\"><span class=\"brz-cp-color7\">Ch\u00fang t\u00f4i s\u1ebd b\u1eaft \u0111\u1ea7u c\u00e1c ho\u1ea1t \u0111\u1ed9ng c\u1ee7a Aqua Green Eternal.<\/span><\/p>\n<p class=\"brz-tp-lg-paragraph brz-css-gu7N8\" data-generated-css=\"brz-css-wL5q2\" data-uniq-id=\"fmxNF\"><span class=\"brz-cp-color7\">&nbsp;<\/span><\/p>\n<p class=\"brz-tp-lg-paragraph brz-css-crbKI\" data-generated-css=\"brz-css-tXRZn\" data-uniq-id=\"eTuY7\"><span class=\"brz-cp-color7\">Ch\u00fang t\u00f4i hy v\u1ecdng \u0111\u01b0\u1ee3c h\u1ee3p t\u00e1c kh\u00f4ng ch\u1ec9 v\u1edbi doanh nghi\u1ec7p m\u00e0 c\u00f2n v\u1edbi nh\u1eefng c\u00e1 nh\u00e2n v\u00e0 t\u1ed5 ch\u1ee9c chia s\u1ebb nh\u1eefng l\u00fd t\u01b0\u1edfng n\u00e0y.<\/span><\/p>\n<p class=\"brz-tp-lg-paragraph brz-css-iokby\" data-generated-css=\"brz-css-hxDYx\" data-uniq-id=\"oKNG9\"><span class=\"brz-cp-color7\">Xin vui l\u00f2ng li\u00ean h\u1ec7 v\u1edbi ch\u00fang t\u00f4i.<\/span><\/p>\n<p class=\"brz-tp-lg-paragraph brz-css-qXpEZ\" data-generated-css=\"brz-css-p_iSw\" data-uniq-id=\"kWcag\"><span class=\"brz-cp-color7\">C\u1ea3m \u01a1n s\u1ef1 h\u1ee3p t\u00e1c c\u1ee7a b\u1ea1n r\u1ea5t nhi\u1ec1u.<\/span><\/p>\n<\/div>\n<\/div>\n<\/div>\n<\/div>\n<\/div>\n<\/div>\n<\/div>\n<\/div>\n<\/div>\n<\/section>\n<\/div>\n<p>    <!-- version:1732148600 --><\/p>","protected":false},"excerpt":{"rendered":"<p>\u4eba\u6750\u80b2\u6210\u306e\u7406\u5ff5 \u4eba\u6750\u80b2\u6210\u3068\u305d\u306e\u7406\u5ff5\u306b\u3064\u3044\u3066 \u3053\u306e\u90f7\u306f\u3001\u4e8b\u696d\u30fb\u7d4c\u55b6\u306e\u7814\u4fee\u30bb\u30f3\u30bf\u30fc\u7684\u306a\u8981\u7d20\u3092\u6301\u3061\u306a\u304c\u3089\u3001\u8c4a\u304b\u306a\u81ea\u7136\u3068\u5171\u306b\u66ae\u3089\u305b\u308b\u5834\u6240\u3067\u3059\u3002 \u5c45\u4f4f\u7a7a\u9593\u306f\u30ea\u30be\u30fc\u30c8\u30db\u30c6\u30eb\u306e\u3088\u3046\u3067\u3042\u308a\u3001\u90e8\u5c4b\u306e\u524d\u306b\u5404\u81ea\u306e\u8fb2\u5712\u3082\u4ed8\u5e2f\u3057\u307e\u3059\u3002 \u5c45\u4f4f\u30a8\u30ea\u30a2 [&hellip;]<\/p>\n","protected":false},"author":2,"featured_media":0,"parent":0,"menu_order":0,"comment_status":"closed","ping_status":"closed","template":"","meta":{"_acf_changed":false,"content-type":"","footnotes":""},"class_list":["post-228","page","type-page","status-publish","hentry"],"blocksy_meta":[],"acf":[],"aioseo_notices":[],"brizy_media":[{"id":1139,"url":"https:\/\/aquagreen-eternal.com\/wp-content\/uploads\/2024\/07\/b91c309ae31d25fe01b3f77b79b80c16-1248x802x90x0x1070x802x1682661979.jpg","name":"b91c309ae31d25fe01b3f77b79b80c16-1248x802x90x0x1070x802x1682661979.jpg","meta":{"brizy_attachment_uid":"wp-ba8ffb2f188a24356a5cdf49b8d807e9.jpg","brizy_post_uid":["88d22bc4740547deddc65373eddded3c"]}}],"_links":{"self":[{"href":"https:\/\/aquagreen-eternal.com\/vi\/wp-json\/wp\/v2\/pages\/228","targetHints":{"allow":["GET"]}}],"collection":[{"href":"https:\/\/aquagreen-eternal.com\/vi\/wp-json\/wp\/v2\/pages"}],"about":[{"href":"https:\/\/aquagreen-eternal.com\/vi\/wp-json\/wp\/v2\/types\/page"}],"author":[{"embeddable":true,"href":"https:\/\/aquagreen-eternal.com\/vi\/wp-json\/wp\/v2\/users\/2"}],"replies":[{"embeddable":true,"href":"https:\/\/aquagreen-eternal.com\/vi\/wp-json\/wp\/v2\/comments?post=228"}],"version-history":[{"count":10,"href":"https:\/\/aquagreen-eternal.com\/vi\/wp-json\/wp\/v2\/pages\/228\/revisions"}],"predecessor-version":[{"id":1363,"href":"https:\/\/aquagreen-eternal.com\/vi\/wp-json\/wp\/v2\/pages\/228\/revisions\/1363"}],"wp:attachment":[{"href":"https:\/\/aquagreen-eternal.com\/vi\/wp-json\/wp\/v2\/media?parent=228"}],"curies":[{"name":"trang web","href":"https:\/\/api.w.org\/{rel}","templated":true}]}}