{"id":3,"date":"2023-10-06T14:25:38","date_gmt":"2023-10-06T05:25:38","guid":{"rendered":"http:\/\/xs140193.xsrv.jp"},"modified":"2026-02-27T11:16:27","modified_gmt":"2026-02-27T02:16:27","slug":"privacy-policy","status":"publish","type":"page","link":"https:\/\/aquagreen-eternal.com\/vi\/privacy-policy\/","title":{"rendered":"Ch\u00ednh s\u00e1ch b\u1ea3o m\u1eadt"},"content":{"rendered":"<div class=\"brz-root__container brz-reset-all brz\">\n<section id=\"_ejSYh1o01HHt\" class=\"brz-section brz-css-baiap brz-css-kqNel\">\n<div class=\"brz-section__content brz-section--boxed brz-css-pQdn_ brz-css-b_Apl\" data-brz-custom-id=\"gMoTI7BIPNpZ\">\n<div class=\"brz-bg\">\n<div class=\"brz-bg-color\"><\/div>\n<\/div>\n<div class=\"brz-container brz-css-iS_Ju\">\n<div id=\"\" class=\"brz-css-ohJIv brz-wrapper\">\n<div class=\"brz-rich-text brz-rich-text__custom brz-css-spNkr\" data-brz-custom-id=\"cRgMDEMVtA3e\">\n<div data-brz-translate-text=\"1\">\n<h1 class=\"brz-text-lg-center brz-tp-lg-heading1 brz-css-tnKC3\" data-uniq-id=\"lieeb\" data-generated-css=\"brz-css-uRB2V\"><strong class=\"brz-cp-color7\">Ch\u00ednh s\u00e1ch b\u1ea3o m\u1eadt<\/strong><\/h1>\n<\/div>\n<\/div>\n<\/div>\n<\/div>\n<\/div>\n<\/section>\n<section id=\"_reuqwsbfmlkvelrsyijwbfdazgcmachzuvll\" class=\"brz-section brz-css-baiap\">\n<div class=\"brz-section__content brz-section--boxed brz-css-pQdn_\" data-brz-custom-id=\"mjofcmydqwjqolnuicwldjlobudqdddkohid\">\n<div class=\"brz-container brz-css-iS_Ju\">\n<div id=\"\" class=\"brz-css-ohJIv brz-wrapper\">\n<div class=\"brz-rich-text brz-rich-text__custom brz-css-spNkr\" data-brz-custom-id=\"gsriuhrttdafcrhslpeeaswwqgpmbdhagpqq\">\n<div data-brz-translate-text=\"1\">\n<p class=\"brz-tp-lg-paragraph brz-css-pSBZI\" data-uniq-id=\"ibrZb\" data-generated-css=\"brz-css-qbXb0\"><strong class=\"brz-cp-color7\" style=\"background-color: transparent\">&lt;M\u1ee5c \u0111\u00edch s\u1eed d\u1ee5ng th\u00f4ng tin c\u00e1 nh\u00e2n&gt;<\/strong><\/p>\n<p class=\"brz-tp-lg-paragraph brz-css-cTVSp\" data-uniq-id=\"yiZSL\" data-generated-css=\"brz-css-axitF\"><span class=\"brz-cp-color7\" style=\"background-color: transparent\">Ch\u00fang t\u00f4i s\u1ebd x\u1eed l\u00fd th\u00f4ng tin kh\u00e1ch h\u00e0ng thu \u0111\u01b0\u1ee3c th\u00f4ng qua vi\u1ec7c s\u1eed d\u1ee5ng d\u1ecbch v\u1ee5 c\u1ee7a ch\u00fang t\u00f4i m\u1ed9t c\u00e1ch ph\u00f9 h\u1ee3p v\u00e0 trong ph\u1ea1m vi c\u00e1c m\u1ee5c \u0111\u00edch \u0111\u01b0\u1ee3c n\u00eau d\u01b0\u1edbi \u0111\u00e2y, v\u00e0 s\u1ebd kh\u00f4ng s\u1eed d\u1ee5ng th\u00f4ng tin n\u00e0y v\u01b0\u1ee3t qu\u00e1 ph\u1ea1m vi c\u00e1c m\u1ee5c \u0111\u00edch \u0111\u00f3 m\u00e0 kh\u00f4ng c\u00f3 s\u1ef1 \u0111\u1ed3ng \u00fd c\u1ee7a kh\u00e1ch h\u00e0ng.<\/span><\/p>\n<p class=\"brz-tp-lg-paragraph brz-css-zXANK\" data-uniq-id=\"ipQAQ\" data-generated-css=\"brz-css-aINHQ\"><span class=\"brz-cp-color7\" style=\"background-color: transparent\">\u30fbX\u00e1c minh danh t\u00ednh<\/span><\/p>\n<p class=\"brz-tp-lg-paragraph brz-css-vwMT1\" data-uniq-id=\"cYvQS\" data-generated-css=\"brz-css-qelmN\"><span class=\"brz-cp-color7\" style=\"background-color: transparent\">\u30fbThanh to\u00e1n ph\u00ed s\u1eed d\u1ee5ng, ph\u00ed tr\u1ea3 ch\u1eadm, v.v.<\/span><\/p>\n<p class=\"brz-tp-lg-paragraph brz-css-kCmvB\" data-uniq-id=\"aR8oQ\" data-generated-css=\"brz-css-s_tdl\"><span class=\"brz-cp-color7\" style=\"background-color: transparent\">- C\u00e1c th\u00f4ng tin li\u00ean l\u1ea1c kh\u00e1c nhau li\u00ean quan \u0111\u1ebfn vi\u1ec7c s\u1eed d\u1ee5ng d\u1ecbch v\u1ee5<\/span><\/p>\n<p class=\"brz-tp-lg-paragraph brz-css-vUowZ\" data-uniq-id=\"viGTc\" data-generated-css=\"brz-css-sIgk5\"><span class=\"brz-cp-color7\" style=\"background-color: transparent\">\u30fbX\u00e1c minh s\u1ed1 t\u00e0i kho\u1ea3n t\u1ed5 ch\u1ee9c t\u00e0i ch\u00ednh v\u00e0 t\u00ednh h\u1ee3p l\u1ec7 c\u1ee7a th\u1ebb t\u00edn d\u1ee5ng khi th\u1ef1c hi\u1ec7n thanh to\u00e1n, v.v.<\/span><\/p>\n<p class=\"brz-tp-lg-paragraph brz-css-eNx4k\" data-uniq-id=\"vJlia\" data-generated-css=\"brz-css-jj3ik\"><span class=\"brz-cp-color7\" style=\"background-color: transparent\">\u30fbCung c\u1ea5p d\u1ecbch v\u1ee5, c\u1ea3i thi\u1ec7n ch\u1ea5t l\u01b0\u1ee3ng v\u00e0<\/span><\/p>\n<p class=\"brz-tp-lg-paragraph brz-css-dIriU\" data-uniq-id=\"mlhFj\" data-generated-css=\"brz-css-tnE9e\"><span class=\"brz-cp-color7\" style=\"background-color: transparent\">\u30fbTh\u00f4ng b\u00e1o v\u1ec1 vi\u1ec7c t\u1ea1m d\u1eebng, gi\u00e1n \u0111o\u1ea1n ho\u1eb7c ch\u1ea5m d\u1ee9t h\u1ee3p \u0111\u1ed3ng d\u1ecbch v\u1ee5<\/span><\/p>\n<p class=\"brz-tp-lg-paragraph brz-css-pstFd\" data-uniq-id=\"rld4f\" data-generated-css=\"brz-css-eeKWs\"><span class=\"brz-cp-color7\" style=\"background-color: transparent\">\u30fbPh\u1ea3n h\u1ed3i v\u00e0 ng\u0103n ch\u1eb7n c\u00e1c h\u00e0nh vi vi ph\u1ea1m \u0111i\u1ec1u kho\u1ea3n s\u1eed d\u1ee5ng d\u1ecbch v\u1ee5<\/span><\/p>\n<p class=\"brz-tp-lg-paragraph brz-css-uYfaR\" data-uniq-id=\"ubeFJ\" data-generated-css=\"brz-css-dBBJl\"><span class=\"brz-cp-color7\" style=\"background-color: transparent\">\u30fbTh\u00f4ng b\u00e1o v\u1ec1 nh\u1eefng thay \u0111\u1ed5i \u0111\u1ed1i v\u1edbi c\u00e1c \u0111i\u1ec1u kho\u1ea3n, \u0111i\u1ec1u ki\u1ec7n, ch\u00ednh s\u00e1ch, v.v. c\u1ee7a ch\u00fang t\u00f4i li\u00ean quan \u0111\u1ebfn d\u1ecbch v\u1ee5<\/span><\/p>\n<p class=\"brz-tp-lg-paragraph brz-css-tP1wz\" data-uniq-id=\"acNRK\" data-generated-css=\"brz-css-xY6Z8\"><span class=\"brz-cp-color7\" style=\"background-color: transparent\">\u30fbPh\u1ea3n h\u1ed3i c\u00e1c tranh ch\u1ea5p, ki\u1ec7n t\u1ee5ng, v.v.<\/span><\/p>\n<p class=\"brz-tp-lg-paragraph brz-css-y3ddx\" data-uniq-id=\"rhheZ\" data-generated-css=\"brz-css-g8VX1\"><span class=\"brz-cp-color7\" style=\"background-color: transparent\">\u30fbCung c\u1ea5p th\u00f4ng tin v\u1ec1 d\u1ecbch v\u1ee5 v\u00e0 tr\u1ea3 l\u1eddi c\u00e1c c\u00e2u h\u1ecfi, v.v.<\/span><\/p>\n<p class=\"brz-tp-lg-paragraph brz-css-wj0Fl\" data-uniq-id=\"b1ge6\" data-generated-css=\"brz-css-gfLnR\"><span class=\"brz-cp-color7\" style=\"background-color: transparent\">\u30fbG\u1eedi t\u00e0i li\u1ec7u, th\u01b0 tr\u1ef1c ti\u1ebfp, email v\u00e0 gi\u1edbi thi\u1ec7u s\u1ea3n ph\u1ea9m v\u00e0 d\u1ecbch v\u1ee5 qua \u0111i\u1ec7n tho\u1ea1i<\/span><\/p>\n<p class=\"brz-tp-lg-paragraph brz-css-gijjr\" data-uniq-id=\"eXwdH\" data-generated-css=\"brz-css-gZYCK\"><span class=\"brz-cp-color7\" style=\"background-color: transparent\">C\u00f4ng ty c\u00f3 th\u1ec3 thay \u0111\u1ed5i m\u1ee5c \u0111\u00edch s\u1eed d\u1ee5ng \u0111\u01b0\u1ee3c n\u00eau trong \u0111o\u1ea1n tr\u01b0\u1edbc trong ph\u1ea1m vi \u0111\u01b0\u1ee3c coi l\u00e0 h\u1ee3p l\u00fd li\u00ean quan \u0111\u1ebfn m\u1ee5c \u0111\u00edch s\u1eed d\u1ee5ng tr\u01b0\u1edbc khi thay \u0111\u1ed5i v\u00e0 trong tr\u01b0\u1eddng h\u1ee3p thay \u0111\u1ed5i nh\u01b0 v\u1eady, C\u00f4ng ty s\u1ebd th\u00f4ng b\u00e1o cho b\u1ea1n ho\u1eb7c c\u00f4ng b\u1ed1 thay \u0111\u1ed5i theo c\u00e1ch th\u1ee9c do C\u00f4ng ty x\u00e1c \u0111\u1ecbnh ri\u00eang.<\/span><\/p>\n<p class=\"brz-tp-lg-paragraph brz-css-fZaTA\" data-uniq-id=\"o7QlX\" data-generated-css=\"brz-css-n8O4a\"><strong class=\"brz-cp-color7\" style=\"background-color: transparent\"> <\/strong><\/p>\n<p class=\"brz-tp-lg-paragraph brz-css-o6VWX\" data-uniq-id=\"fiUvq\" data-generated-css=\"brz-css-rn99K\"><strong class=\"brz-cp-color7\" style=\"background-color: transparent\"> <\/strong><\/p>\n<p class=\"brz-tp-lg-paragraph brz-css-ssY4h\" data-uniq-id=\"ugRMJ\" data-generated-css=\"brz-css-rOAvD\"><strong class=\"brz-cp-color7\" style=\"background-color: transparent\">&lt;Ch\u00ednh s\u00e1ch Cookie&gt;<\/strong><\/p>\n<p class=\"brz-tp-lg-paragraph brz-css-rIHOr\" data-uniq-id=\"oFlfS\" data-generated-css=\"brz-css-jz2TG\"><span class=\"brz-cp-color7\">Ch\u00fang t\u00f4i s\u1eed d\u1ee5ng cookie \u0111\u1ec3 c\u1ea3i thi\u1ec7n d\u1ecbch v\u1ee5 cho kh\u00e1ch h\u00e0ng c\u0169ng nh\u01b0 \u0111\u1ec3 qu\u1ea3ng c\u00e1o v\u00e0 khuy\u1ebfn m\u1ea1i s\u1ea3n ph\u1ea9m c\u1ee7a ch\u00fang t\u00f4i.<\/span><\/p>\n<p class=\"brz-tp-lg-paragraph brz-css-un55l\" data-uniq-id=\"pYBHs\" data-generated-css=\"brz-css-cdcQk\"><span class=\"brz-cp-color7\">Cookie l\u00e0 m\u1ed9t c\u01a1 ch\u1ebf l\u01b0u tr\u1eef l\u1ecbch s\u1eed s\u1eed d\u1ee5ng v\u00e0 n\u1ed9i dung \u0111\u1ea7u v\u00e0o \u0111\u01b0\u1ee3c g\u1eedi v\u00e0 nh\u1eadn gi\u1eefa ph\u1ea7n m\u1ec1m duy\u1ec7t web (tr\u00ecnh duy\u1ec7t) v\u00e0 m\u00e1y ch\u1ee7 d\u01b0\u1edbi d\u1ea1ng t\u1ec7p tr\u00ean m\u00e1y t\u00ednh c\u1ee7a kh\u00e1ch h\u00e0ng khi s\u1eed d\u1ee5ng trang web. N\u1ebfu kh\u00e1ch h\u00e0ng \u0111\u00e3 cho ph\u00e9p g\u1eedi v\u00e0 nh\u1eadn cookie trong c\u00e0i \u0111\u1eb7t tr\u00ecnh duy\u1ec7t, C\u00f4ng ty c\u00f3 th\u1ec3 truy xu\u1ea5t cookie \u0111\u01b0\u1ee3c l\u01b0u tr\u1eef tr\u00ean m\u00e1y t\u00ednh c\u1ee7a kh\u00e1ch h\u00e0ng v\u00e0 li\u00ean k\u1ebft l\u1ecbch s\u1eed h\u00e0nh vi \u0111\u00e3 thu th\u1eadp v\u1edbi th\u00f4ng tin c\u00e1 nh\u00e2n. Ngo\u00e0i ra, C\u00f4ng ty c\u00f3 th\u1ec3 tham chi\u1ebfu \u0111\u1ebfn cookie \u0111\u01b0\u1ee3c l\u01b0u tr\u1eef tr\u00ean m\u00e1y t\u00ednh c\u1ee7a kh\u00e1ch h\u00e0ng th\u00f4ng qua b\u00ean th\u1ee9 ba m\u00e0 C\u00f4ng ty \u1ee7y th\u00e1c ph\u00e2n ph\u1ed1i qu\u1ea3ng c\u00e1o, v.v., ho\u1eb7c th\u00f4ng qua m\u1ed9t trang web kh\u00e1c ngo\u00e0i trang web n\u00e0y, \u0111\u1ec3 ph\u00e2n ph\u1ed1i qu\u1ea3ng c\u00e1o v\u00e0 qu\u1ea3ng b\u00e1 s\u1ea3n ph\u1ea9m c\u1ee7a C\u00f4ng ty.<\/span><\/p>\n<p class=\"brz-tp-lg-paragraph brz-css-wrp1P\" data-uniq-id=\"iI0NN\" data-generated-css=\"brz-css-fXaZ2\"><span class=\"brz-cp-color7\">Kh\u00e1ch h\u00e0ng c\u00f3 th\u1ec3 ch\u1ecdn t\u1eeb c\u00e1c c\u00e0i \u0111\u1eb7t tr\u00ecnh duy\u1ec7t li\u00ean quan \u0111\u1ebfn vi\u1ec7c g\u1eedi v\u00e0 nh\u1eadn cookie, ch\u1eb3ng h\u1ea1n nh\u01b0 &quot;Cho ph\u00e9p cookie&quot;, &quot;T\u1eeb ch\u1ed1i cookie&quot;, &quot;Th\u00f4ng b\u00e1o khi nh\u1eadn \u0111\u01b0\u1ee3c cookie&quot;, v.v. N\u1ebfu b\u1ea1n ch\u1ecdn c\u00e0i \u0111\u1eb7t \u0111\u1ec3 t\u1eeb ch\u1ed1i cookie, b\u1ea1n c\u00f3 th\u1ec3 kh\u00f4ng nh\u1eadn \u0111\u01b0\u1ee3c m\u1ed9t s\u1ed1 d\u1ecbch v\u1ee5 do c\u00f4ng ty ch\u00fang t\u00f4i cung c\u1ea5p.<\/span><\/p>\n<p class=\"brz-tp-lg-paragraph brz-css-rNASA\" data-uniq-id=\"vt4Qk\" data-generated-css=\"brz-css-riEni\"><span class=\"brz-cp-color7\"> <\/span><\/p>\n<p class=\"brz-tp-lg-paragraph brz-text-lg-right brz-css-yi5pC\" data-uniq-id=\"as4qF\" data-generated-css=\"brz-css-x_N3k\"><span class=\"brz-cp-color7\">C\u00f4ng ty TNHH Aqua Green Eternal<\/span><\/p>\n<p class=\"brz-tp-lg-paragraph brz-css-cbfYH\" data-uniq-id=\"zvH2N\" data-generated-css=\"brz-css-c21qe\"><\/p>\n<\/div>\n<\/div>\n<\/div>\n<\/div>\n<\/div>\n<\/section>\n<\/div>\n<p>    <!-- version:1731991382 --><\/p>","protected":false},"excerpt":{"rendered":"<p>\u30d7\u30e9\u30a4\u30d0\u30b7\u30fc\u30dd\u30ea\u30b7\u30fc \uff1c\u500b\u4eba\u60c5\u5831\u306e\u5229\u7528\u76ee\u7684\uff1e \u5f53\u793e\u306f\u3001\u30b5\u30fc\u30d3\u30b9\u306e\u5229\u7528\u3092\u901a\u3058\u3066\u53d6\u5f97\u3057\u305f\u304a\u5ba2\u69d8\u60c5\u5831\u3092\u3001\u4e0b\u8a18\u306e\u76ee\u7684\u306e\u7bc4\u56f2\u5185\u3067\u9069\u6b63\u306b\u53d6\u308a\u6271\u3044\u3001\u304a\u5ba2\u69d8\u3054\u672c\u4eba\u306e\u540c\u610f\u306a\u304f\u5229\u7528\u76ee\u7684\u306e\u7bc4\u56f2\u3092\u8d85\u3048\u3066\u5229\u7528\u3059\u308b\u3053\u3068\u306f\u3042\u308a\u307e\u305b\u3093\u3002 \u30fb\u3054\u672c\u4eba\u69d8\u78ba\u8a8d [&hellip;]<\/p>\n","protected":false},"author":2,"featured_media":0,"parent":0,"menu_order":0,"comment_status":"closed","ping_status":"closed","template":"","meta":{"_acf_changed":false,"content-type":"","footnotes":""},"class_list":["post-3","page","type-page","status-publish","hentry"],"blocksy_meta":[],"acf":[],"aioseo_notices":[],"brizy_media":[],"_links":{"self":[{"href":"https:\/\/aquagreen-eternal.com\/vi\/wp-json\/wp\/v2\/pages\/3","targetHints":{"allow":["GET"]}}],"collection":[{"href":"https:\/\/aquagreen-eternal.com\/vi\/wp-json\/wp\/v2\/pages"}],"about":[{"href":"https:\/\/aquagreen-eternal.com\/vi\/wp-json\/wp\/v2\/types\/page"}],"author":[{"embeddable":true,"href":"https:\/\/aquagreen-eternal.com\/vi\/wp-json\/wp\/v2\/users\/2"}],"replies":[{"embeddable":true,"href":"https:\/\/aquagreen-eternal.com\/vi\/wp-json\/wp\/v2\/comments?post=3"}],"version-history":[{"count":5,"href":"https:\/\/aquagreen-eternal.com\/vi\/wp-json\/wp\/v2\/pages\/3\/revisions"}],"predecessor-version":[{"id":19721,"href":"https:\/\/aquagreen-eternal.com\/vi\/wp-json\/wp\/v2\/pages\/3\/revisions\/19721"}],"wp:attachment":[{"href":"https:\/\/aquagreen-eternal.com\/vi\/wp-json\/wp\/v2\/media?parent=3"}],"curies":[{"name":"trang web","href":"https:\/\/api.w.org\/{rel}","templated":true}]}}