{"id":892,"date":"2024-07-11T14:42:31","date_gmt":"2024-07-11T05:42:31","guid":{"rendered":"https:\/\/aquagreen-eternal.com\/?page_id=892"},"modified":"2026-02-27T14:55:41","modified_gmt":"2026-02-27T05:55:41","slug":"catalog","status":"publish","type":"page","link":"https:\/\/aquagreen-eternal.com\/vi\/catalog\/","title":{"rendered":"Y\u00eau c\u1ea7u m\u1ed9t danh m\u1ee5c"},"content":{"rendered":"<div class=\"brz-root__container brz-reset-all brz\">\n<section id=\"_i3NSv_76bZ03\" class=\"brz-section brz-css-iQmZo brz-css-k7Gm9\">\n<div class=\"brz-section__content brz-section--boxed brz-css-yUfA4 brz-css-hyGFk\" data-brz-custom-id=\"rawCvOwEGxkK\">\n<div class=\"brz-bg\">\n<div class=\"brz-bg-color\"><\/div>\n<\/div>\n<div class=\"brz-container brz-css-p2RKW\">\n<div id=\"\" class=\"brz-css-eN4M_ brz-wrapper\">\n<div class=\"brz-rich-text brz-rich-text__custom brz-css-eLdxI\" data-brz-custom-id=\"v9iv2dzMbzPs\">\n<div data-brz-translate-text=\"1\">\n<h1 class=\"brz-text-lg-center brz-tp-lg-heading1 brz-css-pRzDH\" data-uniq-id=\"a6RBA\" data-generated-css=\"brz-css-tUflq\"><strong class=\"brz-cp-color7\">Y\u00eau c\u1ea7u m\u1ed9t danh m\u1ee5c<\/strong><\/h1>\n<\/div>\n<\/div>\n<\/div>\n<\/div>\n<\/div>\n<\/section>\n<section id=\"_sZ4LKUMiid68\" class=\"brz-section brz-css-iQmZo\">\n<div class=\"brz-section__content brz-section--boxed brz-css-yUfA4 brz-css-e7nJt\" data-brz-custom-id=\"i5tJuOyQ53I3\">\n<div class=\"brz-container brz-css-p2RKW brz-css-vises\">\n<div id=\"\" class=\"brz-css-eN4M_ brz-wrapper\">\n<div class=\"brz-rich-text brz-rich-text__custom brz-css-eLdxI\" data-brz-custom-id=\"bwT_kxgd1OJr\">\n<div data-brz-translate-text=\"1\">\n<p class=\"brz-text-lg-justify brz-tp-lg-paragraph brz-css-toJQf\" data-generated-css=\"brz-css-t7lin\" data-uniq-id=\"piWaU\"><span class=\"brz-cp-color7\">Vui l\u00f2ng \u0111i\u1ec1n th\u00f4ng tin c\u1ea7n thi\u1ebft v\u00e0o m\u1eabu d\u01b0\u1edbi \u0111\u00e2y. Ch\u00fang t\u00f4i s\u1ebd g\u1eedi cho b\u1ea1n danh m\u1ee5c qua email. N\u1ebfu b\u1ea1n kh\u00f4ng t\u00ecm th\u1ea5y email, vui l\u00f2ng ki\u1ec3m tra th\u01b0 m\u1ee5c th\u01b0 r\u00e1c.<\/span><\/p>\n<\/div>\n<\/div>\n<\/div>\n<\/div>\n<\/div>\n<\/section>\n<section id=\"_qwBd9R4RMxRC\" class=\"brz-section brz-css-iQmZo\">\n<div class=\"brz-section__content brz-section--boxed brz-css-yUfA4 brz-css-pL7XZ\" data-brz-custom-id=\"tC741FWKJwq7\">\n<div class=\"brz-container brz-css-p2RKW brz-css-zTICn\">\n<div id=\"\" class=\"brz-css-eN4M_ brz-wrapper\">\n<div class=\"brz-wp-shortcode brz-css-hGnMv\" data-brz-custom-id=\"f9mFiDWPIp8u\">\n<div>\n<div class=\"wpcf7 no-js\" id=\"wpcf7-f904-o1\" lang=\"ja\" dir=\"ltr\" data-wpcf7-id=\"904\">\n<div class=\"screen-reader-response\"><p role=\"status\" aria-live=\"polite\" aria-atomic=\"true\"><\/p> <ul><\/ul><\/div>\n<form action=\"\/vi\/wp-json\/wp\/v2\/pages\/892#wpcf7-f904-o1\" method=\"post\" class=\"wpcf7-form init\" aria-label=\"Bi\u1ec3u m\u1eabu li\u00ean h\u1ec7\" novalidate=\"novalidate\" data-status=\"init\" data-trp-original-action=\"\/vi\/wp-json\/wp\/v2\/pages\/892#wpcf7-f904-o1\">\n<fieldset class=\"hidden-fields-container\"><input type=\"hidden\" name=\"_wpcf7\" value=\"904\" \/><input type=\"hidden\" name=\"_wpcf7_version\" value=\"6.1.5\" \/><input type=\"hidden\" name=\"_wpcf7_locale\" value=\"ja\" \/><input type=\"hidden\" name=\"_wpcf7_unit_tag\" value=\"wpcf7-f904-o1\" \/><input type=\"hidden\" name=\"_wpcf7_container_post\" value=\"0\" \/><input type=\"hidden\" name=\"_wpcf7_posted_data_hash\" value=\"\" \/>\n<\/fieldset>\n<table class=\"contact\">\n\t<tr>\n\t\t<td>\n\t\t\t<p>T\u00ean c\u00f4ng ty<span class=\"req\">*<\/span>\n\t\t\t<\/p>\n\t\t<\/td>\n\t\t<td>\n\t\t\t<p><span class=\"wpcf7-form-control-wrap\" data-name=\"your-company\"><input size=\"40\" maxlength=\"400\" class=\"wpcf7-form-control wpcf7-text wpcf7-validates-as-required\" aria-required=\"true\" aria-invalid=\"false\" value=\"\" type=\"text\" name=\"your-company\" \/><\/span>\n\t\t\t<\/p>\n\t\t<\/td>\n\t<\/tr>\n\t<tr>\n\t\t<td>\n\t\t\t<p>T\u00ean<span class=\"req\">*<\/span>\n\t\t\t<\/p>\n\t\t<\/td>\n\t\t<td>\n\t\t\t<p><span class=\"wpcf7-form-control-wrap\" data-name=\"your-name\"><input size=\"40\" maxlength=\"400\" class=\"wpcf7-form-control wpcf7-text wpcf7-validates-as-required\" aria-required=\"true\" aria-invalid=\"false\" value=\"\" type=\"text\" name=\"your-name\" \/><\/span>\n\t\t\t<\/p>\n\t\t<\/td>\n\t<\/tr>\n\t<tr>\n\t\t<td>\n\t\t\t<p>s\u1ed1 \u0111i\u1ec7n tho\u1ea1i<span class=\"req\">*<\/span>\n\t\t\t<\/p>\n\t\t<\/td>\n\t\t<td>\n\t\t\t<p><span class=\"wpcf7-form-control-wrap\" data-name=\"your-tel\"><input size=\"40\" maxlength=\"400\" class=\"wpcf7-form-control wpcf7-tel wpcf7-validates-as-required wpcf7-text wpcf7-validates-as-tel\" aria-required=\"true\" aria-invalid=\"false\" value=\"\" type=\"tel\" name=\"your-tel\" \/><\/span>\n\t\t\t<\/p>\n\t\t<\/td>\n\t<\/tr>\n\t<tr>\n\t\t<td>\n\t\t\t<p>\u0111\u1ecba ch\u1ec9 email<span class=\"req\">*<\/span>\n\t\t\t<\/p>\n\t\t<\/td>\n\t\t<td>\n\t\t\t<p><span class=\"wpcf7-form-control-wrap\" data-name=\"your-email\"><input size=\"40\" maxlength=\"400\" class=\"wpcf7-form-control wpcf7-email wpcf7-validates-as-required wpcf7-text wpcf7-validates-as-email\" aria-required=\"true\" aria-invalid=\"false\" value=\"\" type=\"email\" name=\"your-email\" \/><\/span>\n\t\t\t<\/p>\n\t\t<\/td>\n\t<\/tr>\n\t<tr>\n\t\t<td>\n\t\t\t<p>Danh m\u1ee5c y\u00eau c\u1ea7u<span class=\"req\">*<\/span>\n\t\t\t<\/p>\n\t\t<\/td>\n\t\t<td>\n\t\t\t<p><span class=\"wpcf7-form-control-wrap\" data-name=\"item\"><span class=\"wpcf7-form-control wpcf7-checkbox\"><span class=\"wpcf7-list-item first\"><label><input type=\"checkbox\" name=\"item[]\" value=\"\u7dcf\u5408\u30ab\u30bf\u30ed\u30b0\" \/><span class=\"wpcf7-list-item-label\">Danh m\u1ee5c chung<\/span><\/label><\/span><span class=\"wpcf7-list-item last\"><label><input type=\"checkbox\" name=\"item[]\" value=\"(\u8fb2\u696d\u30fb\u755c\u7523)\u7279\u7d04\u5e97\u30b7\u30b9\u30c6\u30e0\u30ab\u30bf\u30ed\u30b0\" \/><span class=\"wpcf7-list-item-label\">(N\u00f4ng nghi\u1ec7p v\u00e0 Ch\u0103n nu\u00f4i) Danh m\u1ee5c H\u1ec7 th\u1ed1ng \u0110\u1ea1i l\u00fd \u1ee6y quy\u1ec1n<\/span><\/label><\/span><\/span><\/span>\n\t\t\t<\/p>\n\t\t<\/td>\n\t<\/tr>\n\t<tr>\n\t\t<td colspan=\"2\">\n\t\t\t<p>&quot;Y\u00eau c\u1ea7u<a href=\"\/vi\/privacy-policy\/\" target=\"_blank\">X\u1eed l\u00fd th\u00f4ng tin c\u00e1 nh\u00e2n<\/a>Vui l\u00f2ng \u0111\u1ed3ng \u00fd v\u1edbi nh\u1eefng \u0111i\u1ec1u tr\u00ean tr\u01b0\u1edbc khi g\u1eedi.\n\t\t\t<\/p>\n\t\t<\/td>\n\t<\/tr>\n\t<tr>\n\t\t<td colspan=\"2\">\n\t\t\t<p><span class=\"wpcf7-form-control-wrap\" data-name=\"check\"><span class=\"wpcf7-form-control wpcf7-checkbox wpcf7-validates-as-required\"><span class=\"wpcf7-list-item first last\"><input type=\"checkbox\" name=\"check[]\" value=\"\u540c\u610f\u3059\u308b\" \/><span class=\"wpcf7-list-item-label\">\u0111\u1ed3ng \u00fd<\/span><\/span><\/span><\/span>\n\t\t\t<\/p>\n\t\t<\/td>\n\t<\/tr>\n\t<tr class=\"sub_btn\">\n\t\t<td colspan=\"2\">\n\t\t<div class=\"wpcf7-turnstile cf-turnstile\" data-sitekey=\"0x4AAAAAAB6PAltWiZW1mP6O\" data-response-field-name=\"_wpcf7_turnstile_response\"><\/div>\n\t\t\t<p><input class=\"wpcf7-form-control wpcf7-submit has-spinner\" type=\"submit\" value=\"g\u1eedi\" \/>\n\t\t\t<\/p>\n\t\t<\/td>\n\t<\/tr>\n<\/table>\n<p><script>\ndocument.addEventListener( 'wpcf7mailsent', function( event ) {\n location = 'https:\/\/aquagreen-eternal.com\/catalog\/catalog-thanks\/';\n}, false );\n<\/script>\n<\/p><div class=\"wpcf7-response-output\" aria-hidden=\"true\"><\/div>\n<input type=\"hidden\" name=\"trp-form-language\" value=\"vi\"\/><\/form>\n<\/div>\n<\/div>\n<\/div>\n<\/div>\n<\/div>\n<\/div>\n<\/section>\n<\/div>\n<p>    <!-- version:1731980282 --><\/p>","protected":false},"excerpt":{"rendered":"<p>\u0110\u1ec3 y\u00eau c\u1ea7u catalog, vui l\u00f2ng \u0111i\u1ec1n v\u00e0o m\u1eabu b\u00ean d\u01b0\u1edbi. Ch\u00fang t\u00f4i s\u1ebd g\u1eedi catalog cho b\u1ea1n qua email. N\u1ebfu b\u1ea1n kh\u00f4ng nh\u1eadn \u0111\u01b0\u1ee3c email, vui l\u00f2ng ki\u1ec3m tra th\u01b0 m\u1ee5c spam.<\/p>","protected":false},"author":2,"featured_media":0,"parent":0,"menu_order":0,"comment_status":"closed","ping_status":"closed","template":"","meta":{"_acf_changed":false,"content-type":"","footnotes":""},"class_list":["post-892","page","type-page","status-publish","hentry"],"blocksy_meta":[],"acf":[],"aioseo_notices":[],"brizy_media":[],"_links":{"self":[{"href":"https:\/\/aquagreen-eternal.com\/vi\/wp-json\/wp\/v2\/pages\/892","targetHints":{"allow":["GET"]}}],"collection":[{"href":"https:\/\/aquagreen-eternal.com\/vi\/wp-json\/wp\/v2\/pages"}],"about":[{"href":"https:\/\/aquagreen-eternal.com\/vi\/wp-json\/wp\/v2\/types\/page"}],"author":[{"embeddable":true,"href":"https:\/\/aquagreen-eternal.com\/vi\/wp-json\/wp\/v2\/users\/2"}],"replies":[{"embeddable":true,"href":"https:\/\/aquagreen-eternal.com\/vi\/wp-json\/wp\/v2\/comments?post=892"}],"version-history":[{"count":5,"href":"https:\/\/aquagreen-eternal.com\/vi\/wp-json\/wp\/v2\/pages\/892\/revisions"}],"predecessor-version":[{"id":906,"href":"https:\/\/aquagreen-eternal.com\/vi\/wp-json\/wp\/v2\/pages\/892\/revisions\/906"}],"wp:attachment":[{"href":"https:\/\/aquagreen-eternal.com\/vi\/wp-json\/wp\/v2\/media?parent=892"}],"curies":[{"name":"trang web","href":"https:\/\/api.w.org\/{rel}","templated":true}]}}